{"id":1722,"date":"2023-12-18T13:54:17","date_gmt":"2023-12-18T12:54:17","guid":{"rendered":"https:\/\/bicycool.pl\/?post_type=product&#038;p=1722"},"modified":"2024-12-03T12:02:27","modified_gmt":"2024-12-03T11:02:27","slug":"widelec-26-stalowy-1-17cm-czarny","status":"publish","type":"product","link":"https:\/\/bicycool.pl\/?product=widelec-26-stalowy-1-17cm-czarny","title":{"rendered":"Widelec 24&#8243; Stalowy 1&#8243; 17cm Czarny"},"content":{"rendered":"<h1 class=\"Product_product-title__BALAQ\">Widelec 24&#8243;<\/h1>\n<ul>\n<li>\n<h2><strong>System hamulcowy<\/strong> V-brake<\/h2>\n<\/li>\n<li>\n<h2><strong> Materia\u0142<\/strong> Stal<\/h2>\n<\/li>\n<li>\n<h2><strong> Rozmiar ko\u0142a<\/strong> 24&#8243;<\/h2>\n<\/li>\n<li>\n<h2><strong> \u015arednica rury wide\u0142kowej <\/strong>1&#8243; (25,5mm)<\/h2>\n<\/li>\n<li>\n<h2><strong>\u015arednica mocowania bie\u017cni\u00a0<\/strong>27mm<\/h2>\n<\/li>\n<li>\n<h2><strong>Monta\u017c osi<\/strong> 9&#215;100 mm<\/h2>\n<\/li>\n<li>\n<h2><strong> D\u0142ugo\u015b\u0107 rury sterowej<\/strong> 17cm<\/h2>\n<\/li>\n<li>\n<h2><strong>Stan <\/strong>Powystawowy, posiada bardzo delikatne ryski<\/h2>\n<\/li>\n<\/ul>\n","protected":false},"excerpt":{"rendered":"<p>Widelec 24&#8243; System hamulcowy V-brake Materia\u0142 Stal Rozmiar ko\u0142a 24&#8243; \u015arednica rury wide\u0142kowej 1&#8243; (25,5mm) \u015arednica mocowania bie\u017cni\u00a027mm Monta\u017c osi 9&#215;100 mm D\u0142ugo\u015b\u0107 rury sterowej 17cm Stan Powystawowy, posiada bardzo delikatne ryski<\/p>\n","protected":false},"featured_media":1724,"comment_status":"open","ping_status":"closed","template":"","meta":[],"product_brand":[],"product_cat":[27,85,187],"product_tag":[],"class_list":{"0":"post-1722","1":"product","2":"type-product","3":"status-publish","4":"has-post-thumbnail","6":"product_cat-czesci-nowe","7":"product_cat-outlet","8":"product_cat-widelce","9":"product_shipping_class-mala-paczka","11":"first","12":"instock","13":"shipping-taxable","14":"purchasable","15":"product-type-simple"},"_links":{"self":[{"href":"https:\/\/bicycool.pl\/index.php?rest_route=\/wp\/v2\/product\/1722","targetHints":{"allow":["GET"]}}],"collection":[{"href":"https:\/\/bicycool.pl\/index.php?rest_route=\/wp\/v2\/product"}],"about":[{"href":"https:\/\/bicycool.pl\/index.php?rest_route=\/wp\/v2\/types\/product"}],"replies":[{"embeddable":true,"href":"https:\/\/bicycool.pl\/index.php?rest_route=%2Fwp%2Fv2%2Fcomments&post=1722"}],"wp:featuredmedia":[{"embeddable":true,"href":"https:\/\/bicycool.pl\/index.php?rest_route=\/wp\/v2\/media\/1724"}],"wp:attachment":[{"href":"https:\/\/bicycool.pl\/index.php?rest_route=%2Fwp%2Fv2%2Fmedia&parent=1722"}],"wp:term":[{"taxonomy":"product_brand","embeddable":true,"href":"https:\/\/bicycool.pl\/index.php?rest_route=%2Fwp%2Fv2%2Fproduct_brand&post=1722"},{"taxonomy":"product_cat","embeddable":true,"href":"https:\/\/bicycool.pl\/index.php?rest_route=%2Fwp%2Fv2%2Fproduct_cat&post=1722"},{"taxonomy":"product_tag","embeddable":true,"href":"https:\/\/bicycool.pl\/index.php?rest_route=%2Fwp%2Fv2%2Fproduct_tag&post=1722"}],"curies":[{"name":"wp","href":"https:\/\/api.w.org\/{rel}","templated":true}]}}