{"id":174,"date":"2023-11-17T10:48:31","date_gmt":"2023-11-17T09:48:31","guid":{"rendered":"https:\/\/bicycool.pl\/?post_type=product&#038;p=174"},"modified":"2023-11-17T17:24:55","modified_gmt":"2023-11-17T16:24:55","slug":"zestaw-e-bike-race","status":"publish","type":"product","link":"https:\/\/bicycool.pl\/?product=zestaw-e-bike-race","title":{"rendered":"Zestaw e-bike RACE"},"content":{"rendered":"<h3><strong>W zestawie:<\/strong><\/h3>\n<p><strong>Ko\u0142o<\/strong> <strong>z silnikiem<\/strong> 2000w<\/p>\n<p><strong>Bateria<\/strong> bidonowa 16,5ah<\/p>\n<p><strong>\u0141adowarka<\/strong><\/p>\n<p><strong>Wy\u015bwietlacz<\/strong> LCD4<\/p>\n<p><strong>Sterownik do zestawu<\/strong><\/p>\n<p><strong>Akcesoria<\/strong> <strong>do monta\u017cu<\/strong><\/p>\n<p><strong>Przed zakupem skontaktuj si\u0119 z naszym serwisem w celu pomocy przy doborze odpowiedniego zestawu.<\/strong><\/p>\n","protected":false},"excerpt":{"rendered":"<p>Zestaw e-bike do mocnego roweru MTB<\/p>\n<p>Maksymalna pr\u0119dko\u015b\u0107 &#8211; 55km\/h<\/p>\n<p>Maksymalny zasi\u0119g -110km<\/p>\n","protected":false},"featured_media":167,"comment_status":"open","ping_status":"closed","template":"","meta":[],"product_brand":[],"product_cat":[32],"product_tag":[33,35,34],"class_list":{"0":"post-174","1":"product","2":"type-product","3":"status-publish","4":"has-post-thumbnail","6":"product_cat-przerobka-na-e-bike","7":"product_tag-e-bike","8":"product_tag-elektryfikacja","9":"product_tag-rower-elektryczny","10":"product_shipping_class-rower","12":"first","13":"onbackorder","14":"shipping-taxable","15":"purchasable","16":"product-type-simple"},"_links":{"self":[{"href":"https:\/\/bicycool.pl\/index.php?rest_route=\/wp\/v2\/product\/174","targetHints":{"allow":["GET"]}}],"collection":[{"href":"https:\/\/bicycool.pl\/index.php?rest_route=\/wp\/v2\/product"}],"about":[{"href":"https:\/\/bicycool.pl\/index.php?rest_route=\/wp\/v2\/types\/product"}],"replies":[{"embeddable":true,"href":"https:\/\/bicycool.pl\/index.php?rest_route=%2Fwp%2Fv2%2Fcomments&post=174"}],"wp:featuredmedia":[{"embeddable":true,"href":"https:\/\/bicycool.pl\/index.php?rest_route=\/wp\/v2\/media\/167"}],"wp:attachment":[{"href":"https:\/\/bicycool.pl\/index.php?rest_route=%2Fwp%2Fv2%2Fmedia&parent=174"}],"wp:term":[{"taxonomy":"product_brand","embeddable":true,"href":"https:\/\/bicycool.pl\/index.php?rest_route=%2Fwp%2Fv2%2Fproduct_brand&post=174"},{"taxonomy":"product_cat","embeddable":true,"href":"https:\/\/bicycool.pl\/index.php?rest_route=%2Fwp%2Fv2%2Fproduct_cat&post=174"},{"taxonomy":"product_tag","embeddable":true,"href":"https:\/\/bicycool.pl\/index.php?rest_route=%2Fwp%2Fv2%2Fproduct_tag&post=174"}],"curies":[{"name":"wp","href":"https:\/\/api.w.org\/{rel}","templated":true}]}}