{"id":175,"date":"2023-11-17T10:55:59","date_gmt":"2023-11-17T09:55:59","guid":{"rendered":"https:\/\/bicycool.pl\/?post_type=product&#038;p=175"},"modified":"2023-11-17T17:28:12","modified_gmt":"2023-11-17T16:28:12","slug":"montaz-zestawu-do-konwersji-na-e-bike","status":"publish","type":"product","link":"https:\/\/bicycool.pl\/?product=montaz-zestawu-do-konwersji-na-e-bike","title":{"rendered":"Monta\u017c zestawu do konwersji na e-bike"},"content":{"rendered":"<p><strong>US\u0141UGA &#8211; Monta\u017c jednego z trzech dost\u0119pnych zestaw\u00f3w do konwersji na rower elektryczny.\u00a0<\/strong><\/p>\n<p>Monta\u017c tylko i wy\u0142\u0105cznie do sprawnego roweru.<\/p>\n<p>W przypadku oceny stanu Twojego roweru skonsultuj si\u0119 z naszym serwisantem kt\u00f3ry zaproponuje niezb\u0119dne dzia\u0142ania.<\/p>\n","protected":false},"excerpt":{"rendered":"<p>Monta\u017c zestawu City, Medium, Race<\/p>\n","protected":false},"featured_media":12,"comment_status":"open","ping_status":"closed","template":"","meta":[],"product_brand":[],"product_cat":[32],"product_tag":[],"class_list":{"0":"post-175","1":"product","2":"type-product","3":"status-publish","4":"has-post-thumbnail","6":"product_cat-przerobka-na-e-bike","8":"first","9":"instock","10":"shipping-taxable","11":"purchasable","12":"product-type-simple"},"_links":{"self":[{"href":"https:\/\/bicycool.pl\/index.php?rest_route=\/wp\/v2\/product\/175","targetHints":{"allow":["GET"]}}],"collection":[{"href":"https:\/\/bicycool.pl\/index.php?rest_route=\/wp\/v2\/product"}],"about":[{"href":"https:\/\/bicycool.pl\/index.php?rest_route=\/wp\/v2\/types\/product"}],"replies":[{"embeddable":true,"href":"https:\/\/bicycool.pl\/index.php?rest_route=%2Fwp%2Fv2%2Fcomments&post=175"}],"wp:featuredmedia":[{"embeddable":true,"href":"https:\/\/bicycool.pl\/index.php?rest_route=\/wp\/v2\/media\/12"}],"wp:attachment":[{"href":"https:\/\/bicycool.pl\/index.php?rest_route=%2Fwp%2Fv2%2Fmedia&parent=175"}],"wp:term":[{"taxonomy":"product_brand","embeddable":true,"href":"https:\/\/bicycool.pl\/index.php?rest_route=%2Fwp%2Fv2%2Fproduct_brand&post=175"},{"taxonomy":"product_cat","embeddable":true,"href":"https:\/\/bicycool.pl\/index.php?rest_route=%2Fwp%2Fv2%2Fproduct_cat&post=175"},{"taxonomy":"product_tag","embeddable":true,"href":"https:\/\/bicycool.pl\/index.php?rest_route=%2Fwp%2Fv2%2Fproduct_tag&post=175"}],"curies":[{"name":"wp","href":"https:\/\/api.w.org\/{rel}","templated":true}]}}