{"id":1784,"date":"2023-12-19T15:31:28","date_gmt":"2023-12-19T14:31:28","guid":{"rendered":"https:\/\/bicycool.pl\/?post_type=product&#038;p=1784"},"modified":"2023-12-19T15:43:27","modified_gmt":"2023-12-19T14:43:27","slug":"amortyzator-widelec-sr-suntour-nrx-d-air-28","status":"publish","type":"product","link":"https:\/\/bicycool.pl\/?product=amortyzator-widelec-sr-suntour-nrx-d-air-28","title":{"rendered":"Amortyzator widelec SR SUNTOUR NRX-D AIR 28&#8243;"},"content":{"rendered":"<h1 class=\"Product_product-title__BALAQ\">SR SUNTOUR NRX-D AIR<\/h1>\n<p>&nbsp;<\/p>\n<ul>\n<li>\n<h2>O\u015b &#8211; 9x100mm<\/h2>\n<\/li>\n<li>\n<h2>\u015arednica ko\u0142a &#8211; 28&#8243;<\/h2>\n<\/li>\n<li>\n<h2>Skok &#8211; 80 mm<\/h2>\n<\/li>\n<li>\n<h2>Rura sterowa &#8211; 1.1\/8&#8243; &#8211; 1.1\/2&#8243;<\/h2>\n<\/li>\n<li>\n<h2>D\u0142ugo\u015b\u0107 rury sterowej &#8211; 23,5cm<\/h2>\n<\/li>\n<li>\n<h2>Stan &#8211; Nieu\u017cywany, powystawowy. Posiada ryski i obicia od z\u0142ego magazynowania.<\/h2>\n<\/li>\n<\/ul>\n","protected":false},"excerpt":{"rendered":"<p>SR SUNTOUR NRX-D AIR &nbsp; O\u015b &#8211; 9x100mm \u015arednica ko\u0142a &#8211; 28&#8243; Skok &#8211; 80 mm Rura sterowa &#8211; 1.1\/8&#8243; &#8211; 1.1\/2&#8243; D\u0142ugo\u015b\u0107 rury sterowej &#8211; 23,5cm Stan &#8211; Nieu\u017cywany, powystawowy. Posiada ryski i obicia od z\u0142ego magazynowania.<\/p>\n","protected":false},"featured_media":1785,"comment_status":"open","ping_status":"closed","template":"","meta":[],"product_brand":[],"product_cat":[166,27,85],"product_tag":[],"class_list":{"0":"post-1784","1":"product","2":"type-product","3":"status-publish","4":"has-post-thumbnail","6":"product_cat-amortyzatory-i-dampery","7":"product_cat-czesci-nowe","8":"product_cat-outlet","9":"product_shipping_class-mala-paczka","11":"first","12":"instock","13":"shipping-taxable","14":"purchasable","15":"product-type-simple"},"_links":{"self":[{"href":"https:\/\/bicycool.pl\/index.php?rest_route=\/wp\/v2\/product\/1784","targetHints":{"allow":["GET"]}}],"collection":[{"href":"https:\/\/bicycool.pl\/index.php?rest_route=\/wp\/v2\/product"}],"about":[{"href":"https:\/\/bicycool.pl\/index.php?rest_route=\/wp\/v2\/types\/product"}],"replies":[{"embeddable":true,"href":"https:\/\/bicycool.pl\/index.php?rest_route=%2Fwp%2Fv2%2Fcomments&post=1784"}],"wp:featuredmedia":[{"embeddable":true,"href":"https:\/\/bicycool.pl\/index.php?rest_route=\/wp\/v2\/media\/1785"}],"wp:attachment":[{"href":"https:\/\/bicycool.pl\/index.php?rest_route=%2Fwp%2Fv2%2Fmedia&parent=1784"}],"wp:term":[{"taxonomy":"product_brand","embeddable":true,"href":"https:\/\/bicycool.pl\/index.php?rest_route=%2Fwp%2Fv2%2Fproduct_brand&post=1784"},{"taxonomy":"product_cat","embeddable":true,"href":"https:\/\/bicycool.pl\/index.php?rest_route=%2Fwp%2Fv2%2Fproduct_cat&post=1784"},{"taxonomy":"product_tag","embeddable":true,"href":"https:\/\/bicycool.pl\/index.php?rest_route=%2Fwp%2Fv2%2Fproduct_tag&post=1784"}],"curies":[{"name":"wp","href":"https:\/\/api.w.org\/{rel}","templated":true}]}}