{"id":1787,"date":"2023-12-19T15:45:20","date_gmt":"2023-12-19T14:45:20","guid":{"rendered":"https:\/\/bicycool.pl\/?post_type=product&#038;p=1787"},"modified":"2023-12-19T15:52:08","modified_gmt":"2023-12-19T14:52:08","slug":"amortyzator-widelec-sr-suntour-xcr-34mm-air-275-taper","status":"publish","type":"product","link":"https:\/\/bicycool.pl\/?product=amortyzator-widelec-sr-suntour-xcr-34mm-air-275-taper","title":{"rendered":"Amortyzator widelec SR SUNTOUR XCR 34mm AIR 27,5&#8243; Taper"},"content":{"rendered":"<h1 class=\"Product_product-title__BALAQ\">Amortyzator SR SUNTOUR XCR AIR<\/h1>\n<p>&nbsp;<\/p>\n<ul>\n<li>\n<h2>O\u015b &#8211; 15&#215;110 Boost<\/h2>\n<\/li>\n<li>\n<h2>\u015arednica ko\u0142a &#8211; 27,5&#8243;<\/h2>\n<\/li>\n<li>\n<h2>Skok &#8211; 120 mm<\/h2>\n<\/li>\n<li>\n<h2>Rura sterowa &#8211; 1.1\/8&#8243; &#8211; 1.1\/2&#8243;<\/h2>\n<\/li>\n<li>\n<h2>D\u0142ugo\u015b\u0107 rury sterowej &#8211; 27cm<\/h2>\n<\/li>\n<li>\n<h2>Komora powietrzna<\/h2>\n<\/li>\n<li>\n<h2>Stan &#8211; Nowy<\/h2>\n<\/li>\n<\/ul>\n","protected":false},"excerpt":{"rendered":"<p>Amortyzator SR SUNTOUR XCR AIR &nbsp; O\u015b &#8211; 15&#215;110 Boost \u015arednica ko\u0142a &#8211; 27,5&#8243; Skok &#8211; 120 mm Rura sterowa &#8211; 1.1\/8&#8243; &#8211; 1.1\/2&#8243; D\u0142ugo\u015b\u0107 rury sterowej &#8211; 27cm Komora powietrzna Stan &#8211; Nowy<\/p>\n","protected":false},"featured_media":1788,"comment_status":"open","ping_status":"closed","template":"","meta":[],"product_brand":[],"product_cat":[166,27],"product_tag":[],"class_list":{"0":"post-1787","1":"product","2":"type-product","3":"status-publish","4":"has-post-thumbnail","6":"product_cat-amortyzatory-i-dampery","7":"product_cat-czesci-nowe","8":"product_shipping_class-mala-paczka","10":"first","11":"instock","12":"shipping-taxable","13":"purchasable","14":"product-type-simple"},"_links":{"self":[{"href":"https:\/\/bicycool.pl\/index.php?rest_route=\/wp\/v2\/product\/1787","targetHints":{"allow":["GET"]}}],"collection":[{"href":"https:\/\/bicycool.pl\/index.php?rest_route=\/wp\/v2\/product"}],"about":[{"href":"https:\/\/bicycool.pl\/index.php?rest_route=\/wp\/v2\/types\/product"}],"replies":[{"embeddable":true,"href":"https:\/\/bicycool.pl\/index.php?rest_route=%2Fwp%2Fv2%2Fcomments&post=1787"}],"wp:featuredmedia":[{"embeddable":true,"href":"https:\/\/bicycool.pl\/index.php?rest_route=\/wp\/v2\/media\/1788"}],"wp:attachment":[{"href":"https:\/\/bicycool.pl\/index.php?rest_route=%2Fwp%2Fv2%2Fmedia&parent=1787"}],"wp:term":[{"taxonomy":"product_brand","embeddable":true,"href":"https:\/\/bicycool.pl\/index.php?rest_route=%2Fwp%2Fv2%2Fproduct_brand&post=1787"},{"taxonomy":"product_cat","embeddable":true,"href":"https:\/\/bicycool.pl\/index.php?rest_route=%2Fwp%2Fv2%2Fproduct_cat&post=1787"},{"taxonomy":"product_tag","embeddable":true,"href":"https:\/\/bicycool.pl\/index.php?rest_route=%2Fwp%2Fv2%2Fproduct_tag&post=1787"}],"curies":[{"name":"wp","href":"https:\/\/api.w.org\/{rel}","templated":true}]}}