{"id":1799,"date":"2023-12-19T16:21:31","date_gmt":"2023-12-19T15:21:31","guid":{"rendered":"https:\/\/bicycool.pl\/?post_type=product&#038;p=1799"},"modified":"2023-12-19T16:28:03","modified_gmt":"2023-12-19T15:28:03","slug":"amortyzator-widelec-treking-bike-26-1-1-8-gwint","status":"publish","type":"product","link":"https:\/\/bicycool.pl\/?product=amortyzator-widelec-treking-bike-26-1-1-8-gwint","title":{"rendered":"Amortyzator widelec TREKING BIKE 26&#8243; 1 1\/8&#8243; Gwint"},"content":{"rendered":"<h1 class=\"Product_product-title__BALAQ\">Amortyzator TREKING BIKE<\/h1>\n<p>&nbsp;<\/p>\n<ul>\n<li>\n<h2>O\u015b &#8211; 9x100mm<\/h2>\n<\/li>\n<li>\n<h2>Mocowanie hamulca &#8211; V-brake<\/h2>\n<\/li>\n<li>\n<h2>\u015arednica ko\u0142a &#8211; 26&#8243;<\/h2>\n<\/li>\n<li>\n<h2>Skok &#8211; 60mm<\/h2>\n<\/li>\n<li>\n<h2>Rura sterowa &#8211; 1 1\/8&#8243; (28,6mm) Gwint<\/h2>\n<\/li>\n<li>\n<h2>D\u0142ugo\u015b\u0107 rury sterowej &#8211; 17,5cm<\/h2>\n<\/li>\n<li>\n<h2>Stan &#8211; Nowy<\/h2>\n<\/li>\n<\/ul>\n","protected":false},"excerpt":{"rendered":"<p>Amortyzator TREKING BIKE &nbsp; O\u015b &#8211; 9x100mm Mocowanie hamulca &#8211; V-brake \u015arednica ko\u0142a &#8211; 26&#8243; Skok &#8211; 60mm Rura sterowa &#8211; 1 1\/8&#8243; (28,6mm) Gwint D\u0142ugo\u015b\u0107 rury sterowej &#8211; 17,5cm Stan &#8211; Nowy<\/p>\n","protected":false},"featured_media":1801,"comment_status":"open","ping_status":"closed","template":"","meta":[],"product_brand":[],"product_cat":[166,27],"product_tag":[],"class_list":{"0":"post-1799","1":"product","2":"type-product","3":"status-publish","4":"has-post-thumbnail","6":"product_cat-amortyzatory-i-dampery","7":"product_cat-czesci-nowe","8":"product_shipping_class-mala-paczka","10":"first","11":"instock","12":"shipping-taxable","13":"purchasable","14":"product-type-simple"},"_links":{"self":[{"href":"https:\/\/bicycool.pl\/index.php?rest_route=\/wp\/v2\/product\/1799","targetHints":{"allow":["GET"]}}],"collection":[{"href":"https:\/\/bicycool.pl\/index.php?rest_route=\/wp\/v2\/product"}],"about":[{"href":"https:\/\/bicycool.pl\/index.php?rest_route=\/wp\/v2\/types\/product"}],"replies":[{"embeddable":true,"href":"https:\/\/bicycool.pl\/index.php?rest_route=%2Fwp%2Fv2%2Fcomments&post=1799"}],"wp:featuredmedia":[{"embeddable":true,"href":"https:\/\/bicycool.pl\/index.php?rest_route=\/wp\/v2\/media\/1801"}],"wp:attachment":[{"href":"https:\/\/bicycool.pl\/index.php?rest_route=%2Fwp%2Fv2%2Fmedia&parent=1799"}],"wp:term":[{"taxonomy":"product_brand","embeddable":true,"href":"https:\/\/bicycool.pl\/index.php?rest_route=%2Fwp%2Fv2%2Fproduct_brand&post=1799"},{"taxonomy":"product_cat","embeddable":true,"href":"https:\/\/bicycool.pl\/index.php?rest_route=%2Fwp%2Fv2%2Fproduct_cat&post=1799"},{"taxonomy":"product_tag","embeddable":true,"href":"https:\/\/bicycool.pl\/index.php?rest_route=%2Fwp%2Fv2%2Fproduct_tag&post=1799"}],"curies":[{"name":"wp","href":"https:\/\/api.w.org\/{rel}","templated":true}]}}