{"id":1818,"date":"2023-12-20T17:02:32","date_gmt":"2023-12-20T16:02:32","guid":{"rendered":"https:\/\/bicycool.pl\/?post_type=product&#038;p=1818"},"modified":"2023-12-23T10:51:16","modified_gmt":"2023-12-23T09:51:16","slug":"rama-accent-point-29-s","status":"publish","type":"product","link":"https:\/\/bicycool.pl\/?product=rama-accent-point-29-s","title":{"rendered":"Rama ACCENT POINT 29&#8243; S"},"content":{"rendered":"<h1 class=\"Product_product-title__BALAQ\">Rama ACCENT POINT<\/h1>\n<p>&nbsp;<\/p>\n<ul>\n<li>\n<h2><strong>Sztyca &#8211;<\/strong>\u00a031,6 mm<\/h2>\n<\/li>\n<li>\n<h2><strong>Stery &#8211;<\/strong>\u00a0zintegrowane (IS42\/IS52)<\/h2>\n<\/li>\n<li>\n<h2><strong>Przerzutka przednia &#8211; <\/strong>34,9 mm<\/h2>\n<\/li>\n<li>\n<h2><strong>Mocowanie hamulca &#8211;<\/strong>\u00a0Post Mount (maks. \u015brednica tarczy 160 mm)<\/h2>\n<\/li>\n<li>\n<h2><strong>Szeroko\u015b\u0107 mufy suportu &#8211; <\/strong>73 mm<\/h2>\n<\/li>\n<li>\n<h2><strong>Typ mufy suportu &#8211;<\/strong>\u00a0BSA<\/h2>\n<\/li>\n<li>\n<h2><strong>Sztywna o\u015b &#8211;<\/strong>\u00a0tylna 142&#215;12 mm<\/h2>\n<\/li>\n<li>\n<h2><strong>Waga &#8211;<\/strong>\u00a02 kg<\/h2>\n<\/li>\n<li>\n<h2>Stan &#8211; NOWA, posiada delikatne ryski widoczne na zdj\u0119ciach<\/h2>\n<\/li>\n<\/ul>\n<p>&nbsp;<\/p>\n<div class=\"flex-1 overflow-hidden\">\n<div class=\"react-scroll-to-bottom--css-xnpal-79elbk h-full\">\n<div class=\"react-scroll-to-bottom--css-xnpal-1n7m0yu\">\n<div class=\"flex flex-col pb-9 text-sm\">\n<div class=\"w-full text-token-text-primary\" data-testid=\"conversation-turn-3\">\n<div class=\"px-4 py-2 justify-center text-base md:gap-6 m-auto\">\n<div class=\"flex flex-1 text-base mx-auto gap-3 md:px-5 lg:px-1 xl:px-5 md:max-w-3xl lg:max-w-[40rem] xl:max-w-[48rem] group final-completion\">\n<div class=\"relative flex w-full flex-col lg:w-[calc(100%-115px)] agent-turn\">\n<div class=\"flex-col gap-1 md:gap-3\">\n<div class=\"flex flex-grow flex-col max-w-full\">\n<div class=\"min-h-[20px] text-message flex flex-col items-start gap-3 whitespace-pre-wrap break-words [.text-message+&amp;]:mt-5 overflow-x-auto\" data-message-author-role=\"assistant\" data-message-id=\"bedba63e-812d-426d-b9c7-80af43b4a3b5\">\n<div class=\"markdown prose w-full break-words dark:prose-invert light\">\n<p>Sztywna rama z aluminium doskonale nadaje si\u0119 do stworzenia g\u00f3rala na ko\u0142ach 29\u201d. W terenie Point prezentuje si\u0119 jak w swoim naturalnym \u015brodowisku! Wykonana z wytrzyma\u0142ego aluminium 6061-T6, zaprojektowana z my\u015bl\u0105 o widelcu amortyzowanym o skoku 100 mm. Posiada o\u015b 12&#215;142 mm, co zwi\u0119ksza sztywno\u015b\u0107 na po\u0142\u0105czeniu ko\u0142o-rama.<\/p>\n<\/div>\n<\/div>\n<\/div>\n<div class=\"mt-1 flex justify-start gap-3 empty:hidden\">\n<div class=\"text-gray-400 flex self-end lg:self-center justify-center lg:justify-start mt-0 gap-1 visible\">\n<p>&nbsp;<\/p>\n<div class=\"flex items-center gap-1.5 text-xs\"><\/div>\n<\/div>\n<\/div>\n<\/div>\n<\/div>\n<\/div>\n<\/div>\n<\/div>\n<\/div>\n<\/div>\n<\/div>\n<\/div>\n<div class=\"w-full pt-2 md:pt-0 dark:border-white\/20 md:border-transparent md:dark:border-transparent md:w-[calc(100%-.5rem)]\">\n<form class=\"stretch mx-2 flex flex-row gap-3 last:mb-2 md:mx-4 md:last:mb-6 lg:mx-auto lg:max-w-2xl xl:max-w-3xl\">\n<div class=\"relative flex h-full flex-1 items-stretch md:flex-col\">\n<div class=\"flex w-full items-center\"><\/div>\n<\/div>\n<\/form>\n<\/div>\n","protected":false},"excerpt":{"rendered":"<p>Rama ACCENT POINT &nbsp; Sztyca &#8211;\u00a031,6 mm Stery &#8211;\u00a0zintegrowane (IS42\/IS52) Przerzutka przednia &#8211; 34,9 mm Mocowanie hamulca &#8211;\u00a0Post Mount (maks. \u015brednica tarczy 160 mm) Szeroko\u015b\u0107 mufy suportu &#8211; 73 mm Typ mufy suportu &#8211;\u00a0BSA Sztywna o\u015b &#8211;\u00a0tylna 142&#215;12 mm Waga &#8211;\u00a02 kg Stan &#8211; NOWA, posiada delikatne ryski widoczne na zdj\u0119ciach &nbsp; Sztywna rama z&hellip;<\/p>\n","protected":false},"featured_media":1822,"comment_status":"open","ping_status":"closed","template":"","meta":[],"product_brand":[],"product_cat":[27,85,192],"product_tag":[],"class_list":{"0":"post-1818","1":"product","2":"type-product","3":"status-publish","4":"has-post-thumbnail","6":"product_cat-czesci-nowe","7":"product_cat-outlet","8":"product_cat-ramy","9":"product_shipping_class-mala-paczka","11":"first","12":"instock","13":"sale","14":"shipping-taxable","15":"purchasable","16":"product-type-simple"},"_links":{"self":[{"href":"https:\/\/bicycool.pl\/index.php?rest_route=\/wp\/v2\/product\/1818","targetHints":{"allow":["GET"]}}],"collection":[{"href":"https:\/\/bicycool.pl\/index.php?rest_route=\/wp\/v2\/product"}],"about":[{"href":"https:\/\/bicycool.pl\/index.php?rest_route=\/wp\/v2\/types\/product"}],"replies":[{"embeddable":true,"href":"https:\/\/bicycool.pl\/index.php?rest_route=%2Fwp%2Fv2%2Fcomments&post=1818"}],"wp:featuredmedia":[{"embeddable":true,"href":"https:\/\/bicycool.pl\/index.php?rest_route=\/wp\/v2\/media\/1822"}],"wp:attachment":[{"href":"https:\/\/bicycool.pl\/index.php?rest_route=%2Fwp%2Fv2%2Fmedia&parent=1818"}],"wp:term":[{"taxonomy":"product_brand","embeddable":true,"href":"https:\/\/bicycool.pl\/index.php?rest_route=%2Fwp%2Fv2%2Fproduct_brand&post=1818"},{"taxonomy":"product_cat","embeddable":true,"href":"https:\/\/bicycool.pl\/index.php?rest_route=%2Fwp%2Fv2%2Fproduct_cat&post=1818"},{"taxonomy":"product_tag","embeddable":true,"href":"https:\/\/bicycool.pl\/index.php?rest_route=%2Fwp%2Fv2%2Fproduct_tag&post=1818"}],"curies":[{"name":"wp","href":"https:\/\/api.w.org\/{rel}","templated":true}]}}