{"id":187,"date":"2023-11-17T11:37:45","date_gmt":"2023-11-17T10:37:45","guid":{"rendered":"https:\/\/bicycool.pl\/?post_type=product&#038;p=187"},"modified":"2023-11-17T17:09:34","modified_gmt":"2023-11-17T16:09:34","slug":"kellys-arc-50","status":"publish","type":"product","link":"https:\/\/bicycool.pl\/?product=kellys-arc-50","title":{"rendered":"Kellys ARC 50"},"content":{"rendered":"<div class=\"container whitebox\">\n<h3>Kellys ARC 50<\/h3>\n<h4><\/h4>\n<h4>Specyfikacja:<\/h4>\n<\/div>\n<div class=\"container specs\">\n<ul>\n<li>\n<div class=\"spec__title\"><strong>RAMA<\/strong> KELLYS Endurance Concept, Aluminium alloy Disc \/ flat mount, tapered HT, internal routing<\/div>\n<\/li>\n<li>\n<div class=\"spec__title\"><strong>WIDELEC<\/strong> KELLYS Carbon Disc, 1.5 tapered steerer \/ post mount disc brake<\/div>\n<\/li>\n<li>\n<div class=\"spec__title\"><strong>KORBY<\/strong> SHIMANO RS510 (50x34T) &#8211; length 172.5 mm (S &#8211; M), 175 mm (L)<\/div>\n<\/li>\n<li>\n<div class=\"spec__title\"><strong>PRZERZUTKA TY\u0141<\/strong> SHIMANO 105 R7000 (direct mount)<\/div>\n<\/li>\n<li>\n<div class=\"spec__title\"><strong>PRZERZUTKA PRZ\u00d3D<\/strong> SHIMANO 105 R7000 (braze on)<\/div>\n<\/li>\n<li>\n<div class=\"spec__title\"><strong>MANETKI<\/strong> SHIMANO 105 ST-R7000 Dual Control<\/div>\n<\/li>\n<li>\n<div class=\"spec__title\"><strong>ILO\u015a\u0106 BIEG\u00d3W<\/strong> 22<\/div>\n<\/li>\n<li>\n<div class=\"spec__title\"><strong>KASETA<\/strong> SHIMANO CS-R7000-11 (11-32T)<\/div>\n<\/li>\n<li>\n<div class=\"spec__title\"><strong>\u0141A\u0143CUCH<\/strong> KMC X11 EL (18 links)<\/div>\n<\/li>\n<li>\n<div class=\"spec__title\"><strong>HAMULCE<\/strong> TEKTRO Spyre Mechanical Disc<\/div>\n<\/li>\n<li>\n<div class=\"spec__title\"><strong>D\u017bWIGNIE HAMULCOWE<\/strong> SHIMANO 105 ST-R7000 Dual Control<\/div>\n<\/li>\n<li>\n<div class=\"spec__title\"><strong>TARCZE HAMULCOWE<\/strong> 160 mm front \/ 160 mm rear<\/div>\n<\/li>\n<li>\n<div class=\"spec__title\"><strong>PIASTY<\/strong> NOVATEC Disc (28 holes)<\/div>\n<\/li>\n<li>\n<div class=\"spec__title\"><strong>OBR\u0118CZE<\/strong> KELLYS Spark Disc 622&#215;15 (32 holes \/ eyelets)<\/div>\n<\/li>\n<li>\n<div class=\"spec__title\"><strong>SZPRYCHY<\/strong> stainless steel black<\/div>\n<\/li>\n<li>\n<div class=\"spec__title\"><strong>OPONY<\/strong> SCHWALBE Lugano 25-622 (700x25C) K-Guard, Silica<\/div>\n<\/li>\n<li>\n<div class=\"spec__title\"><strong>STERY<\/strong> FSA 1.5 semi-integrated<\/div>\n<\/li>\n<li>\n<div class=\"spec__title\"><strong>SUPORT<\/strong> SHIMANO BB-RS500<\/div>\n<\/li>\n<li>\n<div class=\"spec__title\"><strong>WSPORNIK KIEROWNICY<\/strong> KLS Active Road<\/div>\n<\/li>\n<li>\n<div class=\"spec__title\"><strong>KIEROWNICA<\/strong> KLS Expert Road<\/div>\n<\/li>\n<li>\n<div class=\"spec__title\"><strong>CHWYTY<\/strong> KLS bar tape<\/div>\n<\/li>\n<li>\n<div class=\"spec__title\"><strong>SZTYCA<\/strong> KLS Active &#8211; diam 30.9 mm<\/div>\n<\/li>\n<li>\n<div class=\"spec__title\"><strong>SIOD\u0141O<\/strong> WTB Volt<\/div>\n<\/li>\n<\/ul>\n<\/div>\n","protected":false},"excerpt":{"rendered":"<p>Rozmiar M (170cm-180cm wzrostu)<\/p>\n","protected":false},"featured_media":190,"comment_status":"open","ping_status":"closed","template":"","meta":[],"product_brand":[],"product_cat":[26,23,43],"product_tag":[38,36,37],"class_list":{"0":"post-187","1":"product","2":"type-product","3":"status-publish","4":"has-post-thumbnail","6":"product_cat-rowery-2","7":"product_cat-rowery","8":"product_cat-szosa","9":"product_tag-gravel","10":"product_tag-romet-aspre","11":"product_tag-romet-aspre-1-ltd","12":"product_shipping_class-rower","14":"first","15":"instock","16":"sale","17":"shipping-taxable","18":"purchasable","19":"product-type-variable"},"_links":{"self":[{"href":"https:\/\/bicycool.pl\/index.php?rest_route=\/wp\/v2\/product\/187","targetHints":{"allow":["GET"]}}],"collection":[{"href":"https:\/\/bicycool.pl\/index.php?rest_route=\/wp\/v2\/product"}],"about":[{"href":"https:\/\/bicycool.pl\/index.php?rest_route=\/wp\/v2\/types\/product"}],"replies":[{"embeddable":true,"href":"https:\/\/bicycool.pl\/index.php?rest_route=%2Fwp%2Fv2%2Fcomments&post=187"}],"wp:featuredmedia":[{"embeddable":true,"href":"https:\/\/bicycool.pl\/index.php?rest_route=\/wp\/v2\/media\/190"}],"wp:attachment":[{"href":"https:\/\/bicycool.pl\/index.php?rest_route=%2Fwp%2Fv2%2Fmedia&parent=187"}],"wp:term":[{"taxonomy":"product_brand","embeddable":true,"href":"https:\/\/bicycool.pl\/index.php?rest_route=%2Fwp%2Fv2%2Fproduct_brand&post=187"},{"taxonomy":"product_cat","embeddable":true,"href":"https:\/\/bicycool.pl\/index.php?rest_route=%2Fwp%2Fv2%2Fproduct_cat&post=187"},{"taxonomy":"product_tag","embeddable":true,"href":"https:\/\/bicycool.pl\/index.php?rest_route=%2Fwp%2Fv2%2Fproduct_tag&post=187"}],"curies":[{"name":"wp","href":"https:\/\/api.w.org\/{rel}","templated":true}]}}