{"id":1906,"date":"2023-12-22T10:34:47","date_gmt":"2023-12-22T09:34:47","guid":{"rendered":"https:\/\/bicycool.pl\/?post_type=product&#038;p=1906"},"modified":"2024-12-18T15:50:54","modified_gmt":"2024-12-18T14:50:54","slug":"kola-komplet-dt-swiss-dt-r470-gravel-szosa","status":"publish","type":"product","link":"https:\/\/bicycool.pl\/?product=kola-komplet-dt-swiss-dt-r470-gravel-szosa","title":{"rendered":"Ko\u0142a KOMPLET Dt Swiss DT R470 Gravel \/ Szosa 15&#215;100 12&#215;142"},"content":{"rendered":"<h1 class=\"Product_product-title__BALAQ\">Komplet k\u00f3\u0142 Gravel\u00a0 \/ Szosa<\/h1>\n<p>&nbsp;<\/p>\n<ul>\n<li>\n<h2>Rozmiar ko\u0142a: 28&#8243; \/ 700c<\/h2>\n<\/li>\n<li>\n<h2>Monta\u017c: 15&#215;100 12&#215;142<\/h2>\n<\/li>\n<li>\n<h2>Obr\u0119cze: DT R470<\/h2>\n<\/li>\n<li>\n<h2>Piasty: \u0141o\u017cyska maszynowe<\/h2>\n<\/li>\n<li>\n<h2>Szprychy: CN SPOKE<\/h2>\n<\/li>\n<li>\n<h2>Liczba szprych: 28<\/h2>\n<\/li>\n<li>\n<h2>Rodzaj hamulca: Tarcza \/ Center lock<\/h2>\n<\/li>\n<li>\n<h2><strong>Waga prz\u00f3d \/ ty\u0142: 1120<\/strong>gr \/ 855gr<\/h2>\n<\/li>\n<li>\n<h2>Stan: Nowe<\/h2>\n<\/li>\n<\/ul>\n<div class=\"flex-1 overflow-hidden\">\n<div class=\"react-scroll-to-bottom--css-xnpal-79elbk h-full\">\n<div class=\"react-scroll-to-bottom--css-xnpal-1n7m0yu\">\n<div class=\"flex flex-col pb-9 text-sm\">\n<div class=\"w-full text-token-text-primary\" data-testid=\"conversation-turn-3\">\n<div class=\"px-4 py-2 justify-center text-base md:gap-6 m-auto\">\n<div class=\"flex flex-1 text-base mx-auto gap-3 md:px-5 lg:px-1 xl:px-5 md:max-w-3xl lg:max-w-[40rem] xl:max-w-[48rem] group final-completion\">\n<div class=\"relative flex w-full flex-col lg:w-[calc(100%-115px)] agent-turn\">\n<div class=\"flex-col gap-1 md:gap-3\">\n<div class=\"mt-1 flex justify-start gap-3 empty:hidden\">\n<div class=\"text-gray-400 flex self-end lg:self-center justify-center lg:justify-start mt-0 gap-1 visible\">\n<p>&nbsp;<\/p>\n<\/div>\n<\/div>\n<\/div>\n<\/div>\n<\/div>\n<\/div>\n<\/div>\n<\/div>\n<\/div>\n<\/div>\n<\/div>\n","protected":false},"excerpt":{"rendered":"<p>Komplet k\u00f3\u0142 Gravel\u00a0 \/ Szosa &nbsp; Rozmiar ko\u0142a: 28&#8243; \/ 700c Monta\u017c: 15&#215;100 12&#215;142 Obr\u0119cze: DT R470 Piasty: \u0141o\u017cyska maszynowe Szprychy: CN SPOKE Liczba szprych: 28 Rodzaj hamulca: Tarcza \/ Center lock Waga prz\u00f3d \/ ty\u0142: 1120gr \/ 855gr Stan: Nowe &nbsp;<\/p>\n","protected":false},"featured_media":1907,"comment_status":"open","ping_status":"closed","template":"","meta":[],"product_brand":[],"product_cat":[27,193],"product_tag":[],"class_list":{"0":"post-1906","1":"product","2":"type-product","3":"status-publish","4":"has-post-thumbnail","6":"product_cat-czesci-nowe","7":"product_cat-kola","8":"product_shipping_class-mala-paczka","10":"first","11":"instock","12":"shipping-taxable","13":"purchasable","14":"product-type-simple"},"_links":{"self":[{"href":"https:\/\/bicycool.pl\/index.php?rest_route=\/wp\/v2\/product\/1906","targetHints":{"allow":["GET"]}}],"collection":[{"href":"https:\/\/bicycool.pl\/index.php?rest_route=\/wp\/v2\/product"}],"about":[{"href":"https:\/\/bicycool.pl\/index.php?rest_route=\/wp\/v2\/types\/product"}],"replies":[{"embeddable":true,"href":"https:\/\/bicycool.pl\/index.php?rest_route=%2Fwp%2Fv2%2Fcomments&post=1906"}],"wp:featuredmedia":[{"embeddable":true,"href":"https:\/\/bicycool.pl\/index.php?rest_route=\/wp\/v2\/media\/1907"}],"wp:attachment":[{"href":"https:\/\/bicycool.pl\/index.php?rest_route=%2Fwp%2Fv2%2Fmedia&parent=1906"}],"wp:term":[{"taxonomy":"product_brand","embeddable":true,"href":"https:\/\/bicycool.pl\/index.php?rest_route=%2Fwp%2Fv2%2Fproduct_brand&post=1906"},{"taxonomy":"product_cat","embeddable":true,"href":"https:\/\/bicycool.pl\/index.php?rest_route=%2Fwp%2Fv2%2Fproduct_cat&post=1906"},{"taxonomy":"product_tag","embeddable":true,"href":"https:\/\/bicycool.pl\/index.php?rest_route=%2Fwp%2Fv2%2Fproduct_tag&post=1906"}],"curies":[{"name":"wp","href":"https:\/\/api.w.org\/{rel}","templated":true}]}}