{"id":1917,"date":"2023-12-22T10:57:12","date_gmt":"2023-12-22T09:57:12","guid":{"rendered":"https:\/\/bicycool.pl\/?post_type=product&#038;p=1917"},"modified":"2023-12-22T11:03:04","modified_gmt":"2023-12-22T10:03:04","slug":"kola-komplet-pradnica-shimano-kaseta-tarcza-28","status":"publish","type":"product","link":"https:\/\/bicycool.pl\/?product=kola-komplet-pradnica-shimano-kaseta-tarcza-28","title":{"rendered":"Ko\u0142a KOMPLET Pr\u0105dnica shimano, Kaseta, tarcza 28&#8243;"},"content":{"rendered":"<h1 class=\"Product_product-title__BALAQ\">Komplet k\u00f3\u0142<\/h1>\n<p>&nbsp;<\/p>\n<ul>\n<li>\n<h2>Rozmiar ko\u0142a &#8211; 28&#8243; \/ 700c<\/h2>\n<\/li>\n<li>\n<h2>Obr\u0119cze &#8211; Aluminiowa wzmacniana<\/h2>\n<\/li>\n<li>\n<h2>Piasty &#8211; Pr\u0105dnica Shimano DH-3D32-QR \/ Quando<\/h2>\n<\/li>\n<li>\n<h2>Szprychy &#8211; Czarne<\/h2>\n<\/li>\n<li>\n<h2>Liczba szprych &#8211; 32<\/h2>\n<\/li>\n<li>\n<h2>Rodzaj hamulca &#8211; tarcza, 6 \u015brub<\/h2>\n<\/li>\n<li>\n<h2><strong>Waga prz\u00f3d \/ ty\u0142 &#8211; 1680<\/strong>gr \/ 1350gr (wa\u017cone z zaciskami)<\/h2>\n<\/li>\n<li>\n<h2>Stan &#8211; Nowe, powystawowe. Posiadaj\u0105 delikatne ryski.<\/h2>\n<\/li>\n<\/ul>\n<p>&nbsp;<\/p>\n<p>Ko\u0142a idealne do roweru trekkingowego, crossowego oraz wyprawowego.<\/p>\n<div class=\"flex-1 overflow-hidden\">\n<div class=\"react-scroll-to-bottom--css-xnpal-79elbk h-full\">\n<div class=\"react-scroll-to-bottom--css-xnpal-1n7m0yu\">\n<div class=\"flex flex-col pb-9 text-sm\">\n<div class=\"w-full text-token-text-primary\" data-testid=\"conversation-turn-3\">\n<div class=\"px-4 py-2 justify-center text-base md:gap-6 m-auto\">\n<div class=\"flex flex-1 text-base mx-auto gap-3 md:px-5 lg:px-1 xl:px-5 md:max-w-3xl lg:max-w-[40rem] xl:max-w-[48rem] group final-completion\">\n<div class=\"relative flex w-full flex-col lg:w-[calc(100%-115px)] agent-turn\">\n<div class=\"flex-col gap-1 md:gap-3\">\n<div class=\"mt-1 flex justify-start gap-3 empty:hidden\">\n<div class=\"text-gray-400 flex self-end lg:self-center justify-center lg:justify-start mt-0 gap-1 visible\">\n<p>&nbsp;<\/p>\n<\/div>\n<\/div>\n<\/div>\n<\/div>\n<\/div>\n<\/div>\n<\/div>\n<\/div>\n<\/div>\n<\/div>\n<\/div>\n","protected":false},"excerpt":{"rendered":"<p>Komplet k\u00f3\u0142 &nbsp; Rozmiar ko\u0142a &#8211; 28&#8243; \/ 700c Obr\u0119cze &#8211; Aluminiowa wzmacniana Piasty &#8211; Pr\u0105dnica Shimano DH-3D32-QR \/ Quando Szprychy &#8211; Czarne Liczba szprych &#8211; 32 Rodzaj hamulca &#8211; tarcza, 6 \u015brub Waga prz\u00f3d \/ ty\u0142 &#8211; 1680gr \/ 1350gr (wa\u017cone z zaciskami) Stan &#8211; Nowe, powystawowe. Posiadaj\u0105 delikatne ryski. &nbsp; Ko\u0142a idealne do&hellip;<\/p>\n","protected":false},"featured_media":1919,"comment_status":"open","ping_status":"closed","template":"","meta":[],"product_brand":[],"product_cat":[27,193,85],"product_tag":[],"class_list":{"0":"post-1917","1":"product","2":"type-product","3":"status-publish","4":"has-post-thumbnail","6":"product_cat-czesci-nowe","7":"product_cat-kola","8":"product_cat-outlet","9":"product_shipping_class-mala-paczka","11":"first","12":"instock","13":"shipping-taxable","14":"purchasable","15":"product-type-simple"},"_links":{"self":[{"href":"https:\/\/bicycool.pl\/index.php?rest_route=\/wp\/v2\/product\/1917","targetHints":{"allow":["GET"]}}],"collection":[{"href":"https:\/\/bicycool.pl\/index.php?rest_route=\/wp\/v2\/product"}],"about":[{"href":"https:\/\/bicycool.pl\/index.php?rest_route=\/wp\/v2\/types\/product"}],"replies":[{"embeddable":true,"href":"https:\/\/bicycool.pl\/index.php?rest_route=%2Fwp%2Fv2%2Fcomments&post=1917"}],"wp:featuredmedia":[{"embeddable":true,"href":"https:\/\/bicycool.pl\/index.php?rest_route=\/wp\/v2\/media\/1919"}],"wp:attachment":[{"href":"https:\/\/bicycool.pl\/index.php?rest_route=%2Fwp%2Fv2%2Fmedia&parent=1917"}],"wp:term":[{"taxonomy":"product_brand","embeddable":true,"href":"https:\/\/bicycool.pl\/index.php?rest_route=%2Fwp%2Fv2%2Fproduct_brand&post=1917"},{"taxonomy":"product_cat","embeddable":true,"href":"https:\/\/bicycool.pl\/index.php?rest_route=%2Fwp%2Fv2%2Fproduct_cat&post=1917"},{"taxonomy":"product_tag","embeddable":true,"href":"https:\/\/bicycool.pl\/index.php?rest_route=%2Fwp%2Fv2%2Fproduct_tag&post=1917"}],"curies":[{"name":"wp","href":"https:\/\/api.w.org\/{rel}","templated":true}]}}