{"id":1921,"date":"2023-12-22T11:04:17","date_gmt":"2023-12-22T10:04:17","guid":{"rendered":"https:\/\/bicycool.pl\/?post_type=product&#038;p=1921"},"modified":"2023-12-22T11:09:42","modified_gmt":"2023-12-22T10:09:42","slug":"kola-komplet-mavic-cxp-shiman-szosa","status":"publish","type":"product","link":"https:\/\/bicycool.pl\/?product=kola-komplet-mavic-cxp-shiman-szosa","title":{"rendered":"Ko\u0142a KOMPLET Mavic CXP \/ Shiman, Szosa"},"content":{"rendered":"<h1 class=\"Product_product-title__BALAQ\">Komplet k\u00f3\u0142 szosowych<\/h1>\n<p>&nbsp;<\/p>\n<ul>\n<li>\n<h2>Rozmiar ko\u0142a &#8211; 28&#8243; \/ 700c<\/h2>\n<\/li>\n<li>\n<h2>Obr\u0119cze &#8211; MAVIC CXP<\/h2>\n<\/li>\n<li>\n<h2>Piasty &#8211; HB-RS400 \/ FH-RS400<\/h2>\n<\/li>\n<li>\n<h2>Szprychy &#8211; Czarne<\/h2>\n<\/li>\n<li>\n<h2>Liczba szprych &#8211; 32<\/h2>\n<\/li>\n<li>\n<h2>Rodzaj hamulca &#8211; OBR\u0118CZOWY<\/h2>\n<\/li>\n<li>\n<h2><strong>Waga prz\u00f3d \/ ty\u0142 &#8211; 955<\/strong>gr \/ 1165gr<\/h2>\n<\/li>\n<li>\n<h2>Stan &#8211; Nowe, powystawowe. Posiadaj\u0105 bardzo delikatne ryski.<\/h2>\n<\/li>\n<\/ul>\n<p>&nbsp;<\/p>\n<div class=\"flex-1 overflow-hidden\">\n<div class=\"react-scroll-to-bottom--css-xnpal-79elbk h-full\">\n<div class=\"react-scroll-to-bottom--css-xnpal-1n7m0yu\">\n<div class=\"flex flex-col pb-9 text-sm\">\n<div class=\"w-full text-token-text-primary\" data-testid=\"conversation-turn-3\">\n<div class=\"px-4 py-2 justify-center text-base md:gap-6 m-auto\">\n<div class=\"flex flex-1 text-base mx-auto gap-3 md:px-5 lg:px-1 xl:px-5 md:max-w-3xl lg:max-w-[40rem] xl:max-w-[48rem] group final-completion\">\n<div class=\"relative flex w-full flex-col lg:w-[calc(100%-115px)] agent-turn\">\n<div class=\"flex-col gap-1 md:gap-3\">\n<div class=\"mt-1 flex justify-start gap-3 empty:hidden\">\n<div class=\"text-gray-400 flex self-end lg:self-center justify-center lg:justify-start mt-0 gap-1 visible\">\n<p>&nbsp;<\/p>\n<\/div>\n<\/div>\n<\/div>\n<\/div>\n<\/div>\n<\/div>\n<\/div>\n<\/div>\n<\/div>\n<\/div>\n<\/div>\n","protected":false},"excerpt":{"rendered":"<p>Komplet k\u00f3\u0142 szosowych &nbsp; Rozmiar ko\u0142a &#8211; 28&#8243; \/ 700c Obr\u0119cze &#8211; MAVIC CXP Piasty &#8211; HB-RS400 \/ FH-RS400 Szprychy &#8211; Czarne Liczba szprych &#8211; 32 Rodzaj hamulca &#8211; OBR\u0118CZOWY Waga prz\u00f3d \/ ty\u0142 &#8211; 955gr \/ 1165gr Stan &#8211; Nowe, powystawowe. Posiadaj\u0105 bardzo delikatne ryski. &nbsp; &nbsp;<\/p>\n","protected":false},"featured_media":1923,"comment_status":"open","ping_status":"closed","template":"","meta":[],"product_brand":[],"product_cat":[27,193,85],"product_tag":[],"class_list":{"0":"post-1921","1":"product","2":"type-product","3":"status-publish","4":"has-post-thumbnail","6":"product_cat-czesci-nowe","7":"product_cat-kola","8":"product_cat-outlet","9":"product_shipping_class-mala-paczka","11":"first","12":"instock","13":"shipping-taxable","14":"purchasable","15":"product-type-simple"},"_links":{"self":[{"href":"https:\/\/bicycool.pl\/index.php?rest_route=\/wp\/v2\/product\/1921","targetHints":{"allow":["GET"]}}],"collection":[{"href":"https:\/\/bicycool.pl\/index.php?rest_route=\/wp\/v2\/product"}],"about":[{"href":"https:\/\/bicycool.pl\/index.php?rest_route=\/wp\/v2\/types\/product"}],"replies":[{"embeddable":true,"href":"https:\/\/bicycool.pl\/index.php?rest_route=%2Fwp%2Fv2%2Fcomments&post=1921"}],"wp:featuredmedia":[{"embeddable":true,"href":"https:\/\/bicycool.pl\/index.php?rest_route=\/wp\/v2\/media\/1923"}],"wp:attachment":[{"href":"https:\/\/bicycool.pl\/index.php?rest_route=%2Fwp%2Fv2%2Fmedia&parent=1921"}],"wp:term":[{"taxonomy":"product_brand","embeddable":true,"href":"https:\/\/bicycool.pl\/index.php?rest_route=%2Fwp%2Fv2%2Fproduct_brand&post=1921"},{"taxonomy":"product_cat","embeddable":true,"href":"https:\/\/bicycool.pl\/index.php?rest_route=%2Fwp%2Fv2%2Fproduct_cat&post=1921"},{"taxonomy":"product_tag","embeddable":true,"href":"https:\/\/bicycool.pl\/index.php?rest_route=%2Fwp%2Fv2%2Fproduct_tag&post=1921"}],"curies":[{"name":"wp","href":"https:\/\/api.w.org\/{rel}","templated":true}]}}