{"id":197,"date":"2023-11-17T12:00:02","date_gmt":"2023-11-17T11:00:02","guid":{"rendered":"https:\/\/bicycool.pl\/?post_type=product&#038;p=197"},"modified":"2024-03-28T13:42:07","modified_gmt":"2024-03-28T12:42:07","slug":"romet-huragan-1","status":"publish","type":"product","link":"https:\/\/bicycool.pl\/?product=romet-huragan-1","title":{"rendered":"Romet Huragan 1"},"content":{"rendered":"<h3><strong>Romet Huragan 1<\/strong><\/h3>\n<div>\n<div class=\"prod-feature\"><\/div>\n<div class=\"prod-feature\">\n<p>Szos\u0119 p\u00f3ki co znasz jedyni z ogl\u0105dania wielkich Tour\u00f3w? Koledzy je\u017cd\u017c\u0105 na szosowe ustawki? Ty jednak nie wiesz czy to jest dla Ciebie? Huragan 1 to doskona\u0142y \u201centry level\u201d, by wej\u015b\u0107 w \u015bwiat kolarstwa szosowego.<\/p>\n<p>Do powstania ramy wykorzystali\u015bmy stop aluminium 6061 X-Lite, dzi\u0119ki czemu uda\u0142o nam si\u0119 zyska\u0107 lekk\u0105 konstrukcj\u0119. Poza nisk\u0105 mas\u0105 ram\u0119 cechuje zwi\u0119kszona sztywno\u015b\u0107 oraz wytrzyma\u0142o\u015b\u0107 na wszelkie uszkodzenia. Wewn\u0119trzne prowadzenie przewod\u00f3w rzadko zdarza si\u0119 w rowerze tej klasy. Nam jednak zale\u017ca\u0142o, by ca\u0142o\u015b\u0107 by\u0142a estetyczna przy jednoczesnym zachowaniu trwa\u0142o\u015bci przewod\u00f3w.<\/p>\n<p>Doskona\u0142a propopozycja dla pocz\u0105tkuj\u0105cych kolarek i kolarzy. Kompletna szosa wyposa\u017cona w takie udogodnienia jak carbonowy widelec, kt\u00f3ry skutecznie podnosi komfort u\u017cytkowania nawet niskiej jako\u015bci asfaltach. Szeroki zakres prze\u0142o\u017ce\u0144 to zas\u0142uga nap\u0119du Shimano Claris, kt\u00f3ry oferuje 16 prze\u0142o\u017ce\u0144. Wytrzyma\u0142e obr\u0119cze Ryde DP16 razem z oponami Michelin Dynami Sport 25C zapewniaj\u0105 du\u017c\u0105 stabilno\u015b\u0107 oraz przyczepno\u015b\u0107 niezale\u017cnie od warunk\u00f3w w jakich przyjdzie nam je\u017adzi\u0107. Na uwag\u0119 z pewno\u015bci\u0105 zas\u0142uguje obecno\u015b\u0107 aluminiowych komponent\u00f3w wysokiej klasy sygnowanych logiem Romet. Model dost\u0119pny jest w 2 kolorach i 4 rozmiarach:47, 50, 53, 56 cm<\/p>\n<p><strong>Specyfikacja:<\/strong><\/p>\n<ul class=\"properties-list\">\n<li class=\"ng-star-inserted\"><span class=\"property-name\"><strong>KO\u0141A, RAMA<\/strong> <\/span><span class=\"ng-star-inserted\">700C \/ alu 6061 X-lite<\/span><\/li>\n<li class=\"ng-star-inserted\"><span class=\"property-name\"><strong>WIDELEC<\/strong> <\/span><span class=\"ng-star-inserted\">Carbon<\/span><\/li>\n<li class=\"ng-star-inserted\"><span class=\"property-name\"><strong>PRZERZUTKA PRZ\u00d3D<\/strong> <\/span><span class=\"ng-star-inserted\">Shimano Claris FD-R2000<\/span><\/li>\n<li class=\"ng-star-inserted\"><span class=\"property-name\"><strong>PRZERZUTKA TY\u0141<\/strong> <\/span><span class=\"ng-star-inserted\">Shimano Claris RD-R2000<\/span><\/li>\n<li class=\"ng-star-inserted\"><span class=\"property-name\"><strong>MANETKI PRZ\u00d3D<\/strong> <\/span><span class=\"ng-star-inserted\">Shimano Claris ST-R2000, 2s<\/span><\/li>\n<li class=\"ng-star-inserted\"><span class=\"property-name\"><strong>MANETKI TY\u0141<\/strong> <\/span><span class=\"ng-star-inserted\">Shimano Claris ST-R2000, 2s<\/span><\/li>\n<li class=\"ng-star-inserted\"><span class=\"property-name\"><strong>MECHANIZM KORBOWY<\/strong> <\/span><span class=\"ng-star-inserted\">Shimano Claris FC-R2000, 50\/34T, 165\/170 mm<\/span><\/li>\n<li class=\"ng-star-inserted\"><span class=\"property-name\"><strong>KASETA<\/strong> <\/span><span class=\"ng-star-inserted\">Shimano HG51 (11-28), 8s<\/span><\/li>\n<li class=\"ng-star-inserted\"><span class=\"property-name\"><strong>NAP\u0118D<\/strong> <\/span><span class=\"ng-star-inserted\">16 bieg\u00f3w<\/span><\/li>\n<li class=\"ng-star-inserted\"><span class=\"property-name\"><strong>HAMULEC PRZ\u00d3D<\/strong> <\/span><span class=\"ng-star-inserted\">Promax RC-481 aluminiowy<\/span><\/li>\n<li class=\"ng-star-inserted\"><span class=\"property-name\"><strong>HAMULEC TY\u0141<\/strong> <\/span><span class=\"ng-star-inserted\">Promax RC-481 aluminiowy<\/span><\/li>\n<li class=\"ng-star-inserted\"><span class=\"property-name\"><strong>ROZMIAR KO\u0141A<\/strong> <\/span><span class=\"ng-star-inserted\">28<\/span><\/li>\n<li class=\"ng-star-inserted\"><span class=\"property-name\"><strong>OPONY<\/strong> <\/span><span class=\"ng-star-inserted\">700\u00d725C<\/span><\/li>\n<li class=\"ng-star-inserted\"><span class=\"property-name\"><strong>PIASTA PRZ\u00d3D<\/strong> <\/span><span class=\"ng-star-inserted\">Aluminiowa<\/span><\/li>\n<li class=\"ng-star-inserted\"><span class=\"property-name\"><strong>PIASTA TY\u0141<\/strong> <\/span><span class=\"ng-star-inserted\">Aluminiowa<\/span><\/li>\n<li class=\"ng-star-inserted\"><span class=\"property-name\"><strong>KIEROWNICA<\/strong> <\/span><span class=\"ng-star-inserted\">Romet aluminiowa 420 mm<\/span><\/li>\n<li class=\"ng-star-inserted\"><span class=\"property-name\"><strong>MOSTEK KIEROWNICY<\/strong> <\/span><span class=\"ng-star-inserted\">Romet aluminiowy 90\/100\/110 mm<\/span><\/li>\n<li class=\"ng-star-inserted\"><span class=\"property-name\"><strong>SZTYCA<\/strong> <\/span><span class=\"ng-star-inserted\">Romet alu. 27,2 mm\u00a0<\/span><\/li>\n<li class=\"ng-star-inserted\"><span class=\"property-name\"><strong>SIOD\u0141O<\/strong> <\/span><span class=\"ng-star-inserted\">Vader<\/span><\/li>\n<li class=\"ng-star-inserted\"><span class=\"property-name\"><strong>PEDA\u0141Y<\/strong> <\/span><span class=\"ng-star-inserted\">FP-971 aluminiowe<\/span><\/li>\n<li class=\"ng-star-inserted\"><span class=\"property-name\"><strong>OBR\u0118CZE<\/strong> <\/span><span class=\"ng-star-inserted\">Ryde DP16<\/span><\/li>\n<li class=\"ng-star-inserted\"><span class=\"property-name\"><strong>WAGA<\/strong> <\/span><span class=\"ng-star-inserted\">9,8 kg<\/span><\/li>\n<\/ul>\n<\/div>\n<\/div>\n","protected":false},"excerpt":{"rendered":"<p>Romet Huragan 1 2023<\/p>\n","protected":false},"featured_media":0,"comment_status":"open","ping_status":"closed","template":"","meta":[],"product_brand":[],"product_cat":[26,23,43],"product_tag":[39,40,41],"class_list":{"0":"post-197","1":"product","2":"type-product","3":"status-publish","5":"product_cat-rowery-2","6":"product_cat-rowery","7":"product_cat-szosa","8":"product_tag-romet-huragan","9":"product_tag-szosa","10":"product_tag-szosowy","11":"product_shipping_class-rower","13":"first","14":"instock","15":"shipping-taxable","16":"purchasable","17":"product-type-variable"},"_links":{"self":[{"href":"https:\/\/bicycool.pl\/index.php?rest_route=\/wp\/v2\/product\/197","targetHints":{"allow":["GET"]}}],"collection":[{"href":"https:\/\/bicycool.pl\/index.php?rest_route=\/wp\/v2\/product"}],"about":[{"href":"https:\/\/bicycool.pl\/index.php?rest_route=\/wp\/v2\/types\/product"}],"replies":[{"embeddable":true,"href":"https:\/\/bicycool.pl\/index.php?rest_route=%2Fwp%2Fv2%2Fcomments&post=197"}],"wp:attachment":[{"href":"https:\/\/bicycool.pl\/index.php?rest_route=%2Fwp%2Fv2%2Fmedia&parent=197"}],"wp:term":[{"taxonomy":"product_brand","embeddable":true,"href":"https:\/\/bicycool.pl\/index.php?rest_route=%2Fwp%2Fv2%2Fproduct_brand&post=197"},{"taxonomy":"product_cat","embeddable":true,"href":"https:\/\/bicycool.pl\/index.php?rest_route=%2Fwp%2Fv2%2Fproduct_cat&post=197"},{"taxonomy":"product_tag","embeddable":true,"href":"https:\/\/bicycool.pl\/index.php?rest_route=%2Fwp%2Fv2%2Fproduct_tag&post=197"}],"curies":[{"name":"wp","href":"https:\/\/api.w.org\/{rel}","templated":true}]}}