{"id":2073,"date":"2024-12-04T16:22:49","date_gmt":"2024-12-04T15:22:49","guid":{"rendered":"https:\/\/bicycool.pl\/?post_type=product&#038;p=2073"},"modified":"2025-12-22T17:11:17","modified_gmt":"2025-12-22T16:11:17","slug":"vivienne-aluminiowy-28-3s-blekitny","status":"publish","type":"product","link":"https:\/\/bicycool.pl\/?product=vivienne-aluminiowy-28-3s-blekitny","title":{"rendered":"Vivienne Aluminiowy 28&#8243; 3s B\u0142\u0119kitny"},"content":{"rendered":"<h2>Rower Vivienne 28&#8243; B\u0142\u0119kitny<\/h2>\n<h3>Rower Vivienne 28&#8243; to doskona\u0142y wyb\u00f3r dla os\u00f3b szukaj\u0105cych wygodnego i stylowego roweru miejskiego.<\/h3>\n<h3>Rower Vivienne posiada baga\u017cnik kt\u00f3ry pomie\u015bci niezb\u0119dne rzeczy podczas codziennych dojazd\u00f3w. B\u0142otniki skutecznie chroni\u0105 przed zabrudzeniami, a o\u015bwietlenie, zar\u00f3wno przednie, jak i tylne \u2013 zapewnia bezpiecze\u0144stwo po zmroku. Tylne o\u015bwietlenie umieszczone jest na baga\u017cniku, co jest wygodne i estetyczne.<\/h3>\n<h3>Dzi\u0119ki\u00a0 3 biegowej pia\u015bcie Shimano Nexus, rower doskonale sprawdza si\u0119 w miejskim ruchu. Komfort jazdy uzupe\u0142nia siedzisko CTB ze spr\u0119\u017cyn\u0105.<\/h3>\n<h3>Rower Vivienne 28&#8243; to tak\u017ce elegancki wygl\u0105d, kt\u00f3ry w po\u0142\u0105czeniu z wzmocnionymi obr\u0119czami w kolorze czarnym i bia\u0142o-czarnym ogumieniem 28&#215;1,75, gwarantuje doskona\u0142\u0105 przyczepno\u015b\u0107 i stabilno\u015b\u0107 na ka\u017cdym rodzaju nawierzchni. Dzi\u0119ki temu rower jest idealnym wyborem do codziennych, miejskich przeja\u017cd\u017cek, zapewniaj\u0105c wygod\u0119, bezpiecze\u0144stwo i styl.<\/h3>\n<p><strong>Specyfikacja:<\/strong><\/p>\n<p><strong>RAMA <\/strong>ALUMINIOWA <strong>rozmiar 18,5&#8243; (47cm)<\/strong><\/p>\n<p><strong>WIDELEC<\/strong>\u00a0STALOWY<\/p>\n<p><strong>KIEROWNICA <\/strong>STAL<\/p>\n<p><strong>WSPORNIK KIEROWNICY <\/strong>25,4mm<\/p>\n<p><strong>BAGA\u017bNIK\u00a0<\/strong>STAL RURKOWY, MALOWANY<\/p>\n<p><strong>B\u0141OTNIKI\u00a0<\/strong>STAL MALOWANE<\/p>\n<p><strong>WK\u0141AD SUPORTU <\/strong>\u00a0NECO<\/p>\n<p><strong>MECHANIZM KORBOWY\u00a0<\/strong>STAL CZARNO-CHROM Z OS\u0141ON\u0104 PLASTIKOW\u0104<\/p>\n<p><strong>SIOD\u0141O\u00a0<\/strong>CTB ZE SPREZYN\u0104 CZARNE LUB BIA\u0141E<\/p>\n<p><strong>O\u015aWIETLENIE PRZ\u00d3D I TY\u0141\u00a0<\/strong>BATERYJNE , PRZ\u00d3D BIA\u0141E , CZARNE , TY\u0141 NA BAGA\u017bNIK<\/p>\n<p><strong>OBR\u0118CZE\u00a0<\/strong>WZMACNIANE STO\u017bEK 25MM CZARNE LUB BIA\u0141E<\/p>\n<p><strong>OGUMIENIE\u00a0<\/strong> 28&#215;1,75<\/p>\n<p><strong>PIASTA TY\u0141 <\/strong>SHIMANO NEXUS 3 BIEG<\/p>\n<p><strong>PODP\u00d3RKA\u00a0<\/strong>REGULOWANA 24-28&#8243;<\/p>\n<p><strong>PEDA\u0141Y <\/strong>PLASTIK \u0142o\u017cyska kulkowe CZARNE<\/p>\n<p><strong>DZWONEK<\/strong><\/p>\n<p><strong>KOSZYK PRZ\u00d3D <\/strong>NA KLIK<\/p>\n<p>&nbsp;<\/p>\n","protected":false},"excerpt":{"rendered":"<p>Vivienne<\/p>\n<p>Rozmiar k\u00f3\u0142 28&#8243;<\/p>\n<p>3 biegi w pia\u015bcie<\/p>\n","protected":false},"featured_media":2076,"comment_status":"open","ping_status":"closed","template":"","meta":[],"product_brand":[],"product_cat":[73,26,23],"product_tag":[71,72],"class_list":{"0":"post-2073","1":"product","2":"type-product","3":"status-publish","4":"has-post-thumbnail","6":"product_cat-miejskie","7":"product_cat-rowery-2","8":"product_cat-rowery","9":"product_tag-nexus-3","10":"product_tag-shimano","11":"product_shipping_class-rower","13":"first","14":"outofstock","15":"shipping-taxable","16":"purchasable","17":"product-type-simple"},"_links":{"self":[{"href":"https:\/\/bicycool.pl\/index.php?rest_route=\/wp\/v2\/product\/2073","targetHints":{"allow":["GET"]}}],"collection":[{"href":"https:\/\/bicycool.pl\/index.php?rest_route=\/wp\/v2\/product"}],"about":[{"href":"https:\/\/bicycool.pl\/index.php?rest_route=\/wp\/v2\/types\/product"}],"replies":[{"embeddable":true,"href":"https:\/\/bicycool.pl\/index.php?rest_route=%2Fwp%2Fv2%2Fcomments&post=2073"}],"wp:featuredmedia":[{"embeddable":true,"href":"https:\/\/bicycool.pl\/index.php?rest_route=\/wp\/v2\/media\/2076"}],"wp:attachment":[{"href":"https:\/\/bicycool.pl\/index.php?rest_route=%2Fwp%2Fv2%2Fmedia&parent=2073"}],"wp:term":[{"taxonomy":"product_brand","embeddable":true,"href":"https:\/\/bicycool.pl\/index.php?rest_route=%2Fwp%2Fv2%2Fproduct_brand&post=2073"},{"taxonomy":"product_cat","embeddable":true,"href":"https:\/\/bicycool.pl\/index.php?rest_route=%2Fwp%2Fv2%2Fproduct_cat&post=2073"},{"taxonomy":"product_tag","embeddable":true,"href":"https:\/\/bicycool.pl\/index.php?rest_route=%2Fwp%2Fv2%2Fproduct_tag&post=2073"}],"curies":[{"name":"wp","href":"https:\/\/api.w.org\/{rel}","templated":true}]}}