{"id":2095,"date":"2024-12-04T17:10:12","date_gmt":"2024-12-04T16:10:12","guid":{"rendered":"https:\/\/bicycool.pl\/?post_type=product&#038;p=2095"},"modified":"2024-12-04T17:10:53","modified_gmt":"2024-12-04T16:10:53","slug":"maxim-mc-1-4-3-28-nexus-3-niebieski","status":"publish","type":"product","link":"https:\/\/bicycool.pl\/?product=maxim-mc-1-4-3-28-nexus-3-niebieski","title":{"rendered":"Maxim MC 1.4.3 28&#8243; Nexus 3 Niebieski"},"content":{"rendered":"<h2>Maxim MC 1.4.3<\/h2>\n<h3><strong>Specyfikacja:<\/strong><\/h3>\n<p><strong>Rower Maxim MC 1.4.3<\/strong><\/p>\n<p><strong>Specyfikacja:<\/strong><\/p>\n<ul>\n<li><strong>Rama:<\/strong> Aluminium 6061 <strong>rozmiar M 18&#8243;<\/strong><\/li>\n<li><strong>Widelec:<\/strong> Zoom CH-T102<\/li>\n<li><strong>Przerzutka prz\u00f3d:<\/strong> Brak<\/li>\n<li><strong>Przerzutka ty\u0142:<\/strong> Shimano Nexus 3s<\/li>\n<li><strong>Manetki:<\/strong> Shimano Nexus 3s<\/li>\n<li><strong>Mechanizm korbowy:<\/strong> Deta steel 38T<\/li>\n<li><strong>Peda\u0142y:<\/strong> Wellgo LU-C35<\/li>\n<li><strong>Wolnobieg \/ Kaseta:<\/strong> Brak<\/li>\n<li><strong>Hamulec prz\u00f3d:<\/strong> Promax alloy TX-117<\/li>\n<li><strong>Hamulec ty\u0142:<\/strong> Shimano Nexus 3s<\/li>\n<li><strong>D\u017awignia hamulca:<\/strong> Promax BL-82<\/li>\n<li><strong>Piasta prz\u00f3d:<\/strong> Asses alloy AE-641<\/li>\n<li><strong>Piasta ty\u0142:<\/strong> Shimano Nexus 3s<\/li>\n<li><strong>Obr\u0119cze:<\/strong> Remerx Dragon<\/li>\n<li><strong>Opony:<\/strong> 700 x 38C C-1446 CST<\/li>\n<li><strong>Rozmiar ko\u0142a:<\/strong> 28&#8243;<\/li>\n<li><strong>Kierownica:<\/strong> JP-S235<\/li>\n<li><strong>Wspornik kierownicy:<\/strong> Zoom alloy MTS-C331<\/li>\n<li><strong>Chwyty:<\/strong> Herrmans Zeglo<\/li>\n<li><strong>Siod\u0142o:<\/strong> Abi SO-1671S<\/li>\n<li><strong>Wspornik siod\u0142a:<\/strong> Zoom SP-C208 alloy<\/li>\n<li><strong>O\u015bwietlenie prz\u00f3d:<\/strong> LED<\/li>\n<li><strong>O\u015bwietlenie ty\u0142:<\/strong> H-LIGHT 1 LED<\/li>\n<li><strong>Baga\u017cnik:<\/strong> Stalowy rurkowy<\/li>\n<li><strong>B\u0142otniki:<\/strong> RPZ SCARAB2<\/li>\n<li><strong>Podp\u00f3rka:<\/strong> Atran CS2<\/li>\n<li><strong>Rozmiar ramy:<\/strong> 18&#8243;<\/li>\n<li><strong>Ilo\u015b\u0107 bieg\u00f3w:<\/strong> 3<\/li>\n<li><strong>Waga:<\/strong> 16,5 kg<\/li>\n<\/ul>\n<p>Rower Maxim MC 1.4.3 to rower miejskiego typu z 3-biegowym systemem Shimano Nexus, kt\u00f3ry zapewnia wygodn\u0105 i p\u0142ynn\u0105 jazd\u0119 po miejskich trasach. Dzi\u0119ki stalowemu baga\u017cnikowi i praktycznym b\u0142otnikom, rower jest gotowy do codziennego u\u017cytkowania, a komfortow\u0105 jazd\u0119 dope\u0142niaj\u0105 szerokie opony 700 x 38C. Zbudowany z lekkiej aluminiowej ramy, jest stabilny i trwa\u0142y, idealny do miejskiego stylu \u017cycia.<\/p>\n","protected":false},"excerpt":{"rendered":"<p>Maxim MC 1.4.3<\/p>\n<p>Rozmiar ko\u0142a 28&#8243;<\/p>\n<p>3 biegi w pia\u015bcie<\/p>\n<p>&nbsp;<\/p>\n","protected":false},"featured_media":2096,"comment_status":"open","ping_status":"closed","template":"","meta":[],"product_brand":[],"product_cat":[73,26,23],"product_tag":[74,71,72],"class_list":{"0":"post-2095","1":"product","2":"type-product","3":"status-publish","4":"has-post-thumbnail","6":"product_cat-miejskie","7":"product_cat-rowery-2","8":"product_cat-rowery","9":"product_tag-maxim","10":"product_tag-nexus-3","11":"product_tag-shimano","12":"product_shipping_class-rower","14":"first","15":"instock","16":"shipping-taxable","17":"purchasable","18":"product-type-simple"},"_links":{"self":[{"href":"https:\/\/bicycool.pl\/index.php?rest_route=\/wp\/v2\/product\/2095","targetHints":{"allow":["GET"]}}],"collection":[{"href":"https:\/\/bicycool.pl\/index.php?rest_route=\/wp\/v2\/product"}],"about":[{"href":"https:\/\/bicycool.pl\/index.php?rest_route=\/wp\/v2\/types\/product"}],"replies":[{"embeddable":true,"href":"https:\/\/bicycool.pl\/index.php?rest_route=%2Fwp%2Fv2%2Fcomments&post=2095"}],"wp:featuredmedia":[{"embeddable":true,"href":"https:\/\/bicycool.pl\/index.php?rest_route=\/wp\/v2\/media\/2096"}],"wp:attachment":[{"href":"https:\/\/bicycool.pl\/index.php?rest_route=%2Fwp%2Fv2%2Fmedia&parent=2095"}],"wp:term":[{"taxonomy":"product_brand","embeddable":true,"href":"https:\/\/bicycool.pl\/index.php?rest_route=%2Fwp%2Fv2%2Fproduct_brand&post=2095"},{"taxonomy":"product_cat","embeddable":true,"href":"https:\/\/bicycool.pl\/index.php?rest_route=%2Fwp%2Fv2%2Fproduct_cat&post=2095"},{"taxonomy":"product_tag","embeddable":true,"href":"https:\/\/bicycool.pl\/index.php?rest_route=%2Fwp%2Fv2%2Fproduct_tag&post=2095"}],"curies":[{"name":"wp","href":"https:\/\/api.w.org\/{rel}","templated":true}]}}