{"id":2099,"date":"2024-12-04T17:28:50","date_gmt":"2024-12-04T16:28:50","guid":{"rendered":"https:\/\/bicycool.pl\/?post_type=product&#038;p=2099"},"modified":"2025-01-04T21:54:47","modified_gmt":"2025-01-04T20:54:47","slug":"rower-trekkingowy-damski-tabou-kinetic-5-0-w","status":"publish","type":"product","link":"https:\/\/bicycool.pl\/?product=rower-trekkingowy-damski-tabou-kinetic-5-0-w","title":{"rendered":"Rower trekkingowy damski TABOU KINETIC 5.0 W"},"content":{"rendered":"<h1 class=\"product_title entry-title font-size-50 mb-2\">Rower trekkingowy damski TABOU KINETIC 5.0 W<\/h1>\n<h2>Rower o nowoczesnej konstrukcji z ram\u0105 wykonan\u0105 w technologii Hydroforming, wyposa\u017cony w sprawdzony nap\u0119d Shimano (27 bieg\u00f3w), idealny do miejskich oraz turystycznych przeja\u017cd\u017cek. Dzi\u0119ki amortyzowanemu widelcowi, szerokim oponom i regulowanemu wspornikowi siod\u0142a, zapewnia komfort i p\u0142ynno\u015b\u0107 jazdy. Wyposa\u017cony w b\u0142otniki, baga\u017cnik, o\u015bwietlenie oraz podp\u00f3rk\u0119. Jest gotowy na codzienne u\u017cytkowanie.<\/h2>\n<p><strong>Specyfikacja:<\/strong><\/p>\n<p><strong>Rama:<\/strong><\/p>\n<ul>\n<li>Typ: 700C \/ Aluminium \/ Hydroforming<\/li>\n<li><strong>Rozmiar: 19&#8243;<\/strong><\/li>\n<\/ul>\n<p><strong>Widelec:<\/strong><\/p>\n<ul>\n<li>Model: SUNTOUR NEX DS HLO<\/li>\n<li>Funkcje: Lock Out, 63mm Travel<\/li>\n<\/ul>\n<p><strong>Komplet sterowy:<\/strong><\/p>\n<ul>\n<li>NECO \/ Semi Integrated<\/li>\n<\/ul>\n<hr \/>\n<p><strong>Nap\u0119d:<\/strong><\/p>\n<ul>\n<li><strong>Mechanizm korbowy:<\/strong> SHIMANO ALIVIO T4060 \/ 48\/38\/28T<\/li>\n<li><strong>\u015arodek suportu:<\/strong> SHIMANO BB-52 \/ HOLLOWTECH II<\/li>\n<li><strong>Przerzutka przednia:<\/strong> SHIMANO ACERA T3000<\/li>\n<li><strong>Przerzutka tylna:<\/strong> SHIMANO DEORE M592<\/li>\n<li><strong>Manetki:<\/strong> SHIMANO ALTUS M2010<\/li>\n<li><strong>Kaseta:<\/strong> SHIMANO ALTUS HG200 \/ 11-32T<\/li>\n<li><strong>\u0141a\u0144cuch:<\/strong> KMC Z-99<\/li>\n<\/ul>\n<hr \/>\n<p><strong>Ko\u0142a:<\/strong><\/p>\n<ul>\n<li><strong>Piasty:<\/strong> SHIMANO DYNAMO \/ RM35 \/ Aluminium \/ QR<\/li>\n<li><strong>Obr\u0119cze:<\/strong> Aluminium \/ Czarny<\/li>\n<li><strong>Szprychy:<\/strong> Stainless \/ Czarny<\/li>\n<li><strong>Opony:<\/strong> SCHWALBE ROAD CRUISER \/ 700x40C<\/li>\n<li><strong>D\u0119tki:<\/strong> SV \/ Presta<\/li>\n<\/ul>\n<hr \/>\n<p><strong>Komponenty:<\/strong><\/p>\n<ul>\n<li><strong>Hamulce:<\/strong> SHIMANO ALTUS MT200 Disc Brake \/ Rotor 160mm<\/li>\n<li><strong>D\u017awignie hamulca:<\/strong> SHIMANO ALTUS MT200<\/li>\n<li><strong>B\u0142otniki:<\/strong> ORION \/ Plastik<\/li>\n<li><strong>Peda\u0142y:<\/strong> Aluminium \/ Non-Slip<\/li>\n<li><strong>Kierownica:<\/strong> Aluminium \/ 620mm \/ 31.8mm<\/li>\n<li><strong>Chwyty kierownicy:<\/strong> Komfortowe<\/li>\n<li><strong>Wspornik kierownicy:<\/strong> Aluminium \/ Ahead \/ Regulowany<\/li>\n<li><strong>Wspornik siod\u0142a:<\/strong> Aluminium \/ Zawieszenie \/ 27.2mm<\/li>\n<li><strong>Siod\u0142o:<\/strong> SELLE ROYAL LOOKIN \/ Gel<\/li>\n<li><strong>Podp\u00f3rka:<\/strong> MASSLOAD \/ Aluminium \/ Regulowana<\/li>\n<li><strong>Baga\u017cnik:<\/strong> ATRAN VELO \/ Aluminium \/ Spr\u0119\u017cyna \/ Gumowe paski<\/li>\n<\/ul>\n<hr \/>\n<p><strong>O\u015bwietlenie:<\/strong><\/p>\n<ul>\n<li><strong>Prz\u00f3d:<\/strong> AXA BASTA ECHO SWITCH<\/li>\n<li><strong>Ty\u0142:<\/strong> RIFF STEADY \/ Dynamo<\/li>\n<\/ul>\n<hr \/>\n<p><strong>Dodatkowe informacje:<\/strong><\/p>\n<ul>\n<li><strong>Liczba bieg\u00f3w:<\/strong> 27<\/li>\n<li><strong>Waga:<\/strong> 16,4 kg<\/li>\n<li><strong>Cena:<\/strong> brak danych<\/li>\n<\/ul>\n<hr \/>\n<p>&nbsp;<\/p>\n","protected":false},"excerpt":{"rendered":"<p>Rower trekkingowy damski TABOU KINETIC 5.0 W<\/p>\n","protected":false},"featured_media":2101,"comment_status":"open","ping_status":"closed","template":"","meta":[],"product_brand":[],"product_cat":[26,23,227],"product_tag":[196,195],"class_list":{"0":"post-2099","1":"product","2":"type-product","3":"status-publish","4":"has-post-thumbnail","6":"product_cat-rowery-2","7":"product_cat-rowery","8":"product_cat-turystyczne","9":"product_tag-kinetic-5-0","10":"product_tag-tabou","11":"product_shipping_class-rower","13":"first","14":"instock","15":"shipping-taxable","16":"purchasable","17":"product-type-simple"},"_links":{"self":[{"href":"https:\/\/bicycool.pl\/index.php?rest_route=\/wp\/v2\/product\/2099","targetHints":{"allow":["GET"]}}],"collection":[{"href":"https:\/\/bicycool.pl\/index.php?rest_route=\/wp\/v2\/product"}],"about":[{"href":"https:\/\/bicycool.pl\/index.php?rest_route=\/wp\/v2\/types\/product"}],"replies":[{"embeddable":true,"href":"https:\/\/bicycool.pl\/index.php?rest_route=%2Fwp%2Fv2%2Fcomments&post=2099"}],"wp:featuredmedia":[{"embeddable":true,"href":"https:\/\/bicycool.pl\/index.php?rest_route=\/wp\/v2\/media\/2101"}],"wp:attachment":[{"href":"https:\/\/bicycool.pl\/index.php?rest_route=%2Fwp%2Fv2%2Fmedia&parent=2099"}],"wp:term":[{"taxonomy":"product_brand","embeddable":true,"href":"https:\/\/bicycool.pl\/index.php?rest_route=%2Fwp%2Fv2%2Fproduct_brand&post=2099"},{"taxonomy":"product_cat","embeddable":true,"href":"https:\/\/bicycool.pl\/index.php?rest_route=%2Fwp%2Fv2%2Fproduct_cat&post=2099"},{"taxonomy":"product_tag","embeddable":true,"href":"https:\/\/bicycool.pl\/index.php?rest_route=%2Fwp%2Fv2%2Fproduct_tag&post=2099"}],"curies":[{"name":"wp","href":"https:\/\/api.w.org\/{rel}","templated":true}]}}