{"id":2109,"date":"2024-12-05T10:58:08","date_gmt":"2024-12-05T09:58:08","guid":{"rendered":"https:\/\/bicycool.pl\/?post_type=product&#038;p=2109"},"modified":"2024-12-05T11:00:14","modified_gmt":"2024-12-05T10:00:14","slug":"rower-mtb-maxim-ms-3-8","status":"publish","type":"product","link":"https:\/\/bicycool.pl\/?product=rower-mtb-maxim-ms-3-8","title":{"rendered":"Rower MTB Maxim MS 3.8"},"content":{"rendered":"<h1 class=\"product_title entry-title font-size-50 mb-2\">Rower MTB MAXIM MS 3.8<\/h1>\n<p><strong>Marka:<\/strong> Maxim<\/p>\n<p><strong>Rama:<\/strong><\/p>\n<ul>\n<li>Materia\u0142: Aluminium 6061<\/li>\n<li><strong>Rozmiar: 19&#8243;<\/strong><\/li>\n<\/ul>\n<p><strong>Widelec:<\/strong><\/p>\n<ul>\n<li>Typ: Amortyzowany Spinner 300 Lockout<\/li>\n<\/ul>\n<p><strong>Nap\u0119d:<\/strong><\/p>\n<ul>\n<li>Ilo\u015b\u0107 bieg\u00f3w: 18<\/li>\n<li>Przerzutka przednia: Shimano Altus<\/li>\n<li>Przerzutka tylna: Shimano Altus<\/li>\n<li>Manetki: Shimano Altus<\/li>\n<li>Korba: Shimano FC-MT 36&#215;22<\/li>\n<li>Kaseta\/Wolnobieg: Shimano CSH201, 9-rz\u0119d\u00f3w<\/li>\n<\/ul>\n<p><strong>Hamulce:<\/strong><\/p>\n<ul>\n<li>Typ: Hydrauliczne<\/li>\n<li>Hamulec przedni: Shimano AM-365<\/li>\n<li>Hamulec tylny: Shimano AM-T20<\/li>\n<\/ul>\n<p><strong>Ko\u0142a:<\/strong><\/p>\n<ul>\n<li>Rozmiar k\u00f3\u0142: 29&#8243;<\/li>\n<li>Opony prz\u00f3d\/ty\u0142: 29 x 2,10 C-1820 PIT KIRSON COMP<\/li>\n<\/ul>\n<p><strong>Pozosta\u0142e informacje:<\/strong><\/p>\n<ul>\n<li>Waga: 16,48 kg<\/li>\n<\/ul>\n","protected":false},"excerpt":{"rendered":"<p>Rower Maxim<\/p>\n","protected":false},"featured_media":2110,"comment_status":"open","ping_status":"closed","template":"","meta":[],"product_brand":[],"product_cat":[48,26,23],"product_tag":[74,198],"class_list":{"0":"post-2109","1":"product","2":"type-product","3":"status-publish","4":"has-post-thumbnail","6":"product_cat-mtb","7":"product_cat-rowery-2","8":"product_cat-rowery","9":"product_tag-maxim","10":"product_tag-zasada-rowery","11":"product_shipping_class-rower","13":"first","14":"instock","15":"shipping-taxable","16":"purchasable","17":"product-type-simple"},"_links":{"self":[{"href":"https:\/\/bicycool.pl\/index.php?rest_route=\/wp\/v2\/product\/2109","targetHints":{"allow":["GET"]}}],"collection":[{"href":"https:\/\/bicycool.pl\/index.php?rest_route=\/wp\/v2\/product"}],"about":[{"href":"https:\/\/bicycool.pl\/index.php?rest_route=\/wp\/v2\/types\/product"}],"replies":[{"embeddable":true,"href":"https:\/\/bicycool.pl\/index.php?rest_route=%2Fwp%2Fv2%2Fcomments&post=2109"}],"wp:featuredmedia":[{"embeddable":true,"href":"https:\/\/bicycool.pl\/index.php?rest_route=\/wp\/v2\/media\/2110"}],"wp:attachment":[{"href":"https:\/\/bicycool.pl\/index.php?rest_route=%2Fwp%2Fv2%2Fmedia&parent=2109"}],"wp:term":[{"taxonomy":"product_brand","embeddable":true,"href":"https:\/\/bicycool.pl\/index.php?rest_route=%2Fwp%2Fv2%2Fproduct_brand&post=2109"},{"taxonomy":"product_cat","embeddable":true,"href":"https:\/\/bicycool.pl\/index.php?rest_route=%2Fwp%2Fv2%2Fproduct_cat&post=2109"},{"taxonomy":"product_tag","embeddable":true,"href":"https:\/\/bicycool.pl\/index.php?rest_route=%2Fwp%2Fv2%2Fproduct_tag&post=2109"}],"curies":[{"name":"wp","href":"https:\/\/api.w.org\/{rel}","templated":true}]}}