{"id":2111,"date":"2024-12-05T11:04:58","date_gmt":"2024-12-05T10:04:58","guid":{"rendered":"https:\/\/bicycool.pl\/?post_type=product&#038;p=2111"},"modified":"2025-12-22T17:06:25","modified_gmt":"2025-12-22T16:06:25","slug":"rower-mtb-kellys-spider-30-black-26-xxs","status":"publish","type":"product","link":"https:\/\/bicycool.pl\/?product=rower-mtb-kellys-spider-30-black-26-xxs","title":{"rendered":"Rower MTB Kellys SPIDER 30 Black 26&#8243; XXS"},"content":{"rendered":"<h1 class=\"product_title entry-title font-size-50 mb-2\">Rower MTB Kellys SPIDER 30 Black 26&#8243;<\/h1>\n<h3>Specyfikacja roweru <strong>Kellys Alutec RRC 26&#8243; &#8211; Race Ready Concept<\/strong><\/h3>\n<p><strong>Rama:<\/strong><\/p>\n<ul>\n<li>Kellys Alutec RRC 26&#8243;<\/li>\n<li><strong>Rozmiar: XXS<\/strong><\/li>\n<\/ul>\n<p><strong>Widelec:<\/strong><\/p>\n<ul>\n<li>SR Suntour XCE28 DS (26&#8243;), 100 mm, spr\u0119\u017cyna stalowa<\/li>\n<\/ul>\n<p><strong>Korby:<\/strong><\/p>\n<ul>\n<li>Shimano TY301 (42x34x24T), d\u0142ugo\u015b\u0107 170 mm<\/li>\n<\/ul>\n<p><strong>Przerzutki:<\/strong><\/p>\n<ul>\n<li><strong>Ty\u0142:<\/strong> Shimano TX800 (direct mount)<\/li>\n<li><strong>Prz\u00f3d:<\/strong> Shimano TY600 (34.9 mm)<\/li>\n<\/ul>\n<p><strong>Manetki:<\/strong><\/p>\n<ul>\n<li>Shimano ST-EF500-8 EZ-Fire Plus<\/li>\n<\/ul>\n<p><strong>Ilo\u015b\u0107 bieg\u00f3w:<\/strong><\/p>\n<ul>\n<li>24<\/li>\n<\/ul>\n<p><strong>Kaseta:<\/strong><\/p>\n<ul>\n<li>Shimano CS-HG200-8 (12-32T)<\/li>\n<\/ul>\n<p><strong>\u0141a\u0144cuch:<\/strong><\/p>\n<ul>\n<li>KMC Z8 (108 ogniw)<\/li>\n<\/ul>\n<p><strong>Hamulce:<\/strong><\/p>\n<ul>\n<li>Mechaniczne tarczowe<\/li>\n<li>Tarcze hamulcowe: 160 mm (prz\u00f3d i ty\u0142)<\/li>\n<li>D\u017awignie hamulcowe: Shimano ST-EF500-8 EZ-Fire Plus<\/li>\n<\/ul>\n<p><strong>Piasty:<\/strong><\/p>\n<ul>\n<li>KLS Firework Disc (32 otwory)<\/li>\n<\/ul>\n<p><strong>Obr\u0119cze:<\/strong><\/p>\n<ul>\n<li>KLS Draft Disc 559&#215;21 (32 otwory)<\/li>\n<\/ul>\n<p><strong>Szprychy:<\/strong><\/p>\n<ul>\n<li>Stalowe<\/li>\n<\/ul>\n<p><strong>Opony:<\/strong><\/p>\n<ul>\n<li>IMPAC Ridgepac lub WTB Nano 54-559 (26&#8243;x2.10)<\/li>\n<\/ul>\n<p><strong>Ster:<\/strong><\/p>\n<ul>\n<li>P\u00f3\u0142zintegrowany<\/li>\n<\/ul>\n<p><strong>Support:<\/strong><\/p>\n<ul>\n<li>Wk\u0142ad suportu: cartridge (122 mm)<\/li>\n<\/ul>\n<p><strong>Wspornik kierownicy:<\/strong><\/p>\n<ul>\n<li>KLS Active: \u015brednica 28.6 mm \/ mocowanie kierownicy 31.8 mm \/ k\u0105t 8\u00b0 \/ d\u0142ugo\u015b\u0107 75 mm<\/li>\n<\/ul>\n<p><strong>Kierownica:<\/strong><\/p>\n<ul>\n<li>KLS Active RiseBar: \u015brednica 31.8 mm \/ wznios 18 mm<\/li>\n<li>Szeroko\u015b\u0107: 600 mm (XXS), 620 mm (XS)<\/li>\n<\/ul>\n<p><strong>Chwyty:<\/strong><\/p>\n<ul>\n<li>KLS Advancer<\/li>\n<\/ul>\n<p><strong>Sztyca:<\/strong><\/p>\n<ul>\n<li>KLS Active: \u015brednica 30.9 mm \/ d\u0142ugo\u015b\u0107 350 mm<\/li>\n<\/ul>\n<p><strong>Siod\u0142o:<\/strong><\/p>\n<ul>\n<li>KLS Sentinel 2<\/li>\n<\/ul>\n<p><strong>Peda\u0142y:<\/strong><\/p>\n<ul>\n<li>Aluminiowe<\/li>\n<\/ul>\n","protected":false},"excerpt":{"rendered":"<p>Rower Kellys<\/p>\n","protected":false},"featured_media":2112,"comment_status":"open","ping_status":"closed","template":"","meta":[],"product_brand":[],"product_cat":[48,26,23],"product_tag":[63,199],"class_list":{"0":"post-2111","1":"product","2":"type-product","3":"status-publish","4":"has-post-thumbnail","6":"product_cat-mtb","7":"product_cat-rowery-2","8":"product_cat-rowery","9":"product_tag-kellys","10":"product_tag-kellys-bikes","11":"product_shipping_class-rower","13":"first","14":"outofstock","15":"shipping-taxable","16":"purchasable","17":"product-type-simple"},"_links":{"self":[{"href":"https:\/\/bicycool.pl\/index.php?rest_route=\/wp\/v2\/product\/2111","targetHints":{"allow":["GET"]}}],"collection":[{"href":"https:\/\/bicycool.pl\/index.php?rest_route=\/wp\/v2\/product"}],"about":[{"href":"https:\/\/bicycool.pl\/index.php?rest_route=\/wp\/v2\/types\/product"}],"replies":[{"embeddable":true,"href":"https:\/\/bicycool.pl\/index.php?rest_route=%2Fwp%2Fv2%2Fcomments&post=2111"}],"wp:featuredmedia":[{"embeddable":true,"href":"https:\/\/bicycool.pl\/index.php?rest_route=\/wp\/v2\/media\/2112"}],"wp:attachment":[{"href":"https:\/\/bicycool.pl\/index.php?rest_route=%2Fwp%2Fv2%2Fmedia&parent=2111"}],"wp:term":[{"taxonomy":"product_brand","embeddable":true,"href":"https:\/\/bicycool.pl\/index.php?rest_route=%2Fwp%2Fv2%2Fproduct_brand&post=2111"},{"taxonomy":"product_cat","embeddable":true,"href":"https:\/\/bicycool.pl\/index.php?rest_route=%2Fwp%2Fv2%2Fproduct_cat&post=2111"},{"taxonomy":"product_tag","embeddable":true,"href":"https:\/\/bicycool.pl\/index.php?rest_route=%2Fwp%2Fv2%2Fproduct_tag&post=2111"}],"curies":[{"name":"wp","href":"https:\/\/api.w.org\/{rel}","templated":true}]}}