{"id":2116,"date":"2024-12-05T11:24:43","date_gmt":"2024-12-05T10:24:43","guid":{"rendered":"https:\/\/bicycool.pl\/?post_type=product&#038;p=2116"},"modified":"2025-12-22T17:05:46","modified_gmt":"2025-12-22T16:05:46","slug":"rower-tabou-queen-24-nexus-3","status":"publish","type":"product","link":"https:\/\/bicycool.pl\/?product=rower-tabou-queen-24-nexus-3","title":{"rendered":"Rower Tabou QUEEN 24&#8243; Nexus 3"},"content":{"rendered":"<h2>Rower Tabou QUEEN 24&#8243;<\/h2>\n<h3>Specyfikacja roweru<\/h3>\n<p><strong>Rama:<\/strong><\/p>\n<ul>\n<li>Materia\u0142: Aluminium (ALU) \/ Hydroforming<\/li>\n<li><strong>Rozmiar: 13&#8243;<\/strong><\/li>\n<\/ul>\n<p><strong>Widelec:<\/strong><\/p>\n<ul>\n<li>Sztywny (RIGID) \/ Stalowy<\/li>\n<\/ul>\n<p><strong>Komplet sterowy:<\/strong><\/p>\n<ul>\n<li>P\u00f3\u0142zintegrowany<\/li>\n<\/ul>\n<hr \/>\n<h3>Nap\u0119d<\/h3>\n<p><strong>Mechanizm korbowy:<\/strong><\/p>\n<ul>\n<li>PROWHEEL, 38T<\/li>\n<\/ul>\n<p><strong>\u015arodek suportu:<\/strong><\/p>\n<ul>\n<li>Wk\u0142ad suportu: Cartridge<\/li>\n<\/ul>\n<p><strong>Przerzutki:<\/strong><\/p>\n<ul>\n<li><strong>Tylna:<\/strong> Shimano Nexus 3<\/li>\n<\/ul>\n<p><strong>Manetki:<\/strong><\/p>\n<ul>\n<li>Shimano Nexus 3<\/li>\n<\/ul>\n<p><strong>Kaseta:<\/strong><\/p>\n<ul>\n<li>Shimano Nexus 3<\/li>\n<\/ul>\n<p><strong>\u0141a\u0144cuch:<\/strong><\/p>\n<ul>\n<li>KMC S-1<\/li>\n<\/ul>\n<hr \/>\n<h3>Ko\u0142a<\/h3>\n<p><strong>Piasty:<\/strong><\/p>\n<ul>\n<li>Aluminium (ALU), mocowanie na nakr\u0119tki (NUT)<\/li>\n<\/ul>\n<p><strong>Obr\u0119cze:<\/strong><\/p>\n<ul>\n<li>Aluminium (ALU) \/ CNC, kolor bia\u0142y<\/li>\n<\/ul>\n<p><strong>Szprychy:<\/strong><\/p>\n<ul>\n<li>Stalowe UCP<\/li>\n<\/ul>\n<p><strong>Opony:<\/strong><\/p>\n<ul>\n<li>DSI 24&#215;1.75<\/li>\n<\/ul>\n<p><strong>D\u0119tki:<\/strong><\/p>\n<ul>\n<li>AV (zaw\u00f3r Schrader)<\/li>\n<\/ul>\n<hr \/>\n<h3>Komponenty<\/h3>\n<p><strong>Hamulce:<\/strong><\/p>\n<ul>\n<li>Typ: V-brake \/ Aluminium<\/li>\n<\/ul>\n<p><strong>D\u017awignie hamulca:<\/strong><\/p>\n<ul>\n<li>Aluminium, typ Junior<\/li>\n<\/ul>\n<p><strong>B\u0142otniki:<\/strong><\/p>\n<ul>\n<li>Plastikowe<\/li>\n<\/ul>\n<p><strong>Peda\u0142y:<\/strong><\/p>\n<ul>\n<li>Standardowe<\/li>\n<\/ul>\n<p><strong>Kierownica:<\/strong><\/p>\n<ul>\n<li>Stalowa, szeroko\u015b\u0107 540 mm<\/li>\n<\/ul>\n<p><strong>Chwyty kierownicy:<\/strong><\/p>\n<ul>\n<li>Komfortowe (Comfort)<\/li>\n<\/ul>\n<p><strong>Wspornik kierownicy:<\/strong><\/p>\n<ul>\n<li>Aluminium (City), d\u0142ugo\u015b\u0107 40 mm<\/li>\n<\/ul>\n<p><strong>Wspornik siod\u0142a:<\/strong><\/p>\n<ul>\n<li>Aluminium<\/li>\n<\/ul>\n<p><strong>Siod\u0142o:<\/strong><\/p>\n<ul>\n<li>Tabou Junior City<\/li>\n<\/ul>\n<p><strong>Podp\u00f3rka:<\/strong><\/p>\n<ul>\n<li>Aluminium<\/li>\n<\/ul>\n<p><strong>Baga\u017cnik:<\/strong><\/p>\n<ul>\n<li>Stalowy<\/li>\n<\/ul>\n<p><strong>O\u015bwietlenie:<\/strong><\/p>\n<ul>\n<li>Brak<\/li>\n<\/ul>\n<p><strong>Inne:<\/strong><\/p>\n<ul>\n<li>Brak<\/li>\n<\/ul>\n<hr \/>\n<h3>Dodatkowe informacje<\/h3>\n<p><strong>Waga:<\/strong><\/p>\n<ul>\n<li>13.5 kg<\/li>\n<\/ul>\n","protected":false},"excerpt":{"rendered":"<p>Tabou queen<\/p>\n","protected":false},"featured_media":2117,"comment_status":"open","ping_status":"closed","template":"","meta":[],"product_brand":[],"product_cat":[26,42,23],"product_tag":[195],"class_list":{"0":"post-2116","1":"product","2":"type-product","3":"status-publish","4":"has-post-thumbnail","6":"product_cat-rowery-2","7":"product_cat-kids","8":"product_cat-rowery","9":"product_tag-tabou","10":"product_shipping_class-rower","12":"first","13":"outofstock","14":"shipping-taxable","15":"purchasable","16":"product-type-simple"},"_links":{"self":[{"href":"https:\/\/bicycool.pl\/index.php?rest_route=\/wp\/v2\/product\/2116","targetHints":{"allow":["GET"]}}],"collection":[{"href":"https:\/\/bicycool.pl\/index.php?rest_route=\/wp\/v2\/product"}],"about":[{"href":"https:\/\/bicycool.pl\/index.php?rest_route=\/wp\/v2\/types\/product"}],"replies":[{"embeddable":true,"href":"https:\/\/bicycool.pl\/index.php?rest_route=%2Fwp%2Fv2%2Fcomments&post=2116"}],"wp:featuredmedia":[{"embeddable":true,"href":"https:\/\/bicycool.pl\/index.php?rest_route=\/wp\/v2\/media\/2117"}],"wp:attachment":[{"href":"https:\/\/bicycool.pl\/index.php?rest_route=%2Fwp%2Fv2%2Fmedia&parent=2116"}],"wp:term":[{"taxonomy":"product_brand","embeddable":true,"href":"https:\/\/bicycool.pl\/index.php?rest_route=%2Fwp%2Fv2%2Fproduct_brand&post=2116"},{"taxonomy":"product_cat","embeddable":true,"href":"https:\/\/bicycool.pl\/index.php?rest_route=%2Fwp%2Fv2%2Fproduct_cat&post=2116"},{"taxonomy":"product_tag","embeddable":true,"href":"https:\/\/bicycool.pl\/index.php?rest_route=%2Fwp%2Fv2%2Fproduct_tag&post=2116"}],"curies":[{"name":"wp","href":"https:\/\/api.w.org\/{rel}","templated":true}]}}