{"id":2133,"date":"2024-12-05T12:33:54","date_gmt":"2024-12-05T11:33:54","guid":{"rendered":"https:\/\/bicycool.pl\/?post_type=product&#038;p=2133"},"modified":"2024-12-05T12:37:22","modified_gmt":"2024-12-05T11:37:22","slug":"rower-mtb-xc-859-matte-petrol","status":"publish","type":"product","link":"https:\/\/bicycool.pl\/?product=rower-mtb-xc-859-matte-petrol","title":{"rendered":"Rower MTB XC 859 MATTE PETROL"},"content":{"rendered":"<h1>Rower MTB XC 859<\/h1>\n<h3>Rower idealny na d\u0142ugie, ca\u0142odzienne wyprawy poza utwardzone szlaki. Dla zapewnienia najwy\u017cszego komfortu przy jednoczesnym zachowaniu sportowego charakteru, ka\u017cdy rozmiar wyposa\u017camy w komponenty dostosowane do wzrostu rowerzysty. Amortyzowany widelec z hydrauliczn\u0105 blokad\u0105 skutecznie niweluje nier\u00f3wno\u015bci terenu, a hydrauliczne hamulce tarczowe Shimano gwarantuj\u0105 pewne hamowanie nawet w deszczowych warunkach. Zadbali\u015bmy o \u0142atw\u0105 i intuicyjn\u0105 obs\u0142ug\u0119, a konfiguracja bieg\u00f3w 2&#215;9 pozwala na bezproblemowe zdobywanie wzniesie\u0144. Wszechstronne opony z ochron\u0105 przed przebiciami zapewni\u0105 bezpiecze\u0144stwo na szlaku, nie trac\u0105c przy tym pr\u0119dko\u015bci na asfalcie.<\/h3>\n<h3>Specyfikacja roweru<\/h3>\n<p><strong>FRAMESET<\/strong><br \/>\n<strong>Rama:<\/strong> Aluminium 6061 T6 Double Butted, Smooth Welding, Sport Woman Geometry, Conical Head Tube, BB BSA 73 mm, IDK dropout, wewn\u0119trzne prowadzenie kabli<br \/>\n<strong>Stery:<\/strong> FSA Orbit 1.5B No.57B, Zero Stack, 1-1\/8&#8243;<br \/>\n<strong>Widelec:<\/strong> SR Suntour XCM HLO, 1-1\/8&#8243;, spr\u0119\u017cyna, QR Type, hydrauliczna blokada, skok 100 mm<br \/>\n<strong>Kolor:<\/strong> Matowy ciemny petrol \/ turkus<br \/>\n<strong>Rozmiary: <\/strong>16&#8243; (S), 18&#8243; (M), 20&#8243; (L), 22&#8243;\u00a0(XL)<\/p>\n<p><strong>NAP\u0118D<\/strong><br \/>\n<strong>Liczba bieg\u00f3w:<\/strong> 2&#215;9<br \/>\n<strong>Manetki:<\/strong> Shimano Alivio SL-M3100-2L (2-biegowa), Shimano Alivio SL-M3100-R (9-biegowa), RapidFire Plus<br \/>\n<strong>Przerzutka przednia:<\/strong> Shimano FD-M3120-M, Side Swing, Front-Pull<br \/>\n<strong>Przerzutka tylna:<\/strong> Shimano Alivio RD-M3100 Shadow<br \/>\n<strong>Mechanizm korbowy:<\/strong> Shimano FC-MT101, 36-22T<br \/>\n<strong>Kaseta:<\/strong> Shimano CS-HG200-9, 11-36T<br \/>\n<strong>Wk\u0142ad suportu:<\/strong> Shimano BB-UN101, 122.5 mm, BSA, shell 73 mm<br \/>\n<strong>\u0141a\u0144cuch:<\/strong> KMC X9<br \/>\n<strong>Peda\u0142y:<\/strong> Marwi SP-610<\/p>\n<p><strong>OSPRZ\u0118T<\/strong><br \/>\n<strong>Kierownica:<\/strong> ONE1 Alloy, MTB AL-312BT, 9\u00b0 backsweep, 12 mm rise, szeroko\u015b\u0107 720 mm, \u015brednica 31.8 mm<br \/>\n<strong>Mostek:<\/strong> ONE1 Sport MAS-D61248, Alloy, 31.8 mm, -8\u00b0<br \/>\n<strong>Chwyty:<\/strong> ONE1 VLG-1661D2N, Lock-On<br \/>\n<strong>Hamulce (prz\u00f3d\/ty\u0142):<\/strong> Shimano BL-MT200\/BR-MT200, hydrauliczne hamulce tarczowe<br \/>\n<strong>Siod\u0142o:<\/strong> Selle Royal Vivo DRN<br \/>\n<strong>Sztyca:<\/strong> ONE1 Sport Alloy, SP C207, \u015brednica 30.9 mm<\/p>\n<p><strong>KO\u0141A<\/strong><br \/>\n<strong>Przednia piasta:<\/strong> Shimano HB-TX505, 32H, Center Lock, QR Type<br \/>\n<strong>Tylna piasta:<\/strong> Shimano FH-TX505-8, 32H, Center Lock, M10x135 mm, QR Type<br \/>\n<strong>Obr\u0119cze:<\/strong> Stars J25DH, 32H<br \/>\n<strong>Opony:<\/strong> Schwalbe Smart Sam Performance, 28&#215;1.75&#8243;, ADDIX<br \/>\n<strong>Szprychy:<\/strong> Sapim Galvanized Black<\/p>\n<p><strong>WAGA<\/strong><br \/>\n14,6 kg<\/p>\n<p>&nbsp;<\/p>\n","protected":false},"excerpt":{"rendered":"<p>Rower Superior MTB<\/p>\n","protected":false},"featured_media":2135,"comment_status":"open","ping_status":"closed","template":"","meta":[],"product_brand":[],"product_cat":[48,26,23],"product_tag":[200],"class_list":{"0":"post-2133","1":"product","2":"type-product","3":"status-publish","4":"has-post-thumbnail","6":"product_cat-mtb","7":"product_cat-rowery-2","8":"product_cat-rowery","9":"product_tag-superior","10":"product_shipping_class-rower","12":"first","13":"instock","14":"shipping-taxable","15":"purchasable","16":"product-type-variable"},"_links":{"self":[{"href":"https:\/\/bicycool.pl\/index.php?rest_route=\/wp\/v2\/product\/2133","targetHints":{"allow":["GET"]}}],"collection":[{"href":"https:\/\/bicycool.pl\/index.php?rest_route=\/wp\/v2\/product"}],"about":[{"href":"https:\/\/bicycool.pl\/index.php?rest_route=\/wp\/v2\/types\/product"}],"replies":[{"embeddable":true,"href":"https:\/\/bicycool.pl\/index.php?rest_route=%2Fwp%2Fv2%2Fcomments&post=2133"}],"wp:featuredmedia":[{"embeddable":true,"href":"https:\/\/bicycool.pl\/index.php?rest_route=\/wp\/v2\/media\/2135"}],"wp:attachment":[{"href":"https:\/\/bicycool.pl\/index.php?rest_route=%2Fwp%2Fv2%2Fmedia&parent=2133"}],"wp:term":[{"taxonomy":"product_brand","embeddable":true,"href":"https:\/\/bicycool.pl\/index.php?rest_route=%2Fwp%2Fv2%2Fproduct_brand&post=2133"},{"taxonomy":"product_cat","embeddable":true,"href":"https:\/\/bicycool.pl\/index.php?rest_route=%2Fwp%2Fv2%2Fproduct_cat&post=2133"},{"taxonomy":"product_tag","embeddable":true,"href":"https:\/\/bicycool.pl\/index.php?rest_route=%2Fwp%2Fv2%2Fproduct_tag&post=2133"}],"curies":[{"name":"wp","href":"https:\/\/api.w.org\/{rel}","templated":true}]}}