{"id":2137,"date":"2024-12-05T12:40:37","date_gmt":"2024-12-05T11:40:37","guid":{"rendered":"https:\/\/bicycool.pl\/?post_type=product&#038;p=2137"},"modified":"2025-12-22T17:03:57","modified_gmt":"2025-12-22T16:03:57","slug":"rower-mtb-xc-819","status":"publish","type":"product","link":"https:\/\/bicycool.pl\/?product=rower-mtb-xc-819","title":{"rendered":"Rower MTB XC 819"},"content":{"rendered":"<h1>Rower MTB XC 819<\/h1>\n<h2>Rower g\u00f3rski stworzony z my\u015bl\u0105 o pocz\u0105tkuj\u0105cych, oferuj\u0105cy lekko\u015b\u0107, wysok\u0105 jako\u015b\u0107 i komfort jazdy. Dzi\u0119ki zoptymalizowanej geometrii ramy i starannemu doborowi materia\u0142\u00f3w, jazda jest szybsza i mniej m\u0119cz\u0105ca. Konstrukcja pozwala na d\u0142u\u017csz\u0105 jazd\u0119 przy mniejszym wysi\u0142ku. Komponenty dobrane z my\u015bl\u0105 o niezawodno\u015bci i d\u0142ugowieczno\u015bci: zawieszenie Suntour, ergonomiczne siode\u0142ko i chwyty, akcesoria ONE1 oraz opony Schwalbe, kt\u00f3re oferuj\u0105 doskona\u0142\u0105 przyczepno\u015b\u0107 i niskie opory toczenia na asfalcie. Konfiguracja prze\u0142o\u017ce\u0144 2&#215;8 zapewnia szeroki zakres, idealny do wi\u0119kszo\u015bci tras, a podw\u00f3jna z\u0119batka z przodu u\u0142atwia p\u0142ynne zmiany bieg\u00f3w. Przemy\u015blana konstrukcja, zaczerpni\u0119ta z naszych topowych rower\u00f3w wy\u015bcigowych, sprawia, \u017ce model XC 819 wyr\u00f3\u017cnia si\u0119 elegancj\u0105 i wydajno\u015bci\u0105 w swojej klasie.<\/h2>\n<h3>Specyfikacja roweru<\/h3>\n<p>&nbsp;<\/p>\n<p><strong>FRAMESET<\/strong><br \/>\n<strong>Rama<\/strong>: Alu 6061 T6 Double Butted, Smooth Welding, Sport Geometry, Conical Head Tube, BB BSA 73 mm, IDK dropout, Inner cable routing<br \/>\n<strong>Ster<\/strong>: FSA Orbit 1.5B No.57B, Zero Stack, 1-1\/8&#8243;<br \/>\n<strong>Widelec<\/strong>: SR Suntour XCT30, 1-1\/8&#8243;, Coil, QR Type, 100mm travel<br \/>\n<strong>Kolor<\/strong>: Matte Black\/White\/Team Red<br \/>\n<strong>Rozmiary<\/strong>: 16.0&#8243; (S), 18.0&#8243; (M), 20&#8243; (L), 22&#8243; (XL)<\/p>\n<p><strong>NAP\u0118D<\/strong><br \/>\n<strong>Biegi<\/strong>: 2&#215;8<br \/>\n<strong>Manetka<\/strong>: Shimano Altus SL-M315-2L RapidFire Plus, 2-speed, Shimano Altus SL-M315-8R RapidFire Plus, 8-speed<br \/>\n<strong>Przerzutka prz\u00f3d<\/strong>: Shimano TY FD-TY710-2-TS3, Top Swing, Dual-Pull<br \/>\n<strong>Przerzutka ty\u0142<\/strong>: Shimano Altus RD-M310-L<br \/>\n<strong>Mechanizm korbowy<\/strong>: Shimano TY FC-TY501, 46-30T<br \/>\n<strong>Kaseta<\/strong>: Shimano CS-HG31-8, 11-34T<br \/>\n<strong>Wk\u0142ad suportu<\/strong>: Shimano BB-UN101 122.5mm, BSA, shell 73mm<br \/>\n<strong>\u0141a\u0144cuch<\/strong>: KMC Z8.3<br \/>\n<strong>Peda\u0142y<\/strong>: Marwi SP-610<\/p>\n<p><strong>OSPRZ\u0118T<\/strong><br \/>\n<strong>Kierownica<\/strong>: ONE1 Alloy, MTB AL-312BT, 9\u00b0 backsweep, 12mm rise, 740mm, 31.8mm<br \/>\n<strong>Mostek<\/strong>: ONE1 Sport MAS-D61248 Alloy, 31.8mm, -8\u00b0<br \/>\n<strong>Chwyty<\/strong>: ONE1 VLG-1661D2N, Lock-On<br \/>\n<strong>Hamulce (prz\u00f3d\/ty\u0142)<\/strong>: Shimano BL-MT200\/BR-MT200, hydraulic disc brake<br \/>\n<strong>Siod\u0142o<\/strong>: Selle Royal Vivo HRN<br \/>\n<strong>Sztyca<\/strong>: ONE1 Sport Alloy, SP C207, 30.9mm<\/p>\n<p><strong>KO\u0141A<\/strong><br \/>\n<strong>Piasta prz\u00f3d<\/strong>: Shimano HB-TX505, 32H, Center Lock, QR Type<br \/>\n<strong>Piasta ty\u0142<\/strong>: Shimano FH-TX505-8, 32H, Center Lock, M10x135mm, QR Type<br \/>\n<strong>Obr\u0119cze<\/strong>: Stars J25DH, 32H<br \/>\n<strong>Opony<\/strong>: Schwalbe Smart Sam, 29&#215;2.10&#8243;<br \/>\n<strong>Szprychy<\/strong>: Sapim Galvanized Black<\/p>\n<p><strong>WAGA<\/strong><br \/>\n<strong>Waga<\/strong>: 15 kg<\/p>\n","protected":false},"excerpt":{"rendered":"<p>Rower Superior MTB<\/p>\n","protected":false},"featured_media":2139,"comment_status":"open","ping_status":"closed","template":"","meta":[],"product_brand":[],"product_cat":[48,26,23],"product_tag":[200],"class_list":{"0":"post-2137","1":"product","2":"type-product","3":"status-publish","4":"has-post-thumbnail","6":"product_cat-mtb","7":"product_cat-rowery-2","8":"product_cat-rowery","9":"product_tag-superior","10":"product_shipping_class-rower","12":"first","13":"instock","14":"shipping-taxable","15":"purchasable","16":"product-type-variable"},"_links":{"self":[{"href":"https:\/\/bicycool.pl\/index.php?rest_route=\/wp\/v2\/product\/2137","targetHints":{"allow":["GET"]}}],"collection":[{"href":"https:\/\/bicycool.pl\/index.php?rest_route=\/wp\/v2\/product"}],"about":[{"href":"https:\/\/bicycool.pl\/index.php?rest_route=\/wp\/v2\/types\/product"}],"replies":[{"embeddable":true,"href":"https:\/\/bicycool.pl\/index.php?rest_route=%2Fwp%2Fv2%2Fcomments&post=2137"}],"wp:featuredmedia":[{"embeddable":true,"href":"https:\/\/bicycool.pl\/index.php?rest_route=\/wp\/v2\/media\/2139"}],"wp:attachment":[{"href":"https:\/\/bicycool.pl\/index.php?rest_route=%2Fwp%2Fv2%2Fmedia&parent=2137"}],"wp:term":[{"taxonomy":"product_brand","embeddable":true,"href":"https:\/\/bicycool.pl\/index.php?rest_route=%2Fwp%2Fv2%2Fproduct_brand&post=2137"},{"taxonomy":"product_cat","embeddable":true,"href":"https:\/\/bicycool.pl\/index.php?rest_route=%2Fwp%2Fv2%2Fproduct_cat&post=2137"},{"taxonomy":"product_tag","embeddable":true,"href":"https:\/\/bicycool.pl\/index.php?rest_route=%2Fwp%2Fv2%2Fproduct_tag&post=2137"}],"curies":[{"name":"wp","href":"https:\/\/api.w.org\/{rel}","templated":true}]}}