{"id":2140,"date":"2024-12-05T12:59:43","date_gmt":"2024-12-05T11:59:43","guid":{"rendered":"https:\/\/bicycool.pl\/?post_type=product&#038;p=2140"},"modified":"2025-12-22T17:03:28","modified_gmt":"2025-12-22T16:03:28","slug":"rower-mtb-kellys-gate-30-dark","status":"publish","type":"product","link":"https:\/\/bicycool.pl\/?product=rower-mtb-kellys-gate-30-dark","title":{"rendered":"Rower MTB Kellys GATE 30 Dark"},"content":{"rendered":"<h1>Rower MTB Kellys GATE 30<\/h1>\n<p><strong>Rama<\/strong>: KELLYS Dynamic RRC 29, tapered HT, internal routing, 12&#215;148 mm Boost thru axle<\/p>\n<p><strong>Widelec<\/strong>: ROCK SHOX Recon Silver RL (29) Boost, 100 mm, Solo Air \/ Motion Control \/ OneLoc Remote Lockout \/ Maxle Lite 15 mm thru axle<\/p>\n<p><strong>Korby<\/strong>: SAMOX (34T) &#8211; length 170 mm (S), 175 mm (M &#8211; XL)<\/p>\n<p><strong>Przerzutka ty\u0142<\/strong>: SHIMANO Deore M6100 (direct mount)<\/p>\n<p><strong>Manetki<\/strong>: SHIMANO Deore SL-M6100-IR Rapidfire Plus (I-Spec EV)<\/p>\n<p><strong>Ilo\u015b\u0107 bieg\u00f3w<\/strong>: 12<\/p>\n<p><strong>Kaseta<\/strong>: SHIMANO CS-M6100-12 (10-51T)<\/p>\n<p><strong>\u0141a\u0144cuch<\/strong>: KMC X12 (114 links)<\/p>\n<p><strong>Hamulce<\/strong>: SHIMANO Deore MT410 Hydraulic Disc<\/p>\n<p><strong>D\u017awignie hamulcowe<\/strong>: SHIMANO Deore BL-M4100<\/p>\n<p><strong>Tarcze hamulcowe<\/strong>: 180 mm front \/ 160 mm rear<\/p>\n<p><strong>Piasty<\/strong>: SHIMANO MT400-B \/ Deore MT410-B Disc Center Lock (15&#215;110 mm \/ 12&#215;148 mm \/ 32 holes)<\/p>\n<p><strong>Obr\u0119cze<\/strong>: KLS Cartel Disc 622&#215;21 (32 holes)<\/p>\n<p><strong>Szprychy<\/strong>: Stainless steel black<\/p>\n<p><strong>Opony<\/strong>: SCHWALBE Rapid Rob 57-622 (29&#215;2.25) K-Guard<\/p>\n<p><strong>Ster<\/strong>: FSA 1.5 integrated<\/p>\n<p><strong>Suport<\/strong>: SAMOX cartridge<\/p>\n<p><strong>O\u015b thru axle<\/strong>: ROCK SHOX Maxle Lite 15&#215;110 mm front \/ NOVATEC 12&#215;148 mm rear<\/p>\n<p><strong>Wspornik kierownicy<\/strong>: KLS Advanced &#8211; diam 28.6 mm \/ bar bore 31.8 mm \/ 7\u00b0 \/ length 80 mm (S &#8211; M), 100 mm (L &#8211; XL)<\/p>\n<p><strong>Kierownica<\/strong>: KLS Advanced FlatBar &#8211; diam 31.8 mm \/ width 720 mm<\/p>\n<p><strong>Chwyty<\/strong>: KLS Advancer 2Density<\/p>\n<p><strong>Sztyca<\/strong>: KLS Active &#8211; diam 30.9 mm \/ length 350 mm (S), 400 mm (M &#8211; XL)<\/p>\n<p><strong>Siod\u0142o<\/strong>: KLS Avenger<\/p>\n<p><strong>Peda\u0142y<\/strong>: Plastic<\/p>\n","protected":false},"excerpt":{"rendered":"<p>Kellys Gate 29&#8243;<\/p>\n<p>Rozmiar M \u2013 170cm-185cm wzrostu<\/p>\n<p>Rozmiar L \u2013 180cm-195cm wzrostu<\/p>\n<p>Rozmiar XL \u2013 190cm-200cm wzrostu<\/p>\n","protected":false},"featured_media":2143,"comment_status":"open","ping_status":"closed","template":"","meta":[],"product_brand":[],"product_cat":[48,26,23],"product_tag":[63,49,202],"class_list":{"0":"post-2140","1":"product","2":"type-product","3":"status-publish","4":"has-post-thumbnail","6":"product_cat-mtb","7":"product_cat-rowery-2","8":"product_cat-rowery","9":"product_tag-kellys","10":"product_tag-mtb","11":"product_tag-rock-shox","12":"product_shipping_class-rower","14":"first","15":"instock","16":"shipping-taxable","17":"purchasable","18":"product-type-variable"},"_links":{"self":[{"href":"https:\/\/bicycool.pl\/index.php?rest_route=\/wp\/v2\/product\/2140","targetHints":{"allow":["GET"]}}],"collection":[{"href":"https:\/\/bicycool.pl\/index.php?rest_route=\/wp\/v2\/product"}],"about":[{"href":"https:\/\/bicycool.pl\/index.php?rest_route=\/wp\/v2\/types\/product"}],"replies":[{"embeddable":true,"href":"https:\/\/bicycool.pl\/index.php?rest_route=%2Fwp%2Fv2%2Fcomments&post=2140"}],"wp:featuredmedia":[{"embeddable":true,"href":"https:\/\/bicycool.pl\/index.php?rest_route=\/wp\/v2\/media\/2143"}],"wp:attachment":[{"href":"https:\/\/bicycool.pl\/index.php?rest_route=%2Fwp%2Fv2%2Fmedia&parent=2140"}],"wp:term":[{"taxonomy":"product_brand","embeddable":true,"href":"https:\/\/bicycool.pl\/index.php?rest_route=%2Fwp%2Fv2%2Fproduct_brand&post=2140"},{"taxonomy":"product_cat","embeddable":true,"href":"https:\/\/bicycool.pl\/index.php?rest_route=%2Fwp%2Fv2%2Fproduct_cat&post=2140"},{"taxonomy":"product_tag","embeddable":true,"href":"https:\/\/bicycool.pl\/index.php?rest_route=%2Fwp%2Fv2%2Fproduct_tag&post=2140"}],"curies":[{"name":"wp","href":"https:\/\/api.w.org\/{rel}","templated":true}]}}