{"id":2147,"date":"2024-12-05T13:38:27","date_gmt":"2024-12-05T12:38:27","guid":{"rendered":"https:\/\/bicycool.pl\/?post_type=product&#038;p=2147"},"modified":"2024-12-05T13:43:11","modified_gmt":"2024-12-05T12:43:11","slug":"maxim-ultralight-20","status":"publish","type":"product","link":"https:\/\/bicycool.pl\/?product=maxim-ultralight-20","title":{"rendered":"Maxim ULTRALIGHT 20&#8243;"},"content":{"rendered":"<h1>Maxim ULTRALIGHT 20&#8243;<\/h1>\n<p><strong>Nazwa<\/strong><br \/>\nMaxim ULTRALIGHT 20&#8243;<\/p>\n<p><strong>Rama<\/strong><br \/>\nAluminium 6061<\/p>\n<p><strong>Widelec<\/strong><br \/>\nAluminium<\/p>\n<p><strong>Przerzutka ty\u0142<\/strong><br \/>\nMicroshift<\/p>\n<p><strong>Manetki<\/strong><br \/>\nMicroshift TS38<\/p>\n<p><strong>Mechanizm korbowy<\/strong><br \/>\nProWheel 1-R BOOM-32PP 32T<\/p>\n<p><strong>Peda\u0142y<\/strong><br \/>\nFP-6001FU<\/p>\n<p><strong>Wolnobieg\/kaseta<\/strong><br \/>\n7s<\/p>\n<p><strong>Hamulec prz\u00f3d<\/strong><br \/>\nPromax TX-117<\/p>\n<p><strong>Hamulec ty\u0142<\/strong><br \/>\nPromax TX-117<\/p>\n<p><strong>D\u017awignia hamulca<\/strong><br \/>\nZAC CL-311D<\/p>\n<p><strong>Piasta prz\u00f3d<\/strong><br \/>\nAsses AE-611FSA<\/p>\n<p><strong>Piasta ty\u0142<\/strong><br \/>\nAsses AE-607RSA<\/p>\n<p><strong>Obr\u0119cze<\/strong><br \/>\n20 406 x 19 DRAGON<\/p>\n<p><strong>Opony<\/strong><br \/>\n20 x 1,90 Beyond BY-122<\/p>\n<p><strong>Rozmiar ko\u0142a<\/strong><br \/>\n20&#8243;<\/p>\n<p><strong>Kierownica<\/strong><br \/>\nMHB-A6111BT\/520<\/p>\n<p><strong>Wspornik kierownicy<\/strong><br \/>\nZoom alloy TDS-C342-8\/FOV<\/p>\n<p><strong>Chwyty<\/strong><br \/>\nDDK DGP-250 L+p<\/p>\n<p><strong>Siod\u0142o<\/strong><br \/>\nDDK F20<\/p>\n<p><strong>Wspornik siod\u0142a<\/strong><br \/>\nPromax 25,4 x 250 mm<\/p>\n<p><strong>Rozmiar ramy<\/strong><br \/>\n11&#8243;<\/p>\n<p><strong>Ilo\u015b\u0107 bieg\u00f3w<\/strong><br \/>\n7<\/p>\n<p><strong>Waga<\/strong><br \/>\n~9 kg<\/p>\n<p>&nbsp;<\/p>\n","protected":false},"excerpt":{"rendered":"<div>Ko\u0142a 20&#8243;<\/div>\n<div>Waga 9kg<\/div>\n","protected":false},"featured_media":2148,"comment_status":"open","ping_status":"closed","template":"","meta":[],"product_brand":[],"product_cat":[26,42,23],"product_tag":[78,74,203],"class_list":{"0":"post-2147","1":"product","2":"type-product","3":"status-publish","4":"has-post-thumbnail","6":"product_cat-rowery-2","7":"product_cat-kids","8":"product_cat-rowery","9":"product_tag-konin","10":"product_tag-maxim","11":"product_tag-super-light","12":"product_shipping_class-rower","14":"first","15":"instock","16":"shipping-taxable","17":"purchasable","18":"product-type-simple"},"_links":{"self":[{"href":"https:\/\/bicycool.pl\/index.php?rest_route=\/wp\/v2\/product\/2147","targetHints":{"allow":["GET"]}}],"collection":[{"href":"https:\/\/bicycool.pl\/index.php?rest_route=\/wp\/v2\/product"}],"about":[{"href":"https:\/\/bicycool.pl\/index.php?rest_route=\/wp\/v2\/types\/product"}],"replies":[{"embeddable":true,"href":"https:\/\/bicycool.pl\/index.php?rest_route=%2Fwp%2Fv2%2Fcomments&post=2147"}],"wp:featuredmedia":[{"embeddable":true,"href":"https:\/\/bicycool.pl\/index.php?rest_route=\/wp\/v2\/media\/2148"}],"wp:attachment":[{"href":"https:\/\/bicycool.pl\/index.php?rest_route=%2Fwp%2Fv2%2Fmedia&parent=2147"}],"wp:term":[{"taxonomy":"product_brand","embeddable":true,"href":"https:\/\/bicycool.pl\/index.php?rest_route=%2Fwp%2Fv2%2Fproduct_brand&post=2147"},{"taxonomy":"product_cat","embeddable":true,"href":"https:\/\/bicycool.pl\/index.php?rest_route=%2Fwp%2Fv2%2Fproduct_cat&post=2147"},{"taxonomy":"product_tag","embeddable":true,"href":"https:\/\/bicycool.pl\/index.php?rest_route=%2Fwp%2Fv2%2Fproduct_tag&post=2147"}],"curies":[{"name":"wp","href":"https:\/\/api.w.org\/{rel}","templated":true}]}}