{"id":2171,"date":"2024-12-05T15:43:34","date_gmt":"2024-12-05T14:43:34","guid":{"rendered":"https:\/\/bicycool.pl\/?post_type=product&#038;p=2171"},"modified":"2025-12-22T16:47:07","modified_gmt":"2025-12-22T15:47:07","slug":"rower-bmx-bmx-mongoose-ritual-500","status":"publish","type":"product","link":"https:\/\/bicycool.pl\/?product=rower-bmx-bmx-mongoose-ritual-500","title":{"rendered":"Rower BMX BMX Mongoose Ritual 500"},"content":{"rendered":"<h1 class=\"LC20lb MBeuO DKV0Md\">BMX Mongoose Ritual 500<\/h1>\n<h2>Rowerek BMX <strong>Mongoose Ritual 500<\/strong> to doskona\u0142y wyb\u00f3r dla mi\u0142o\u015bnik\u00f3w ekstremalnych wyzwa\u0144 i dynamicznej jazdy. Zaprojektowany z my\u015bl\u0105 o zapewnieniu doskona\u0142ej wydajno\u015bci i trwa\u0142o\u015bci, \u0142\u0105czy nowoczesny design z funkcjonalno\u015bci\u0105, sprawiaj\u0105c, \u017ce ka\u017cde wyzwanie staje si\u0119 przyjemno\u015bci\u0105.<\/h2>\n<p><strong>Najwa\u017cniejsze cechy:<\/strong><\/p>\n<ul class=\"a-unordered-list a-vertical a-spacing-mini\">\n<li class=\"a-spacing-mini\"><strong><span class=\"a-list-item\">Dedykowany na wzrost 147-195cm<\/span><\/strong><\/li>\n<\/ul>\n<ul>\n<li><strong>Rama i Widelec:<\/strong> Wytrzyma\u0142a stalowa rama Hi-Ten zapewnia solidno\u015b\u0107, a zaprojektowany z precyzj\u0105 widelec pozwala na p\u0142ynne pokonywanie trudnych przeszk\u00f3d. Geometria roweru zosta\u0142a zoptymalizowana pod k\u0105tem skok\u00f3w i trik\u00f3w, gwarantuj\u0105c stabilno\u015b\u0107 w powietrzu.<\/li>\n<li><strong>Nap\u0119d i Hamulce:<\/strong> Jednobiegowy nap\u0119d z \u0142a\u0144cuchem KMC zapewnia prostot\u0119 i niezawodno\u015b\u0107, podczas gdy hamulec U-brake z klockami Promax oferuje skuteczne hamowanie, nawet w ekstremalnych warunkach.<\/li>\n<li><strong>Ko\u0142a i Opony:<\/strong> Aluminiowe obr\u0119cze o \u015brednicy 20 cali oraz opony o szerokim bie\u017cniku daj\u0105 doskona\u0142\u0105 przyczepno\u015b\u0107 i stabilno\u015b\u0107, pozwalaj\u0105c na kontrol\u0119 w trakcie najbardziej wymagaj\u0105cych trik\u00f3w.<\/li>\n<li><strong>Kierownica i Peda\u0142y:<\/strong> Szeroka kierownica z ergonomicznymi gripami zapewnia wygod\u0119 i pe\u0142n\u0105 kontrol\u0119, a wytrzyma\u0142e peda\u0142y z tworzywa sztucznego gwarantuj\u0105 pewny chwyt i komfort jazdy.<\/li>\n<\/ul>\n<p>&nbsp;<\/p>\n","protected":false},"excerpt":{"rendered":"<p>Ko\u0142a 20&#8243;<\/p>\n<p><span class=\"a-list-item\">Dedykowany na wzrost 147-195cm<\/span><\/p>\n","protected":false},"featured_media":2173,"comment_status":"open","ping_status":"closed","template":"","meta":[],"product_brand":[],"product_cat":[207,26,23],"product_tag":[208,209],"class_list":{"0":"post-2171","1":"product","2":"type-product","3":"status-publish","4":"has-post-thumbnail","6":"product_cat-dirt-bmx","7":"product_cat-rowery-2","8":"product_cat-rowery","9":"product_tag-bmx","10":"product_tag-mongose","11":"product_shipping_class-rower","13":"first","14":"outofstock","15":"sale","16":"shipping-taxable","17":"purchasable","18":"product-type-simple"},"_links":{"self":[{"href":"https:\/\/bicycool.pl\/index.php?rest_route=\/wp\/v2\/product\/2171","targetHints":{"allow":["GET"]}}],"collection":[{"href":"https:\/\/bicycool.pl\/index.php?rest_route=\/wp\/v2\/product"}],"about":[{"href":"https:\/\/bicycool.pl\/index.php?rest_route=\/wp\/v2\/types\/product"}],"replies":[{"embeddable":true,"href":"https:\/\/bicycool.pl\/index.php?rest_route=%2Fwp%2Fv2%2Fcomments&post=2171"}],"wp:featuredmedia":[{"embeddable":true,"href":"https:\/\/bicycool.pl\/index.php?rest_route=\/wp\/v2\/media\/2173"}],"wp:attachment":[{"href":"https:\/\/bicycool.pl\/index.php?rest_route=%2Fwp%2Fv2%2Fmedia&parent=2171"}],"wp:term":[{"taxonomy":"product_brand","embeddable":true,"href":"https:\/\/bicycool.pl\/index.php?rest_route=%2Fwp%2Fv2%2Fproduct_brand&post=2171"},{"taxonomy":"product_cat","embeddable":true,"href":"https:\/\/bicycool.pl\/index.php?rest_route=%2Fwp%2Fv2%2Fproduct_cat&post=2171"},{"taxonomy":"product_tag","embeddable":true,"href":"https:\/\/bicycool.pl\/index.php?rest_route=%2Fwp%2Fv2%2Fproduct_tag&post=2171"}],"curies":[{"name":"wp","href":"https:\/\/api.w.org\/{rel}","templated":true}]}}