{"id":2177,"date":"2024-12-05T16:04:50","date_gmt":"2024-12-05T15:04:50","guid":{"rendered":"https:\/\/bicycool.pl\/?post_type=product&#038;p=2177"},"modified":"2025-12-22T17:00:04","modified_gmt":"2025-12-22T16:00:04","slug":"rower-bmx-bmx-mongoose-legion-l60","status":"publish","type":"product","link":"https:\/\/bicycool.pl\/?product=rower-bmx-bmx-mongoose-legion-l60","title":{"rendered":"Rower BMX BMX Mongoose Legion L60"},"content":{"rendered":"<h1 class=\"LC20lb MBeuO DKV0Md\">BMX Mongoose Legion L60<\/h1>\n<div class=\"flex max-w-full flex-col flex-grow\">\n<div class=\"min-h-8 text-message flex w-full flex-col items-end gap-2 whitespace-normal break-words text-start [.text-message+&amp;]:mt-5\" dir=\"auto\" data-message-author-role=\"assistant\" data-message-id=\"269bb14c-4146-4397-a363-c910b7b05ab4\" data-message-model-slug=\"gpt-4o\">\n<div class=\"flex w-full flex-col gap-1 empty:hidden first:pt-[3px]\">\n<div class=\"markdown prose w-full break-words dark:prose-invert light\">\n<p><strong>Mongoose Legion L60<\/strong> to idealny rower BMX dla m\u0142odych rider\u00f3w w przedziale wzrostu 152\u2013172 cm, kt\u00f3rzy chc\u0105 zacz\u0105\u0107 swoj\u0105 przygod\u0119 z jazd\u0105 freestyle lub doskonali\u0107 swoje umiej\u0119tno\u015bci. Zaprojektowany z my\u015bl\u0105 o wszechstronno\u015bci, \u015bwietnie sprawdzi si\u0119 na pumptrackach, w skateparkach, na streecie czy podczas dirtowych skok\u00f3w. <strong>Mongoose Legion L60<\/strong> to po\u0142\u0105czenie stylu, funkcjonalno\u015bci i trwa\u0142o\u015bci, kt\u00f3re pozwala m\u0142odym riderom rozwija\u0107 swoje umiej\u0119tno\u015bci i cieszy\u0107 si\u0119 jazd\u0105 w ka\u017cdym terenie. Idealny zar\u00f3wno dla ch\u0142opc\u00f3w, jak i dziewcz\u0105t, kt\u00f3rzy szukaj\u0105 niezawodnego i estetycznie wykonanego roweru BMX.<\/p>\n<h3><strong>Specyfikacja:<\/strong><\/h3>\n<p>&nbsp;<\/p>\n<h4><strong>Rama i widelec<\/strong><\/h4>\n<ul>\n<li><strong>Rama:<\/strong> Hi-Ten steel, geometria freestyle BMX, zintegrowane stery, suport Mid BB<\/li>\n<li><strong>Widelec:<\/strong> Hi-Ten steel, 20&#8243;, stalowy<\/li>\n<\/ul>\n<h4><strong>Nap\u0119d<\/strong><\/h4>\n<ul>\n<li><strong>Mechanizm korbowy:<\/strong> 3-cz\u0119\u015bciowy, rurki Cr-Mo, z\u0119batka 25T<\/li>\n<li><strong>\u0141a\u0144cuch:<\/strong> KMC S1<\/li>\n<li><strong>Suport:<\/strong> Uszczelniane \u0142o\u017cyska, mocowanie 8-wypustowe<\/li>\n<li><strong>Driver:<\/strong> Single-speed, 9T, kaseta<\/li>\n<\/ul>\n<h4><strong>Ko\u0142a<\/strong><\/h4>\n<ul>\n<li><strong>Obr\u0119cze:<\/strong> Aluminiowe, pojedyncze \u015bcianki, 29 mm ID, 36 otwor\u00f3w<\/li>\n<li><strong>Przednia piasta:<\/strong> Aluminiowa, \u0142o\u017cyska kulkowe, o\u015b 3\/8 cala, 36 otwor\u00f3w<\/li>\n<li><strong>Tylna piasta:<\/strong> Aluminiowa, \u0142o\u017cyska maszynowe, kaseta, o\u015b 14 mm, 36 otwor\u00f3w<\/li>\n<li><strong>Szprychy:<\/strong> Stalowe 14G, czarne<\/li>\n<li><strong>Opony:<\/strong> 20&#8243; x 2.3&#8243;, drutowane<\/li>\n<\/ul>\n<h4><strong>Hamulce<\/strong><\/h4>\n<ul>\n<li><strong>Typ hamulca:<\/strong> U-brake, aluminiowy<\/li>\n<\/ul>\n<h4><strong>Komponenty<\/strong><\/h4>\n<ul>\n<li><strong>Kierownica:<\/strong> Mongoose, stal Hi-Ten, szeroko\u015b\u0107 29&#8243;, wznios 8.75&#8243;<\/li>\n<li><strong>Mostek:<\/strong> Mongoose, bezgwintowy, top load, 50 mm<\/li>\n<li><strong>\u0141o\u017cyska steru:<\/strong> Bezgwintowe, zintegrowane 1-1\/8&#8243;, \u0142o\u017cyska maszynowe<\/li>\n<li><strong>Wspornik siod\u0142a:<\/strong> Stalowy, d\u0142ugo\u015b\u0107 250 mm, \u015brednica 25.4 mm<\/li>\n<li><strong>Siod\u0142o:<\/strong> Mongoose Unifier<\/li>\n<li><strong>Peda\u0142y:<\/strong> Mongoose, nylon<\/li>\n<\/ul>\n<h4><strong>Chwyty<\/strong><\/h4>\n<ul>\n<li><strong>Model:<\/strong> Mongoose MushXL, d\u0142ugo\u015b\u0107 160 mm<\/li>\n<\/ul>\n<\/div>\n<\/div>\n<\/div>\n<\/div>\n<div class=\"mb-2 flex gap-3 empty:hidden -ml-2\">\n<div class=\"items-center justify-start rounded-xl p-1 flex\">\n<div class=\"flex items-center\"><\/div>\n<\/div>\n<\/div>\n","protected":false},"excerpt":{"rendered":"<p>Ko\u0142a 20&#8243;<\/p>\n<p><span class=\"a-list-item\">Dedykowany na wzrost 152 cm do 172 cm<\/span><\/p>\n","protected":false},"featured_media":2179,"comment_status":"open","ping_status":"closed","template":"","meta":[],"product_brand":[],"product_cat":[207,26,23],"product_tag":[208,209],"class_list":{"0":"post-2177","1":"product","2":"type-product","3":"status-publish","4":"has-post-thumbnail","6":"product_cat-dirt-bmx","7":"product_cat-rowery-2","8":"product_cat-rowery","9":"product_tag-bmx","10":"product_tag-mongose","11":"product_shipping_class-rower","13":"first","14":"instock","15":"sale","16":"shipping-taxable","17":"purchasable","18":"product-type-simple"},"_links":{"self":[{"href":"https:\/\/bicycool.pl\/index.php?rest_route=\/wp\/v2\/product\/2177","targetHints":{"allow":["GET"]}}],"collection":[{"href":"https:\/\/bicycool.pl\/index.php?rest_route=\/wp\/v2\/product"}],"about":[{"href":"https:\/\/bicycool.pl\/index.php?rest_route=\/wp\/v2\/types\/product"}],"replies":[{"embeddable":true,"href":"https:\/\/bicycool.pl\/index.php?rest_route=%2Fwp%2Fv2%2Fcomments&post=2177"}],"wp:featuredmedia":[{"embeddable":true,"href":"https:\/\/bicycool.pl\/index.php?rest_route=\/wp\/v2\/media\/2179"}],"wp:attachment":[{"href":"https:\/\/bicycool.pl\/index.php?rest_route=%2Fwp%2Fv2%2Fmedia&parent=2177"}],"wp:term":[{"taxonomy":"product_brand","embeddable":true,"href":"https:\/\/bicycool.pl\/index.php?rest_route=%2Fwp%2Fv2%2Fproduct_brand&post=2177"},{"taxonomy":"product_cat","embeddable":true,"href":"https:\/\/bicycool.pl\/index.php?rest_route=%2Fwp%2Fv2%2Fproduct_cat&post=2177"},{"taxonomy":"product_tag","embeddable":true,"href":"https:\/\/bicycool.pl\/index.php?rest_route=%2Fwp%2Fv2%2Fproduct_tag&post=2177"}],"curies":[{"name":"wp","href":"https:\/\/api.w.org\/{rel}","templated":true}]}}