{"id":2220,"date":"2024-12-06T11:50:06","date_gmt":"2024-12-06T10:50:06","guid":{"rendered":"https:\/\/bicycool.pl\/?post_type=product&#038;p=2220"},"modified":"2024-12-06T12:02:12","modified_gmt":"2024-12-06T11:02:12","slug":"mostek-zoom-original-286mm-120mm","status":"publish","type":"product","link":"https:\/\/bicycool.pl\/?product=mostek-zoom-original-286mm-120mm","title":{"rendered":"Mostek ZOOM ORIGINAL 28,6mm 120mm"},"content":{"rendered":"<h3 class=\"Product_product-title__BALAQ\">Mostek ZOOM ORIGINAL<\/h3>\n<ul>\n<li><strong>Przeznaczenie<\/strong> &#8211; MTB<\/li>\n<li><strong>Materia\u0142<\/strong> &#8211; Stal<\/li>\n<li><strong>Rozmiar &#8211; 28,6mm<\/strong><\/li>\n<li><strong>Monta\u017c kierownicy<\/strong> &#8211; 25,4mm<\/li>\n<li><strong>D\u0142ugo\u015b\u0107<\/strong> &#8211; 120mm<\/li>\n<li><strong>K\u0105t<\/strong> &#8211; 75 Stopni<\/li>\n<\/ul>\n<p>Stalowy mostek kierownicy Zoom, <strong>wa\u017cy 265 g<\/strong>, retro styl, przeznaczony do klasycznych rower\u00f3w MTB.<\/p>\n<p>&nbsp;<\/p>\n","protected":false},"excerpt":{"rendered":"<p>Mostek ZOOM ORIGINAL Przeznaczenie &#8211; MTB Materia\u0142 &#8211; Stal Rozmiar &#8211; 28,6mm Monta\u017c kierownicy &#8211; 25,4mm D\u0142ugo\u015b\u0107 &#8211; 120mm K\u0105t &#8211; 75 Stopni Stalowy mostek kierownicy Zoom, wa\u017cy 265 g, retro styl, przeznaczony do klasycznych rower\u00f3w MTB. &nbsp;<\/p>\n","protected":false},"featured_media":2221,"comment_status":"open","ping_status":"closed","template":"","meta":[],"product_brand":[],"product_cat":[27,175,85],"product_tag":[88],"class_list":{"0":"post-2220","1":"product","2":"type-product","3":"status-publish","4":"has-post-thumbnail","6":"product_cat-czesci-nowe","7":"product_cat-mostki-wsporniki-kierownicy","8":"product_cat-outlet","9":"product_tag-retro-mtb","10":"product_shipping_class-mala-paczka","12":"first","13":"instock","14":"shipping-taxable","15":"purchasable","16":"product-type-simple"},"_links":{"self":[{"href":"https:\/\/bicycool.pl\/index.php?rest_route=\/wp\/v2\/product\/2220","targetHints":{"allow":["GET"]}}],"collection":[{"href":"https:\/\/bicycool.pl\/index.php?rest_route=\/wp\/v2\/product"}],"about":[{"href":"https:\/\/bicycool.pl\/index.php?rest_route=\/wp\/v2\/types\/product"}],"replies":[{"embeddable":true,"href":"https:\/\/bicycool.pl\/index.php?rest_route=%2Fwp%2Fv2%2Fcomments&post=2220"}],"wp:featuredmedia":[{"embeddable":true,"href":"https:\/\/bicycool.pl\/index.php?rest_route=\/wp\/v2\/media\/2221"}],"wp:attachment":[{"href":"https:\/\/bicycool.pl\/index.php?rest_route=%2Fwp%2Fv2%2Fmedia&parent=2220"}],"wp:term":[{"taxonomy":"product_brand","embeddable":true,"href":"https:\/\/bicycool.pl\/index.php?rest_route=%2Fwp%2Fv2%2Fproduct_brand&post=2220"},{"taxonomy":"product_cat","embeddable":true,"href":"https:\/\/bicycool.pl\/index.php?rest_route=%2Fwp%2Fv2%2Fproduct_cat&post=2220"},{"taxonomy":"product_tag","embeddable":true,"href":"https:\/\/bicycool.pl\/index.php?rest_route=%2Fwp%2Fv2%2Fproduct_tag&post=2220"}],"curies":[{"name":"wp","href":"https:\/\/api.w.org\/{rel}","templated":true}]}}