{"id":2224,"date":"2024-12-06T12:03:18","date_gmt":"2024-12-06T11:03:18","guid":{"rendered":"https:\/\/bicycool.pl\/?post_type=product&#038;p=2224"},"modified":"2024-12-06T12:09:56","modified_gmt":"2024-12-06T11:09:56","slug":"mostek-ameness-cr-mo-254mm-x-254mm-120mm","status":"publish","type":"product","link":"https:\/\/bicycool.pl\/?product=mostek-ameness-cr-mo-254mm-x-254mm-120mm","title":{"rendered":"Mostek Ameness cr-mo 25,4mm x 25,4mm 120mm"},"content":{"rendered":"<h3 class=\"Product_product-title__BALAQ\">Mostek Ameness<\/h3>\n<ul>\n<li><strong>Przeznaczenie<\/strong> &#8211; MTB<\/li>\n<li><strong>Materia\u0142<\/strong> &#8211; Stal CR-MO<\/li>\n<li><strong>Rozmiar &#8211; <\/strong>25,4mm<\/li>\n<li><strong>Monta\u017c kierownicy<\/strong> &#8211; 25,4mm<\/li>\n<li><strong>D\u0142ugo\u015b\u0107<\/strong> &#8211; 120mm<\/li>\n<li><strong>K\u0105t<\/strong> &#8211; 75 Stopni<\/li>\n<\/ul>\n<p>Mostek ze stali CR-MO. Niewidoczna obejma kierownicy. Retro MTB<\/p>\n<p>&nbsp;<\/p>\n","protected":false},"excerpt":{"rendered":"<p>Mostek Ameness Przeznaczenie &#8211; MTB Materia\u0142 &#8211; Stal CR-MO Rozmiar &#8211; 25,4mm Monta\u017c kierownicy &#8211; 25,4mm D\u0142ugo\u015b\u0107 &#8211; 120mm K\u0105t &#8211; 75 Stopni Mostek ze stali CR-MO. Niewidoczna obejma kierownicy. Retro MTB &nbsp;<\/p>\n","protected":false},"featured_media":2227,"comment_status":"open","ping_status":"closed","template":"","meta":[],"product_brand":[],"product_cat":[27,175,85],"product_tag":[88],"class_list":{"0":"post-2224","1":"product","2":"type-product","3":"status-publish","4":"has-post-thumbnail","6":"product_cat-czesci-nowe","7":"product_cat-mostki-wsporniki-kierownicy","8":"product_cat-outlet","9":"product_tag-retro-mtb","10":"product_shipping_class-mala-paczka","12":"first","13":"instock","14":"shipping-taxable","15":"purchasable","16":"product-type-simple"},"_links":{"self":[{"href":"https:\/\/bicycool.pl\/index.php?rest_route=\/wp\/v2\/product\/2224","targetHints":{"allow":["GET"]}}],"collection":[{"href":"https:\/\/bicycool.pl\/index.php?rest_route=\/wp\/v2\/product"}],"about":[{"href":"https:\/\/bicycool.pl\/index.php?rest_route=\/wp\/v2\/types\/product"}],"replies":[{"embeddable":true,"href":"https:\/\/bicycool.pl\/index.php?rest_route=%2Fwp%2Fv2%2Fcomments&post=2224"}],"wp:featuredmedia":[{"embeddable":true,"href":"https:\/\/bicycool.pl\/index.php?rest_route=\/wp\/v2\/media\/2227"}],"wp:attachment":[{"href":"https:\/\/bicycool.pl\/index.php?rest_route=%2Fwp%2Fv2%2Fmedia&parent=2224"}],"wp:term":[{"taxonomy":"product_brand","embeddable":true,"href":"https:\/\/bicycool.pl\/index.php?rest_route=%2Fwp%2Fv2%2Fproduct_brand&post=2224"},{"taxonomy":"product_cat","embeddable":true,"href":"https:\/\/bicycool.pl\/index.php?rest_route=%2Fwp%2Fv2%2Fproduct_cat&post=2224"},{"taxonomy":"product_tag","embeddable":true,"href":"https:\/\/bicycool.pl\/index.php?rest_route=%2Fwp%2Fv2%2Fproduct_tag&post=2224"}],"curies":[{"name":"wp","href":"https:\/\/api.w.org\/{rel}","templated":true}]}}