{"id":2245,"date":"2024-12-06T12:25:03","date_gmt":"2024-12-06T11:25:03","guid":{"rendered":"https:\/\/bicycool.pl\/?post_type=product&#038;p=2245"},"modified":"2024-12-06T12:31:17","modified_gmt":"2024-12-06T11:31:17","slug":"mostek-szosowy-uno-kalloy-222mm-x-254mm-80mm","status":"publish","type":"product","link":"https:\/\/bicycool.pl\/?product=mostek-szosowy-uno-kalloy-222mm-x-254mm-80mm","title":{"rendered":"Mostek Szosowy UNO \/ KALLOY 22,2mm x 25,4mm 80mm"},"content":{"rendered":"<h3 class=\"Product_product-title__BALAQ\">Mostek UNO<\/h3>\n<ul>\n<li><strong>Przeznaczenie<\/strong> &#8211; Szosa<\/li>\n<li><strong>Materia\u0142<\/strong> &#8211; Aluminium<\/li>\n<li><strong>Rozmiar &#8211; <\/strong>22,2mm<\/li>\n<li><strong>Monta\u017c kierownicy<\/strong> &#8211; 25,4mm<\/li>\n<li><strong>D\u0142ugo\u015b\u0107<\/strong> &#8211; 80mm<\/li>\n<\/ul>\n<p>&nbsp;<\/p>\n<p>&nbsp;<\/p>\n","protected":false},"excerpt":{"rendered":"<p>Mostek UNO Przeznaczenie &#8211; Szosa Materia\u0142 &#8211; Aluminium Rozmiar &#8211; 22,2mm Monta\u017c kierownicy &#8211; 25,4mm D\u0142ugo\u015b\u0107 &#8211; 80mm &nbsp; &nbsp;<\/p>\n","protected":false},"featured_media":2246,"comment_status":"open","ping_status":"closed","template":"","meta":[],"product_brand":[],"product_cat":[27,175,85],"product_tag":[88],"class_list":{"0":"post-2245","1":"product","2":"type-product","3":"status-publish","4":"has-post-thumbnail","6":"product_cat-czesci-nowe","7":"product_cat-mostki-wsporniki-kierownicy","8":"product_cat-outlet","9":"product_tag-retro-mtb","10":"product_shipping_class-mala-paczka","12":"first","13":"instock","14":"shipping-taxable","15":"purchasable","16":"product-type-simple"},"_links":{"self":[{"href":"https:\/\/bicycool.pl\/index.php?rest_route=\/wp\/v2\/product\/2245","targetHints":{"allow":["GET"]}}],"collection":[{"href":"https:\/\/bicycool.pl\/index.php?rest_route=\/wp\/v2\/product"}],"about":[{"href":"https:\/\/bicycool.pl\/index.php?rest_route=\/wp\/v2\/types\/product"}],"replies":[{"embeddable":true,"href":"https:\/\/bicycool.pl\/index.php?rest_route=%2Fwp%2Fv2%2Fcomments&post=2245"}],"wp:featuredmedia":[{"embeddable":true,"href":"https:\/\/bicycool.pl\/index.php?rest_route=\/wp\/v2\/media\/2246"}],"wp:attachment":[{"href":"https:\/\/bicycool.pl\/index.php?rest_route=%2Fwp%2Fv2%2Fmedia&parent=2245"}],"wp:term":[{"taxonomy":"product_brand","embeddable":true,"href":"https:\/\/bicycool.pl\/index.php?rest_route=%2Fwp%2Fv2%2Fproduct_brand&post=2245"},{"taxonomy":"product_cat","embeddable":true,"href":"https:\/\/bicycool.pl\/index.php?rest_route=%2Fwp%2Fv2%2Fproduct_cat&post=2245"},{"taxonomy":"product_tag","embeddable":true,"href":"https:\/\/bicycool.pl\/index.php?rest_route=%2Fwp%2Fv2%2Fproduct_tag&post=2245"}],"curies":[{"name":"wp","href":"https:\/\/api.w.org\/{rel}","templated":true}]}}