{"id":2247,"date":"2024-12-06T12:53:26","date_gmt":"2024-12-06T11:53:26","guid":{"rendered":"https:\/\/bicycool.pl\/?post_type=product&#038;p=2247"},"modified":"2024-12-06T12:56:16","modified_gmt":"2024-12-06T11:56:16","slug":"mostek-3ttt-3t-222mm-x-254mm-110mm","status":"publish","type":"product","link":"https:\/\/bicycool.pl\/?product=mostek-3ttt-3t-222mm-x-254mm-110mm","title":{"rendered":"Mostek 3TTT 3T 22,2mm x 25,4mm 110mm"},"content":{"rendered":"<h3 class=\"Product_product-title__BALAQ\">Mostek 3TTT<\/h3>\n<ul>\n<li><strong>Przeznaczenie<\/strong> &#8211; MTB<\/li>\n<li><strong>Materia\u0142<\/strong> &#8211; Aluminium<\/li>\n<li><strong>Rozmiar &#8211; <\/strong>22,2mm<\/li>\n<li><strong>Monta\u017c kierownicy<\/strong> &#8211; 25,4mm<\/li>\n<li><strong>D\u0142ugo\u015b\u0107<\/strong> &#8211; 110mm<\/li>\n<li><strong>U\u017cywany<\/strong><\/li>\n<\/ul>\n<p>&nbsp;<\/p>\n<p>&nbsp;<\/p>\n","protected":false},"excerpt":{"rendered":"<p>Mostek 3TTT Przeznaczenie &#8211; MTB Materia\u0142 &#8211; Aluminium Rozmiar &#8211; 22,2mm Monta\u017c kierownicy &#8211; 25,4mm D\u0142ugo\u015b\u0107 &#8211; 110mm U\u017cywany &nbsp; &nbsp;<\/p>\n","protected":false},"featured_media":2249,"comment_status":"open","ping_status":"closed","template":"","meta":[],"product_brand":[],"product_cat":[28],"product_tag":[88],"class_list":{"0":"post-2247","1":"product","2":"type-product","3":"status-publish","4":"has-post-thumbnail","6":"product_cat-czesci-i-akcesoria-uzywane","7":"product_tag-retro-mtb","8":"product_shipping_class-mala-paczka","10":"first","11":"instock","12":"shipping-taxable","13":"purchasable","14":"product-type-simple"},"_links":{"self":[{"href":"https:\/\/bicycool.pl\/index.php?rest_route=\/wp\/v2\/product\/2247","targetHints":{"allow":["GET"]}}],"collection":[{"href":"https:\/\/bicycool.pl\/index.php?rest_route=\/wp\/v2\/product"}],"about":[{"href":"https:\/\/bicycool.pl\/index.php?rest_route=\/wp\/v2\/types\/product"}],"replies":[{"embeddable":true,"href":"https:\/\/bicycool.pl\/index.php?rest_route=%2Fwp%2Fv2%2Fcomments&post=2247"}],"wp:featuredmedia":[{"embeddable":true,"href":"https:\/\/bicycool.pl\/index.php?rest_route=\/wp\/v2\/media\/2249"}],"wp:attachment":[{"href":"https:\/\/bicycool.pl\/index.php?rest_route=%2Fwp%2Fv2%2Fmedia&parent=2247"}],"wp:term":[{"taxonomy":"product_brand","embeddable":true,"href":"https:\/\/bicycool.pl\/index.php?rest_route=%2Fwp%2Fv2%2Fproduct_brand&post=2247"},{"taxonomy":"product_cat","embeddable":true,"href":"https:\/\/bicycool.pl\/index.php?rest_route=%2Fwp%2Fv2%2Fproduct_cat&post=2247"},{"taxonomy":"product_tag","embeddable":true,"href":"https:\/\/bicycool.pl\/index.php?rest_route=%2Fwp%2Fv2%2Fproduct_tag&post=2247"}],"curies":[{"name":"wp","href":"https:\/\/api.w.org\/{rel}","templated":true}]}}