{"id":2253,"date":"2024-12-06T15:31:08","date_gmt":"2024-12-06T14:31:08","guid":{"rendered":"https:\/\/bicycool.pl\/?post_type=product&#038;p=2253"},"modified":"2024-12-06T15:35:57","modified_gmt":"2024-12-06T14:35:57","slug":"piasta-przod-aclass-novatec-nt-751-24h","status":"publish","type":"product","link":"https:\/\/bicycool.pl\/?product=piasta-przod-aclass-novatec-nt-751-24h","title":{"rendered":"Piasta Prz\u00f3d Aclass NOVATEC NT-751 24H"},"content":{"rendered":"<h1 class=\"Product_product-title__BALAQ\">Piasta ACLASS (NOVATEC NT-751)<\/h1>\n<ul>\n<li>\n<h3><strong>Prz\u00f3d<\/strong><\/h3>\n<\/li>\n<li>\n<h3><strong>Rodzaj hamulca:<\/strong> Obr\u0119czowy<\/h3>\n<\/li>\n<li>\n<h3><strong>Liczba otwor\u00f3w:<\/strong> 24<\/h3>\n<\/li>\n<li>\n<h3><strong>Kolor:<\/strong> Czarny<\/h3>\n<\/li>\n<li>\n<h3><strong>Rozstaw:<\/strong> 100 mm<\/h3>\n<\/li>\n<\/ul>\n","protected":false},"excerpt":{"rendered":"<p>Piasta ACLASS (NOVATEC NT-751) Prz\u00f3d Rodzaj hamulca: Obr\u0119czowy Liczba otwor\u00f3w: 24 Kolor: Czarny Rozstaw: 100 mm<\/p>\n","protected":false},"featured_media":2255,"comment_status":"open","ping_status":"closed","template":"","meta":[],"product_brand":[],"product_cat":[27,85,168],"product_tag":[],"class_list":{"0":"post-2253","1":"product","2":"type-product","3":"status-publish","4":"has-post-thumbnail","6":"product_cat-czesci-nowe","7":"product_cat-outlet","8":"product_cat-piasty","9":"product_shipping_class-mala-paczka","11":"first","12":"instock","13":"shipping-taxable","14":"purchasable","15":"product-type-simple"},"_links":{"self":[{"href":"https:\/\/bicycool.pl\/index.php?rest_route=\/wp\/v2\/product\/2253","targetHints":{"allow":["GET"]}}],"collection":[{"href":"https:\/\/bicycool.pl\/index.php?rest_route=\/wp\/v2\/product"}],"about":[{"href":"https:\/\/bicycool.pl\/index.php?rest_route=\/wp\/v2\/types\/product"}],"replies":[{"embeddable":true,"href":"https:\/\/bicycool.pl\/index.php?rest_route=%2Fwp%2Fv2%2Fcomments&post=2253"}],"wp:featuredmedia":[{"embeddable":true,"href":"https:\/\/bicycool.pl\/index.php?rest_route=\/wp\/v2\/media\/2255"}],"wp:attachment":[{"href":"https:\/\/bicycool.pl\/index.php?rest_route=%2Fwp%2Fv2%2Fmedia&parent=2253"}],"wp:term":[{"taxonomy":"product_brand","embeddable":true,"href":"https:\/\/bicycool.pl\/index.php?rest_route=%2Fwp%2Fv2%2Fproduct_brand&post=2253"},{"taxonomy":"product_cat","embeddable":true,"href":"https:\/\/bicycool.pl\/index.php?rest_route=%2Fwp%2Fv2%2Fproduct_cat&post=2253"},{"taxonomy":"product_tag","embeddable":true,"href":"https:\/\/bicycool.pl\/index.php?rest_route=%2Fwp%2Fv2%2Fproduct_tag&post=2253"}],"curies":[{"name":"wp","href":"https:\/\/api.w.org\/{rel}","templated":true}]}}