{"id":2278,"date":"2024-12-06T16:07:57","date_gmt":"2024-12-06T15:07:57","guid":{"rendered":"https:\/\/bicycool.pl\/?post_type=product&#038;p=2278"},"modified":"2024-12-06T16:11:58","modified_gmt":"2024-12-06T15:11:58","slug":"piasta-przod-joytech-ostre-kolo-fixed-gear-36h","status":"publish","type":"product","link":"https:\/\/bicycool.pl\/?product=piasta-przod-joytech-ostre-kolo-fixed-gear-36h","title":{"rendered":"Piasta Prz\u00f3d Joytech Ostre ko\u0142o Fixed Gear 36H"},"content":{"rendered":"<h1 class=\"Product_product-title__BALAQ\">Piasta Joytech Ostre ko\u0142o Fixed Gear 36H<\/h1>\n<ul>\n<li>\n<h3><strong>Prz\u00f3d<\/strong><\/h3>\n<\/li>\n<li>\n<h3><strong>Rodzaj hamulca:<\/strong> Obr\u0119czowy<\/h3>\n<\/li>\n<li>\n<h3><strong>Liczba otwor\u00f3w:<\/strong> 36<\/h3>\n<\/li>\n<li>\n<h3><strong>Kolor:<\/strong> Zielony<\/h3>\n<\/li>\n<li>\n<h3><strong>Rozstaw:<\/strong> 100 mm<\/h3>\n<\/li>\n<li>\n<h3>Nieu\u017cywana \/ Drobne obicia<\/h3>\n<\/li>\n<\/ul>\n","protected":false},"excerpt":{"rendered":"<p>Piasta Joytech Ostre ko\u0142o Fixed Gear 36H Prz\u00f3d Rodzaj hamulca: Obr\u0119czowy Liczba otwor\u00f3w: 36 Kolor: Zielony Rozstaw: 100 mm Nieu\u017cywana \/ Drobne obicia<\/p>\n","protected":false},"featured_media":2279,"comment_status":"open","ping_status":"closed","template":"","meta":[],"product_brand":[],"product_cat":[27,85,168],"product_tag":[],"class_list":{"0":"post-2278","1":"product","2":"type-product","3":"status-publish","4":"has-post-thumbnail","6":"product_cat-czesci-nowe","7":"product_cat-outlet","8":"product_cat-piasty","9":"product_shipping_class-mala-paczka","11":"first","12":"instock","13":"shipping-taxable","14":"purchasable","15":"product-type-simple"},"_links":{"self":[{"href":"https:\/\/bicycool.pl\/index.php?rest_route=\/wp\/v2\/product\/2278","targetHints":{"allow":["GET"]}}],"collection":[{"href":"https:\/\/bicycool.pl\/index.php?rest_route=\/wp\/v2\/product"}],"about":[{"href":"https:\/\/bicycool.pl\/index.php?rest_route=\/wp\/v2\/types\/product"}],"replies":[{"embeddable":true,"href":"https:\/\/bicycool.pl\/index.php?rest_route=%2Fwp%2Fv2%2Fcomments&post=2278"}],"wp:featuredmedia":[{"embeddable":true,"href":"https:\/\/bicycool.pl\/index.php?rest_route=\/wp\/v2\/media\/2279"}],"wp:attachment":[{"href":"https:\/\/bicycool.pl\/index.php?rest_route=%2Fwp%2Fv2%2Fmedia&parent=2278"}],"wp:term":[{"taxonomy":"product_brand","embeddable":true,"href":"https:\/\/bicycool.pl\/index.php?rest_route=%2Fwp%2Fv2%2Fproduct_brand&post=2278"},{"taxonomy":"product_cat","embeddable":true,"href":"https:\/\/bicycool.pl\/index.php?rest_route=%2Fwp%2Fv2%2Fproduct_cat&post=2278"},{"taxonomy":"product_tag","embeddable":true,"href":"https:\/\/bicycool.pl\/index.php?rest_route=%2Fwp%2Fv2%2Fproduct_tag&post=2278"}],"curies":[{"name":"wp","href":"https:\/\/api.w.org\/{rel}","templated":true}]}}