{"id":232,"date":"2023-11-17T13:50:29","date_gmt":"2023-11-17T12:50:29","guid":{"rendered":"https:\/\/bicycool.pl\/?post_type=product&#038;p=232"},"modified":"2024-12-05T15:13:07","modified_gmt":"2024-12-05T14:13:07","slug":"romet-orkan-e-orkan-2","status":"publish","type":"product","link":"https:\/\/bicycool.pl\/?product=romet-orkan-e-orkan-2","title":{"rendered":"Rower elektryczny Rock Machine Crossride e400B"},"content":{"rendered":"<h1>Rock Machine Crossride e400B<\/h1>\n<h2>To model unisex, stworzony z my\u015bl\u0105 o komfortowych d\u0142ugich wycieczkach rowerowych i codziennych dojazdach do miasta. Wyposa\u017cony w nowoczesny nap\u0119d Bosch Active Line, kt\u00f3ry zapewnia p\u0142ynne i \u0142atwe wsparcie podczas jazdy, oraz w zintegrowany akumulator o du\u017cej pojemno\u015bci, oferuj\u0105cy zasi\u0119g do 100 km* na jednym \u0142adowaniu. Dzi\u0119ki silnikowi z funkcj\u0105 sta\u0142ego asystenta uruchamiania, podr\u00f3\u017cowanie staje si\u0119 jeszcze bardziej komfortowe. Optymalna geometria ramy i funkcjonalne akcesoria zapewniaj\u0105 wygodn\u0105 pozycj\u0119 siedzenia, a starannie dobrane komponenty sprawiaj\u0105, \u017ce rower doskonale sprawdza si\u0119 zar\u00f3wno w miejskim ruchu, jak i podczas d\u0142ugich tras. Ten rower sprawi, \u017ce zaparkowanie samochodu stanie si\u0119 prost\u0105 decyzj\u0105.<\/h2>\n<p><strong>RAMA<\/strong><\/p>\n<ul>\n<li><strong>Kolor<\/strong>: Gloss Black\/Silver\/Red<\/li>\n<li><strong>Materia\u0142<\/strong>: Aluminium Al-6061 T6, niestandardowe rury MONO, g\u0142adkie spawanie, geometria Cross Fun, Unisex 29er, uchwyt BOSCH GEN3 DU, integracja 2. generacji baterii, OLD 135&#215;9, monta\u017c tarcz hamulcowych, gotowo\u015b\u0107 do monta\u017cu b\u0142otnik\u00f3w i podp\u00f3rki, wymienny uchwyt przerzutki, wewn\u0119trzne prowadzenie kabli<\/li>\n<\/ul>\n<p><strong>WIDELEC<\/strong><\/p>\n<ul>\n<li><strong>Model<\/strong>: ZOOM 187D AMS HLO, 1-1\/8&#8243;, spr\u0119\u017cyna, QR Type, blokada skoku, 65 mm skoku<\/li>\n<\/ul>\n<p><strong>ROZMIARY<\/strong><\/p>\n<ul>\n<li>15.0&#8243; (S), 17.0&#8243; (M), 19.0&#8243; (L), 21&#8243; (XL)<\/li>\n<\/ul>\n<hr \/>\n<p><strong>SYSTEM E-BIKE<\/strong><\/p>\n<ul>\n<li><strong>Nap\u0119d<\/strong>: BOSCH GEN3 ACTIVE LINE PLUS &#8211; silnik centralny<\/li>\n<li><strong>Silnik<\/strong>: BOSCH ACTIVE LINE PLUS, 36V, 250W, 50Nm<\/li>\n<li><strong>Bateria<\/strong>: BOSCH Power Tube Horizontal, BBP280, 36V, 500 Wh, monta\u017c w ramie<\/li>\n<li><strong>Wy\u015bwietlacz<\/strong>: BOSCH Purion Anthracite<\/li>\n<li><strong>\u0141adowarka<\/strong>: BOSCH Compact charger 2A, czas \u0142adowania do 7,5 godziny<\/li>\n<li><strong>Maksymalna pr\u0119dko\u015b\u0107 wspomagania<\/strong>: 25 km\/h<\/li>\n<li><strong>Cykl \u0142adowania<\/strong>: 1000 cykli\/60% pocz\u0105tkowej pojemno\u015bci<\/li>\n<li><strong>Zasi\u0119g<\/strong>: do 100 km (tryb ECO)<\/li>\n<\/ul>\n<hr \/>\n<p><strong>AKCESORIA<\/strong><\/p>\n<ul>\n<li><strong>Przednie o\u015bwietlenie<\/strong>: AXA Compactline 20<\/li>\n<li><strong>Tylne o\u015bwietlenie<\/strong>: Spanninga Pling<\/li>\n<\/ul>\n<hr \/>\n<p><strong>NAP\u0118D<\/strong><\/p>\n<ul>\n<li><strong>Liczba bieg\u00f3w<\/strong>: 1&#215;9<\/li>\n<li><strong>Manetka<\/strong>: SHIMANO ALTUS SL-M2010-9R RapidFire Plus, 9-biegowa<\/li>\n<li><strong>Przerzutka tylna<\/strong>: SHIMANO ALTUS RD-M2000 Shadow<\/li>\n<li><strong>Mechanizm korbowy<\/strong>: SAMOX EC39-BH3-F9, 38T<\/li>\n<li><strong>Kaseta<\/strong>: SHIMANO CS-HG200-9, 11-36T<\/li>\n<li><strong>\u0141a\u0144cuch<\/strong>: KMC e9S<\/li>\n<li><strong>Peda\u0142y<\/strong>: Marwi SP-827 SANDBLOCK, antypo\u015blizgowe<\/li>\n<\/ul>\n<hr \/>\n<p><strong>KOMPONENTY<\/strong><\/p>\n<ul>\n<li><strong>Kierownica<\/strong>: ONE1 Alloy, MTB AL-325BT, 6\u00b0 upsweep, 9\u00b0 backsweep, 25 mm rise, 720 mm, 31.8 mm<\/li>\n<li><strong>Mostek<\/strong>: ONE1 Sport MAS-D61808 Alloy, 31.8xE65 mm, \u00b115\u00b0<\/li>\n<li><strong>Chwyty<\/strong>: Velo VLG-1879D2, Ergo Grip<\/li>\n<li><strong>Hamulce<\/strong>: SHIMANO BL-MT200\/BR-MT200, tarcza 160\/160 mm, hydrauliczne tarcze<\/li>\n<li><strong>Siode\u0142ko<\/strong>: Selle Royal 3050DRN<\/li>\n<li><strong>Sztyca<\/strong>: ONE1 Alloy, SP C207, 30.9&#215;350 mm<\/li>\n<\/ul>\n<hr \/>\n<p><strong>KO\u0141A<\/strong><\/p>\n<ul>\n<li><strong>Piasta przednia<\/strong>: SHIMANO TX HB-TX505, 32H, CENTER LOCK, QR Type<\/li>\n<li><strong>Piasta tylna<\/strong>: SHIMANO TX FH-TX505-8, 32H, CENTER LOCK, M10x135 mm, QR Type<\/li>\n<li><strong>Obr\u0119cze<\/strong>: WTB SX19, 32H<\/li>\n<li><strong>Opony<\/strong>: WTB Riddler Comp, 29&#215;1.75&#8243;, z ta\u015bm\u0105 odblaskow\u0105<\/li>\n<li><strong>Szprychy<\/strong>: Sapim Galvanized Black<\/li>\n<\/ul>\n<hr \/>\n<p><strong>WAGA<\/strong><\/p>\n<ul>\n<li><strong>Ca\u0142kowita waga<\/strong>: 24.8 kg (rozmiar M)<\/li>\n<\/ul>\n<p>&nbsp;<\/p>\n","protected":false},"excerpt":{"rendered":"<p>Nap\u0119d elektryczny Bosch Gen3 Active Line Plus o mocy 250 W i 50 Nm<\/p>\n<p>Zintegrowany akumulator 500 Wh o zasi\u0119gu do 100 km *<\/p>\n<p>\u0141adowarka Bosch Compact 2A, czas \u0142adowania do 7,5 godziny.<\/p>\n<p>Waga: 24.8 kg<\/p>\n","protected":false},"featured_media":2170,"comment_status":"open","ping_status":"closed","template":"","meta":[],"product_brand":[],"product_cat":[45,26,23],"product_tag":[33,46,47,206],"class_list":{"0":"post-232","1":"product","2":"type-product","3":"status-publish","4":"has-post-thumbnail","6":"product_cat-elektryczne","7":"product_cat-rowery-2","8":"product_cat-rowery","9":"product_tag-e-bike","10":"product_tag-elektryczny","11":"product_tag-elektryk","12":"product_tag-rock-machine","13":"product_shipping_class-rower","15":"first","16":"instock","17":"sale","18":"shipping-taxable","19":"purchasable","20":"product-type-simple"},"_links":{"self":[{"href":"https:\/\/bicycool.pl\/index.php?rest_route=\/wp\/v2\/product\/232","targetHints":{"allow":["GET"]}}],"collection":[{"href":"https:\/\/bicycool.pl\/index.php?rest_route=\/wp\/v2\/product"}],"about":[{"href":"https:\/\/bicycool.pl\/index.php?rest_route=\/wp\/v2\/types\/product"}],"replies":[{"embeddable":true,"href":"https:\/\/bicycool.pl\/index.php?rest_route=%2Fwp%2Fv2%2Fcomments&post=232"}],"wp:featuredmedia":[{"embeddable":true,"href":"https:\/\/bicycool.pl\/index.php?rest_route=\/wp\/v2\/media\/2170"}],"wp:attachment":[{"href":"https:\/\/bicycool.pl\/index.php?rest_route=%2Fwp%2Fv2%2Fmedia&parent=232"}],"wp:term":[{"taxonomy":"product_brand","embeddable":true,"href":"https:\/\/bicycool.pl\/index.php?rest_route=%2Fwp%2Fv2%2Fproduct_brand&post=232"},{"taxonomy":"product_cat","embeddable":true,"href":"https:\/\/bicycool.pl\/index.php?rest_route=%2Fwp%2Fv2%2Fproduct_cat&post=232"},{"taxonomy":"product_tag","embeddable":true,"href":"https:\/\/bicycool.pl\/index.php?rest_route=%2Fwp%2Fv2%2Fproduct_tag&post=232"}],"curies":[{"name":"wp","href":"https:\/\/api.w.org\/{rel}","templated":true}]}}