{"id":2322,"date":"2024-12-11T11:53:32","date_gmt":"2024-12-11T10:53:32","guid":{"rendered":"https:\/\/bicycool.pl\/?post_type=product&#038;p=2322"},"modified":"2024-12-11T12:08:52","modified_gmt":"2024-12-11T11:08:52","slug":"hamulce-szosowe-shimano-rsx-br-a410","status":"publish","type":"product","link":"https:\/\/bicycool.pl\/?product=hamulce-szosowe-shimano-rsx-br-a410","title":{"rendered":"Hamulce szosowe SHIMANO RSX BR-A410"},"content":{"rendered":"<h3 class=\"Product_product-title__BALAQ\">SHIMANO RSX BR-A410<\/h3>\n<ul>\n<li>Komplet P+T<\/li>\n<li>Zasi\u0119g 39-49mm<\/li>\n<li>Kolor Srebrny<\/li>\n<\/ul>\n<p>Bardzo \u0142adny stan. Stan klock\u00f3w ok 90%<\/p>\n","protected":false},"excerpt":{"rendered":"<p>SHIMANO RSX BR-A410 Komplet P+T Zasi\u0119g 39-49mm Kolor Srebrny Bardzo \u0142adny stan. Stan klock\u00f3w ok 90%<\/p>\n","protected":false},"featured_media":2327,"comment_status":"open","ping_status":"closed","template":"","meta":[],"product_brand":[],"product_cat":[28,136],"product_tag":[],"class_list":{"0":"post-2322","1":"product","2":"type-product","3":"status-publish","4":"has-post-thumbnail","6":"product_cat-czesci-i-akcesoria-uzywane","7":"product_cat-hamulce","8":"product_shipping_class-mala-paczka","10":"first","11":"instock","12":"shipping-taxable","13":"purchasable","14":"product-type-simple"},"_links":{"self":[{"href":"https:\/\/bicycool.pl\/index.php?rest_route=\/wp\/v2\/product\/2322","targetHints":{"allow":["GET"]}}],"collection":[{"href":"https:\/\/bicycool.pl\/index.php?rest_route=\/wp\/v2\/product"}],"about":[{"href":"https:\/\/bicycool.pl\/index.php?rest_route=\/wp\/v2\/types\/product"}],"replies":[{"embeddable":true,"href":"https:\/\/bicycool.pl\/index.php?rest_route=%2Fwp%2Fv2%2Fcomments&post=2322"}],"wp:featuredmedia":[{"embeddable":true,"href":"https:\/\/bicycool.pl\/index.php?rest_route=\/wp\/v2\/media\/2327"}],"wp:attachment":[{"href":"https:\/\/bicycool.pl\/index.php?rest_route=%2Fwp%2Fv2%2Fmedia&parent=2322"}],"wp:term":[{"taxonomy":"product_brand","embeddable":true,"href":"https:\/\/bicycool.pl\/index.php?rest_route=%2Fwp%2Fv2%2Fproduct_brand&post=2322"},{"taxonomy":"product_cat","embeddable":true,"href":"https:\/\/bicycool.pl\/index.php?rest_route=%2Fwp%2Fv2%2Fproduct_cat&post=2322"},{"taxonomy":"product_tag","embeddable":true,"href":"https:\/\/bicycool.pl\/index.php?rest_route=%2Fwp%2Fv2%2Fproduct_tag&post=2322"}],"curies":[{"name":"wp","href":"https:\/\/api.w.org\/{rel}","templated":true}]}}