{"id":2349,"date":"2024-12-11T13:10:21","date_gmt":"2024-12-11T12:10:21","guid":{"rendered":"https:\/\/bicycool.pl\/?post_type=product&#038;p=2349"},"modified":"2024-12-11T13:14:07","modified_gmt":"2024-12-11T12:14:07","slug":"kaseta-mavic-m10-10s-11-23","status":"publish","type":"product","link":"https:\/\/bicycool.pl\/?product=kaseta-mavic-m10-10s-11-23","title":{"rendered":"Kaseta Mavic M10 10s 11-23"},"content":{"rendered":"<h3>Kaseta MAVIC M10<\/h3>\n<ul>\n<li><strong>Liczba bieg\u00f3w:<\/strong> 10s<\/li>\n<li><strong>Stopniowanie:<\/strong> 11-23<\/li>\n<li><strong>B\u0119benek: <\/strong>HG<\/li>\n<li><strong>Stan:<\/strong> Nieu\u017cywana, NOS<\/li>\n<li><strong>W komplecie \u017c\u00f3\u0142te i czarne dystanse<\/strong><\/li>\n<\/ul>\n","protected":false},"excerpt":{"rendered":"<p>Kaseta MAVIC M10 Liczba bieg\u00f3w: 10s Stopniowanie: 11-23 B\u0119benek: HG Stan: Nieu\u017cywana, NOS W komplecie \u017c\u00f3\u0142te i czarne dystanse<\/p>\n","protected":false},"featured_media":2341,"comment_status":"open","ping_status":"closed","template":"","meta":[],"product_brand":[],"product_cat":[27,165,85],"product_tag":[90],"class_list":{"0":"post-2349","1":"product","2":"type-product","3":"status-publish","4":"has-post-thumbnail","6":"product_cat-czesci-nowe","7":"product_cat-kasety-wolnobiegi","8":"product_cat-outlet","9":"product_tag-mavic","10":"product_shipping_class-mala-paczka","12":"first","13":"instock","14":"shipping-taxable","15":"purchasable","16":"product-type-simple"},"_links":{"self":[{"href":"https:\/\/bicycool.pl\/index.php?rest_route=\/wp\/v2\/product\/2349","targetHints":{"allow":["GET"]}}],"collection":[{"href":"https:\/\/bicycool.pl\/index.php?rest_route=\/wp\/v2\/product"}],"about":[{"href":"https:\/\/bicycool.pl\/index.php?rest_route=\/wp\/v2\/types\/product"}],"replies":[{"embeddable":true,"href":"https:\/\/bicycool.pl\/index.php?rest_route=%2Fwp%2Fv2%2Fcomments&post=2349"}],"wp:featuredmedia":[{"embeddable":true,"href":"https:\/\/bicycool.pl\/index.php?rest_route=\/wp\/v2\/media\/2341"}],"wp:attachment":[{"href":"https:\/\/bicycool.pl\/index.php?rest_route=%2Fwp%2Fv2%2Fmedia&parent=2349"}],"wp:term":[{"taxonomy":"product_brand","embeddable":true,"href":"https:\/\/bicycool.pl\/index.php?rest_route=%2Fwp%2Fv2%2Fproduct_brand&post=2349"},{"taxonomy":"product_cat","embeddable":true,"href":"https:\/\/bicycool.pl\/index.php?rest_route=%2Fwp%2Fv2%2Fproduct_cat&post=2349"},{"taxonomy":"product_tag","embeddable":true,"href":"https:\/\/bicycool.pl\/index.php?rest_route=%2Fwp%2Fv2%2Fproduct_tag&post=2349"}],"curies":[{"name":"wp","href":"https:\/\/api.w.org\/{rel}","templated":true}]}}