{"id":2350,"date":"2024-12-11T13:17:13","date_gmt":"2024-12-11T12:17:13","guid":{"rendered":"https:\/\/bicycool.pl\/?post_type=product&#038;p=2350"},"modified":"2024-12-11T13:22:15","modified_gmt":"2024-12-11T12:22:15","slug":"klamkomanetki-sram-rival-1x11s-gravel","status":"publish","type":"product","link":"https:\/\/bicycool.pl\/?product=klamkomanetki-sram-rival-1x11s-gravel","title":{"rendered":"Klamkomanetki SRAM RIVAL 1x11s Gravel"},"content":{"rendered":"<h3 class=\"Product_product-title__BALAQ\">Klamkomanetki SRAM RIVAL 1x11s<\/h3>\n<ul>\n<li>KOMPLET (Prawa+Lewa)<\/li>\n<li>Ilo\u015b\u0107 bieg\u00f3w &#8211; 1x11s<\/li>\n<li>Kolor: Czarny<\/li>\n<\/ul>\n","protected":false},"excerpt":{"rendered":"<p>Klamkomanetki SRAM RIVAL 1x11s KOMPLET (Prawa+Lewa) Ilo\u015b\u0107 bieg\u00f3w &#8211; 1x11s Kolor: Czarny<\/p>\n","protected":false},"featured_media":2351,"comment_status":"open","ping_status":"closed","template":"","meta":[],"product_brand":[],"product_cat":[15,27,167],"product_tag":[38,212,211],"class_list":{"0":"post-2350","1":"product","2":"type-product","3":"status-publish","4":"has-post-thumbnail","6":"product_cat-czesci","7":"product_cat-czesci-nowe","8":"product_cat-manetki-klamkomanetki","9":"product_tag-gravel","10":"product_tag-sram","11":"product_tag-sram-rival","12":"product_shipping_class-mala-paczka","14":"first","15":"instock","16":"shipping-taxable","17":"purchasable","18":"product-type-simple"},"_links":{"self":[{"href":"https:\/\/bicycool.pl\/index.php?rest_route=\/wp\/v2\/product\/2350","targetHints":{"allow":["GET"]}}],"collection":[{"href":"https:\/\/bicycool.pl\/index.php?rest_route=\/wp\/v2\/product"}],"about":[{"href":"https:\/\/bicycool.pl\/index.php?rest_route=\/wp\/v2\/types\/product"}],"replies":[{"embeddable":true,"href":"https:\/\/bicycool.pl\/index.php?rest_route=%2Fwp%2Fv2%2Fcomments&post=2350"}],"wp:featuredmedia":[{"embeddable":true,"href":"https:\/\/bicycool.pl\/index.php?rest_route=\/wp\/v2\/media\/2351"}],"wp:attachment":[{"href":"https:\/\/bicycool.pl\/index.php?rest_route=%2Fwp%2Fv2%2Fmedia&parent=2350"}],"wp:term":[{"taxonomy":"product_brand","embeddable":true,"href":"https:\/\/bicycool.pl\/index.php?rest_route=%2Fwp%2Fv2%2Fproduct_brand&post=2350"},{"taxonomy":"product_cat","embeddable":true,"href":"https:\/\/bicycool.pl\/index.php?rest_route=%2Fwp%2Fv2%2Fproduct_cat&post=2350"},{"taxonomy":"product_tag","embeddable":true,"href":"https:\/\/bicycool.pl\/index.php?rest_route=%2Fwp%2Fv2%2Fproduct_tag&post=2350"}],"curies":[{"name":"wp","href":"https:\/\/api.w.org\/{rel}","templated":true}]}}