{"id":237,"date":"2023-11-17T14:11:43","date_gmt":"2023-11-17T13:11:43","guid":{"rendered":"https:\/\/bicycool.pl\/?post_type=product&#038;p=237"},"modified":"2024-03-28T13:39:18","modified_gmt":"2024-03-28T12:39:18","slug":"romet-monsun-slx-carbon","status":"publish","type":"product","link":"https:\/\/bicycool.pl\/?product=romet-monsun-slx-carbon","title":{"rendered":"Romet Monsun SLX Carbon"},"content":{"rendered":"<h3><strong>Romet Monsun<\/strong><\/h3>\n<p>Monsun\u00a0<span class=\"caps\">SLX<\/span> to idealny rower do zawod\u00f3w XC. Niezale\u017cnie od formu\u0142y zawod\u00f3w zdob\u0119dziesz na nim zwyci\u0119stwo! W chwilach wolnych od zawod\u00f3w b\u0119dzie idealnym kompanem do codziennej jazdy.<\/p>\n<p>Monsun\u00a0<span class=\"caps\">SLX<\/span>\u00a0jest zbudowany na ramie wykonanej z w\u0142\u00f3kna w\u0119glowego. Sztywno\u015b\u0107 konstrukcji i poch\u0142anianie drga\u0144 pozwoli zachowa\u0107 cenne waty w najwa\u017cniejszych momentach wy\u015bcigu.<\/p>\n<p>Monsun zosta\u0142 wyposa\u017cony w spr\u0119\u017cynowy amortyzator rock shox recon. Poza mo\u017cliwo\u015bci\u0105 kontroli odbicia, jest wyposa\u017cony w manetk\u0119 blokuj\u0105c\u0105 ruch amortyzatora. Jak nazwa wskazuje, w tym modelu znajdziemy te\u017c nap\u0119d Shimano\u00a0<span class=\"caps\">SLX<\/span>\u00a0w konfiguracji 1\u00d712. Za bezpiecze\u0144stwo w trakcie wy\u015bcigowych zmaga\u0144 odpowiadaj\u0105 hamulce tarczowe hydrauliczne Shimano MT200, a ca\u0142o\u015b\u0107 uzupe\u0142niaj\u0105 carbonowe komponenty Rometu.<\/p>\n<p><strong>Specyfikacja:<\/strong><\/p>\n<ul class=\"properties-list\">\n<li class=\"ng-star-inserted\"><span class=\"property-name\"><strong>KO\u0141A, RAMA<\/strong> <\/span><span class=\"ng-star-inserted\">29 \/ CARBON<\/span><\/li>\n<li class=\"ng-star-inserted\"><span class=\"property-name\"><strong>WIDELEC<\/strong> <\/span><span class=\"ng-star-inserted\">Rock Shox Recon spr\u0119\u017cyna<\/span><\/li>\n<li class=\"ng-star-inserted\"><span class=\"property-name\"><strong>PRZERZUTKA TY\u0141<\/strong> <\/span><span class=\"ng-star-inserted\">Shimano SLX RD-M7100<\/span><\/li>\n<li class=\"ng-star-inserted\"><span class=\"property-name\"><strong>MANETKI TY\u0141<\/strong> <\/span><span class=\"ng-star-inserted\">Shimano SLX SL-M7100, 12s<\/span><\/li>\n<li class=\"ng-star-inserted\"><span class=\"property-name\"><strong>MECHANIZM KORBOWY<\/strong> <\/span><span class=\"ng-star-inserted\">Shimano SLX FC-M7100, 32T, 175 mm<\/span><\/li>\n<li class=\"ng-star-inserted\"><span class=\"property-name\"><strong>KASETA<\/strong> <\/span><span class=\"ng-star-inserted\">Shimano Deoe M6100 (10-51), 12s<\/span><\/li>\n<li class=\"ng-star-inserted\"><span class=\"property-name\"><strong>NAP\u0118D<\/strong> <\/span><span class=\"ng-star-inserted\">12 bieg\u00f3w<\/span><\/li>\n<li class=\"ng-star-inserted\"><span class=\"property-name\"><strong>HAMULEC PRZ\u00d3D<\/strong> <\/span><span class=\"ng-star-inserted\">Hydrauliczny Shimano MT200<\/span><\/li>\n<li class=\"ng-star-inserted\"><span class=\"property-name\"><strong>HAMULEC TY\u0141<\/strong> <\/span><span class=\"ng-star-inserted\">Hydrauliczny Shimano MT200<\/span><\/li>\n<li class=\"ng-star-inserted\"><span class=\"property-name\"><strong>ROZMIAR KO\u0141A<\/strong> <\/span><span class=\"ng-star-inserted\">29<\/span><\/li>\n<li class=\"ng-star-inserted\"><span class=\"property-name\"><strong>OPONY<\/strong> Schwalbe <\/span><span class=\"ng-star-inserted\">29&#215;2,1<\/span><\/li>\n<li class=\"ng-star-inserted\"><span class=\"property-name\"><strong>PIASTA PRZ\u00d3D<\/strong> <\/span><span class=\"ng-star-inserted\">Shimano HB-MT7010<\/span><\/li>\n<li class=\"ng-star-inserted\"><span class=\"property-name\"><strong>PIASTA TY\u0141<\/strong> <\/span><span class=\"ng-star-inserted\">Shimano FH-MT401<\/span><\/li>\n<li class=\"ng-star-inserted\"><span class=\"property-name\"><strong>KIEROWNICA<\/strong> <\/span><span class=\"ng-star-inserted\">Romet Carbon 60 mm<\/span><\/li>\n<li class=\"ng-star-inserted\"><span class=\"property-name\"><strong>MOSTEK KIEROWNICY<\/strong> <\/span><span class=\"ng-star-inserted\">Alu\/Carbon 90 mm<\/span><\/li>\n<li class=\"ng-star-inserted\"><span class=\"property-name\"><strong>SZTYCA<\/strong> <\/span><span class=\"ng-star-inserted\">Carbon 27,2 mm 350 mm<\/span><\/li>\n<li class=\"ng-star-inserted\"><span class=\"property-name\"><strong>SIOD\u0141O<\/strong> <\/span><span class=\"ng-star-inserted\">Selle Italia X-base<\/span><\/li>\n<li class=\"ng-star-inserted\"><span class=\"property-name\"><strong>OBR\u0118CZE<\/strong> <\/span><span class=\"ng-star-inserted\">Aluminiowe dwukomorowe<\/span><\/li>\n<li class=\"ng-star-inserted\"><span class=\"property-name\"><strong>WAGA<\/strong> <\/span><span class=\"ng-star-inserted\">12,9 kg<\/span><\/li>\n<\/ul>\n","protected":false},"excerpt":{"rendered":"<p class=\"product__data__name second-font bold\" data-qa-product_name=\"Rower elektryczny ROMET GAZELA RM 2023\">ROMET Monsun SLX Carbon<\/p>\n","protected":false},"featured_media":239,"comment_status":"open","ping_status":"closed","template":"","meta":[],"product_brand":[],"product_cat":[48,26,23],"product_tag":[33,46,47],"class_list":{"0":"post-237","1":"product","2":"type-product","3":"status-publish","4":"has-post-thumbnail","6":"product_cat-mtb","7":"product_cat-rowery-2","8":"product_cat-rowery","9":"product_tag-e-bike","10":"product_tag-elektryczny","11":"product_tag-elektryk","12":"product_shipping_class-rower","14":"first","15":"instock","16":"sale","17":"shipping-taxable","18":"purchasable","19":"product-type-variable"},"_links":{"self":[{"href":"https:\/\/bicycool.pl\/index.php?rest_route=\/wp\/v2\/product\/237","targetHints":{"allow":["GET"]}}],"collection":[{"href":"https:\/\/bicycool.pl\/index.php?rest_route=\/wp\/v2\/product"}],"about":[{"href":"https:\/\/bicycool.pl\/index.php?rest_route=\/wp\/v2\/types\/product"}],"replies":[{"embeddable":true,"href":"https:\/\/bicycool.pl\/index.php?rest_route=%2Fwp%2Fv2%2Fcomments&post=237"}],"wp:featuredmedia":[{"embeddable":true,"href":"https:\/\/bicycool.pl\/index.php?rest_route=\/wp\/v2\/media\/239"}],"wp:attachment":[{"href":"https:\/\/bicycool.pl\/index.php?rest_route=%2Fwp%2Fv2%2Fmedia&parent=237"}],"wp:term":[{"taxonomy":"product_brand","embeddable":true,"href":"https:\/\/bicycool.pl\/index.php?rest_route=%2Fwp%2Fv2%2Fproduct_brand&post=237"},{"taxonomy":"product_cat","embeddable":true,"href":"https:\/\/bicycool.pl\/index.php?rest_route=%2Fwp%2Fv2%2Fproduct_cat&post=237"},{"taxonomy":"product_tag","embeddable":true,"href":"https:\/\/bicycool.pl\/index.php?rest_route=%2Fwp%2Fv2%2Fproduct_tag&post=237"}],"curies":[{"name":"wp","href":"https:\/\/api.w.org\/{rel}","templated":true}]}}