{"id":2378,"date":"2024-12-11T14:30:35","date_gmt":"2024-12-11T13:30:35","guid":{"rendered":"https:\/\/bicycool.pl\/?post_type=product&#038;p=2378"},"modified":"2026-01-28T10:34:44","modified_gmt":"2026-01-28T09:34:44","slug":"woom-3","status":"publish","type":"product","link":"https:\/\/bicycool.pl\/?product=woom-3","title":{"rendered":"Woom GO 3"},"content":{"rendered":"<h1 class=\"product_title entry-title font-size-50 mb-2\">Woom 3<\/h1>\n<h2><strong>Rower:<\/strong> 16\u2033<\/h2>\n<h2><strong>Waga:<\/strong> 5,4 kg<\/h2>\n<h2><strong>Wiek:<\/strong> 4 &#8211; 6 lat<\/h2>\n<h2><strong>Wzrost:<\/strong>\u00a0 105 &#8211; 120 cm<\/h2>\n<h3><\/h3>\n<h3>Woom 3<br \/>\nTrudno si\u0119 zatrzyma\u0107, gdy jazda sprawia tyle rado\u015bci!<br \/>\nWoom 3 to rower, kt\u00f3ry wspiera maluchy w nauce jazdy i rozwijaniu ich umiej\u0119tno\u015bci. Dzieci szybko opanowuj\u0105 utrzymywanie r\u00f3wnowagi i mog\u0105 z \u0142atwo\u015bci\u0105 schodzi\u0107 z roweru bez potykania si\u0119. Dzi\u0119ki wygodnej, prostej pozycji jazdy, maluchy czuj\u0105 si\u0119 pewnie, nie chwiejaj\u0105c si\u0119 na boki, i maj\u0105 pe\u0142n\u0105 kontrol\u0119 nad otoczeniem. Z rowerem Woom 3 mi\u0142o\u015b\u0107 do jazdy na dw\u00f3ch ko\u0142ach rozkwita na nowo!<\/h3>\n<p>&nbsp;<\/p>\n","protected":false},"excerpt":{"rendered":"<p>Woom 3 Rower: 16\u2033 Waga: 5,4 kg Wiek: 4 &#8211; 6 lat Wzrost:\u00a0 105 &#8211; 120 cm Woom 3 Trudno si\u0119 zatrzyma\u0107, gdy jazda sprawia tyle rado\u015bci! Woom 3 to rower, kt\u00f3ry wspiera maluchy w nauce jazdy i rozwijaniu ich umiej\u0119tno\u015bci. Dzieci szybko opanowuj\u0105 utrzymywanie r\u00f3wnowagi i mog\u0105 z \u0142atwo\u015bci\u0105 schodzi\u0107 z roweru bez potykania&hellip;<\/p>\n","protected":false},"featured_media":2384,"comment_status":"open","ping_status":"closed","template":"","meta":[],"product_brand":[],"product_cat":[26,42,23],"product_tag":[],"class_list":{"0":"post-2378","1":"product","2":"type-product","3":"status-publish","4":"has-post-thumbnail","6":"product_cat-rowery-2","7":"product_cat-kids","8":"product_cat-rowery","9":"product_shipping_class-rower","11":"first","12":"instock","13":"shipping-taxable","14":"purchasable","15":"product-type-variable"},"_links":{"self":[{"href":"https:\/\/bicycool.pl\/index.php?rest_route=\/wp\/v2\/product\/2378","targetHints":{"allow":["GET"]}}],"collection":[{"href":"https:\/\/bicycool.pl\/index.php?rest_route=\/wp\/v2\/product"}],"about":[{"href":"https:\/\/bicycool.pl\/index.php?rest_route=\/wp\/v2\/types\/product"}],"replies":[{"embeddable":true,"href":"https:\/\/bicycool.pl\/index.php?rest_route=%2Fwp%2Fv2%2Fcomments&post=2378"}],"wp:featuredmedia":[{"embeddable":true,"href":"https:\/\/bicycool.pl\/index.php?rest_route=\/wp\/v2\/media\/2384"}],"wp:attachment":[{"href":"https:\/\/bicycool.pl\/index.php?rest_route=%2Fwp%2Fv2%2Fmedia&parent=2378"}],"wp:term":[{"taxonomy":"product_brand","embeddable":true,"href":"https:\/\/bicycool.pl\/index.php?rest_route=%2Fwp%2Fv2%2Fproduct_brand&post=2378"},{"taxonomy":"product_cat","embeddable":true,"href":"https:\/\/bicycool.pl\/index.php?rest_route=%2Fwp%2Fv2%2Fproduct_cat&post=2378"},{"taxonomy":"product_tag","embeddable":true,"href":"https:\/\/bicycool.pl\/index.php?rest_route=%2Fwp%2Fv2%2Fproduct_tag&post=2378"}],"curies":[{"name":"wp","href":"https:\/\/api.w.org\/{rel}","templated":true}]}}