{"id":2389,"date":"2024-12-11T14:36:22","date_gmt":"2024-12-11T13:36:22","guid":{"rendered":"https:\/\/bicycool.pl\/?post_type=product&#038;p=2389"},"modified":"2025-12-17T11:32:33","modified_gmt":"2025-12-17T10:32:33","slug":"woom-4","status":"publish","type":"product","link":"https:\/\/bicycool.pl\/?product=woom-4","title":{"rendered":"Woom 4"},"content":{"rendered":"<h1 class=\"product_title entry-title font-size-50 mb-2\">Woom 4<\/h1>\n<h2><strong>Rower:<\/strong> 20\u2033<\/h2>\n<h2><strong>Waga:<\/strong> 7,7 kg<\/h2>\n<h2><strong>Wiek:<\/strong> 6 &#8211; 8 lat<\/h2>\n<h2><strong>Wzrost:<\/strong>\u00a0 115 &#8211; 130 cm<\/h2>\n<p>&nbsp;<\/p>\n<h3>Woom 4<br \/>\nZwi\u0119ksz tempo przygody!<br \/>\nWoom 4 to rower, kt\u00f3ry otwiera drzwi do dynamicznej jazdy i nowych wyzwa\u0144! Dzi\u0119ki siedmiu biegom, dzieci ucz\u0105 si\u0119 obs\u0142ugi przerzutki i zyskuj\u0105 wi\u0119ksz\u0105 swobod\u0119 na r\u00f3\u017cnorodnym terenie. Niezale\u017cnie od tego, czy ruszaj\u0105 do lasu, czy zdobywaj\u0105 wzniesienia, rower Woom 4 pozwala na odkrywanie nowych miejsc poza dobrze znanym horyzontem \u2013 gotowi na d\u0142ug\u0105 wycieczk\u0119?<\/h3>\n<p>&nbsp;<\/p>\n","protected":false},"excerpt":{"rendered":"<p>Woom 4 Rower: 20\u2033 Waga: 7,7 kg Wiek: 6 &#8211; 8 lat Wzrost:\u00a0 115 &#8211; 130 cm &nbsp; Woom 4 Zwi\u0119ksz tempo przygody! Woom 4 to rower, kt\u00f3ry otwiera drzwi do dynamicznej jazdy i nowych wyzwa\u0144! Dzi\u0119ki siedmiu biegom, dzieci ucz\u0105 si\u0119 obs\u0142ugi przerzutki i zyskuj\u0105 wi\u0119ksz\u0105 swobod\u0119 na r\u00f3\u017cnorodnym terenie. Niezale\u017cnie od tego, czy&hellip;<\/p>\n","protected":false},"featured_media":2395,"comment_status":"open","ping_status":"closed","template":"","meta":[],"product_brand":[],"product_cat":[26,42,23],"product_tag":[],"class_list":{"0":"post-2389","1":"product","2":"type-product","3":"status-publish","4":"has-post-thumbnail","6":"product_cat-rowery-2","7":"product_cat-kids","8":"product_cat-rowery","9":"product_shipping_class-rower","11":"first","12":"instock","13":"sale","14":"shipping-taxable","15":"purchasable","16":"product-type-variable"},"_links":{"self":[{"href":"https:\/\/bicycool.pl\/index.php?rest_route=\/wp\/v2\/product\/2389","targetHints":{"allow":["GET"]}}],"collection":[{"href":"https:\/\/bicycool.pl\/index.php?rest_route=\/wp\/v2\/product"}],"about":[{"href":"https:\/\/bicycool.pl\/index.php?rest_route=\/wp\/v2\/types\/product"}],"replies":[{"embeddable":true,"href":"https:\/\/bicycool.pl\/index.php?rest_route=%2Fwp%2Fv2%2Fcomments&post=2389"}],"wp:featuredmedia":[{"embeddable":true,"href":"https:\/\/bicycool.pl\/index.php?rest_route=\/wp\/v2\/media\/2395"}],"wp:attachment":[{"href":"https:\/\/bicycool.pl\/index.php?rest_route=%2Fwp%2Fv2%2Fmedia&parent=2389"}],"wp:term":[{"taxonomy":"product_brand","embeddable":true,"href":"https:\/\/bicycool.pl\/index.php?rest_route=%2Fwp%2Fv2%2Fproduct_brand&post=2389"},{"taxonomy":"product_cat","embeddable":true,"href":"https:\/\/bicycool.pl\/index.php?rest_route=%2Fwp%2Fv2%2Fproduct_cat&post=2389"},{"taxonomy":"product_tag","embeddable":true,"href":"https:\/\/bicycool.pl\/index.php?rest_route=%2Fwp%2Fv2%2Fproduct_tag&post=2389"}],"curies":[{"name":"wp","href":"https:\/\/api.w.org\/{rel}","templated":true}]}}