{"id":2425,"date":"2024-12-11T14:57:42","date_gmt":"2024-12-11T13:57:42","guid":{"rendered":"https:\/\/bicycool.pl\/?post_type=product&#038;p=2425"},"modified":"2024-12-11T17:28:14","modified_gmt":"2024-12-11T16:28:14","slug":"woom-6","status":"publish","type":"product","link":"https:\/\/bicycool.pl\/?product=woom-6","title":{"rendered":"Woom 6"},"content":{"rendered":"<h1 class=\"product_title entry-title font-size-50 mb-2\">Woom 6<\/h1>\n<h2><strong>Rower:<\/strong> 26\u2033<\/h2>\n<h2><strong>Waga:<\/strong> 9,5 kg<\/h2>\n<h2><strong>Wiek:<\/strong> 10 &#8211; 14 lat<\/h2>\n<h2><strong>Wzrost:<\/strong>\u00a0 140 &#8211; 165 cm<\/h2>\n<p>&nbsp;<\/p>\n<h3>Woom 6<br \/>\nGotowy na przygod\u0119?<br \/>\nWoom 6 to lekki rower stworzony z my\u015bl\u0105 o nastolatkach. Idealnie sprawdza si\u0119 zar\u00f3wno w roli codziennego \u015brodka transportu, jak i pojazdu do odkrywania nowych miejsc. Dzi\u0119ki wysokiej jako\u015bci komponentom, Woom 6 inspiruje m\u0142odych odkrywc\u00f3w, mi\u0142o\u015bnik\u00f3w przyrody i architektury do wyruszenia na coraz dalsze trasy, \u0142\u0105cz\u0105c funkcjonalno\u015b\u0107 z rado\u015bci\u0105 z jazdy.<\/h3>\n<h2><\/h2>\n","protected":false},"excerpt":{"rendered":"<p>Woom 6 Rower: 26\u2033 Waga: 9,5 kg Wiek: 10 &#8211; 14 lat Wzrost:\u00a0 140 &#8211; 165 cm &nbsp; Woom 6 Gotowy na przygod\u0119? Woom 6 to lekki rower stworzony z my\u015bl\u0105 o nastolatkach. Idealnie sprawdza si\u0119 zar\u00f3wno w roli codziennego \u015brodka transportu, jak i pojazdu do odkrywania nowych miejsc. Dzi\u0119ki wysokiej jako\u015bci komponentom, Woom 6&hellip;<\/p>\n","protected":false},"featured_media":2431,"comment_status":"open","ping_status":"closed","template":"","meta":[],"product_brand":[],"product_cat":[26,42,23],"product_tag":[],"class_list":{"0":"post-2425","1":"product","2":"type-product","3":"status-publish","4":"has-post-thumbnail","6":"product_cat-rowery-2","7":"product_cat-kids","8":"product_cat-rowery","9":"product_shipping_class-rower","11":"first","12":"onbackorder","13":"shipping-taxable","14":"purchasable","15":"product-type-variable"},"_links":{"self":[{"href":"https:\/\/bicycool.pl\/index.php?rest_route=\/wp\/v2\/product\/2425","targetHints":{"allow":["GET"]}}],"collection":[{"href":"https:\/\/bicycool.pl\/index.php?rest_route=\/wp\/v2\/product"}],"about":[{"href":"https:\/\/bicycool.pl\/index.php?rest_route=\/wp\/v2\/types\/product"}],"replies":[{"embeddable":true,"href":"https:\/\/bicycool.pl\/index.php?rest_route=%2Fwp%2Fv2%2Fcomments&post=2425"}],"wp:featuredmedia":[{"embeddable":true,"href":"https:\/\/bicycool.pl\/index.php?rest_route=\/wp\/v2\/media\/2431"}],"wp:attachment":[{"href":"https:\/\/bicycool.pl\/index.php?rest_route=%2Fwp%2Fv2%2Fmedia&parent=2425"}],"wp:term":[{"taxonomy":"product_brand","embeddable":true,"href":"https:\/\/bicycool.pl\/index.php?rest_route=%2Fwp%2Fv2%2Fproduct_brand&post=2425"},{"taxonomy":"product_cat","embeddable":true,"href":"https:\/\/bicycool.pl\/index.php?rest_route=%2Fwp%2Fv2%2Fproduct_cat&post=2425"},{"taxonomy":"product_tag","embeddable":true,"href":"https:\/\/bicycool.pl\/index.php?rest_route=%2Fwp%2Fv2%2Fproduct_tag&post=2425"}],"curies":[{"name":"wp","href":"https:\/\/api.w.org\/{rel}","templated":true}]}}