{"id":2456,"date":"2024-12-11T15:26:10","date_gmt":"2024-12-11T14:26:10","guid":{"rendered":"https:\/\/bicycool.pl\/?post_type=product&#038;p=2456"},"modified":"2024-12-11T17:23:08","modified_gmt":"2024-12-11T16:23:08","slug":"woom-explore-6","status":"publish","type":"product","link":"https:\/\/bicycool.pl\/?product=woom-explore-6","title":{"rendered":"Woom EXPLORE 6"},"content":{"rendered":"<h1 class=\"product_title entry-title font-size-50 mb-2\">Woom EXPLORE 6<\/h1>\n<h2><strong>Rower:<\/strong> 26\u2033<\/h2>\n<h2><strong>Waga:<\/strong> 9,5 kg<\/h2>\n<h2><strong>Wiek:<\/strong> 10 &#8211; 14 lat<\/h2>\n<h2><strong>Wzrost:<\/strong>\u00a0 140 &#8211; 165 cm<\/h2>\n<p>&nbsp;<\/p>\n<h3>Woom EXPLORE 6<br \/>\nRower dla ma\u0142ego odkrywcy z ko\u0142ami 26\u201c<br \/>\nSuperlekki i wszechstronny rower dzieci\u0119cy z ko\u0142ami 26\u201c dla rowerzyst\u00f3w od dziesi\u0105tego roku \u017cycia. Wyposa\u017cony w hamulce tarczowe, 8 bieg\u00f3w oraz terenowe opony, idealnie sprawdzi si\u0119 na ka\u017cdej trasie, zapewniaj\u0105c komfort i rado\u015b\u0107 z jazdy w ka\u017cdych warunkach. Gotowy na nowe przygody!<\/h3>\n<p>&nbsp;<\/p>\n","protected":false},"excerpt":{"rendered":"<p>Woom EXPLORE 6 Rower: 26\u2033 Waga: 9,5 kg Wiek: 10 &#8211; 14 lat Wzrost:\u00a0 140 &#8211; 165 cm &nbsp; Woom EXPLORE 6 Rower dla ma\u0142ego odkrywcy z ko\u0142ami 26\u201c Superlekki i wszechstronny rower dzieci\u0119cy z ko\u0142ami 26\u201c dla rowerzyst\u00f3w od dziesi\u0105tego roku \u017cycia. Wyposa\u017cony w hamulce tarczowe, 8 bieg\u00f3w oraz terenowe opony, idealnie sprawdzi si\u0119&hellip;<\/p>\n","protected":false},"featured_media":2461,"comment_status":"open","ping_status":"closed","template":"","meta":[],"product_brand":[],"product_cat":[26,42,23],"product_tag":[],"class_list":{"0":"post-2456","1":"product","2":"type-product","3":"status-publish","4":"has-post-thumbnail","6":"product_cat-rowery-2","7":"product_cat-kids","8":"product_cat-rowery","9":"product_shipping_class-rower","11":"first","12":"onbackorder","13":"shipping-taxable","14":"purchasable","15":"product-type-variable"},"_links":{"self":[{"href":"https:\/\/bicycool.pl\/index.php?rest_route=\/wp\/v2\/product\/2456","targetHints":{"allow":["GET"]}}],"collection":[{"href":"https:\/\/bicycool.pl\/index.php?rest_route=\/wp\/v2\/product"}],"about":[{"href":"https:\/\/bicycool.pl\/index.php?rest_route=\/wp\/v2\/types\/product"}],"replies":[{"embeddable":true,"href":"https:\/\/bicycool.pl\/index.php?rest_route=%2Fwp%2Fv2%2Fcomments&post=2456"}],"wp:featuredmedia":[{"embeddable":true,"href":"https:\/\/bicycool.pl\/index.php?rest_route=\/wp\/v2\/media\/2461"}],"wp:attachment":[{"href":"https:\/\/bicycool.pl\/index.php?rest_route=%2Fwp%2Fv2%2Fmedia&parent=2456"}],"wp:term":[{"taxonomy":"product_brand","embeddable":true,"href":"https:\/\/bicycool.pl\/index.php?rest_route=%2Fwp%2Fv2%2Fproduct_brand&post=2456"},{"taxonomy":"product_cat","embeddable":true,"href":"https:\/\/bicycool.pl\/index.php?rest_route=%2Fwp%2Fv2%2Fproduct_cat&post=2456"},{"taxonomy":"product_tag","embeddable":true,"href":"https:\/\/bicycool.pl\/index.php?rest_route=%2Fwp%2Fv2%2Fproduct_tag&post=2456"}],"curies":[{"name":"wp","href":"https:\/\/api.w.org\/{rel}","templated":true}]}}