{"id":2474,"date":"2024-12-11T15:36:42","date_gmt":"2024-12-11T14:36:42","guid":{"rendered":"https:\/\/bicycool.pl\/?post_type=product&#038;p=2474"},"modified":"2024-12-11T17:19:11","modified_gmt":"2024-12-11T16:19:11","slug":"woom-off-5","status":"publish","type":"product","link":"https:\/\/bicycool.pl\/?product=woom-off-5","title":{"rendered":"Woom OFF 5"},"content":{"rendered":"<h1 class=\"product_title entry-title font-size-50 mb-2\">Woom OFF 5<\/h1>\n<h2><strong>Rower:<\/strong> 24\u2033<\/h2>\n<h2><strong>Waga:<\/strong> 9,1 kg<\/h2>\n<h2><strong>Wiek:<\/strong> 7 &#8211; 11 lat<\/h2>\n<h2><strong>Wzrost:<\/strong>\u00a0 128 &#8211; 145 cm<\/h2>\n<p>&nbsp;<\/p>\n<h3>Woom OFF 5<br \/>\nZ \u0142atwo\u015bci\u0105 na szczyt, z pe\u0142n\u0105 kontrol\u0105 na zje\u017adzie!<br \/>\nWoom OFF 5 to solidny rower g\u00f3rski, stworzony z my\u015bl\u0105 o dzieciach od si\u00f3dmego roku \u017cycia. Dzi\u0119ki lekkiej konstrukcji, dzieci mog\u0105 pokonywa\u0107 podjazdy bez trudu. A na zjazdach hydrauliczne hamulce tarczowe, ergonomiczne d\u017awignie i wygodne chwyty zapewniaj\u0105 pewne i komfortowe hamowanie, eliminuj\u0105c zm\u0119czenie i gwarantuj\u0105c pe\u0142n\u0105 kontrol\u0119 w ka\u017cdej chwili. Idealny do przyg\u00f3d w terenie!<\/h3>\n<h2><\/h2>\n","protected":false},"excerpt":{"rendered":"<p>Woom OFF 5 Rower: 24\u2033 Waga: 9,1 kg Wiek: 7 &#8211; 11 lat Wzrost:\u00a0 128 &#8211; 145 cm &nbsp; Woom OFF 5 Z \u0142atwo\u015bci\u0105 na szczyt, z pe\u0142n\u0105 kontrol\u0105 na zje\u017adzie! Woom OFF 5 to solidny rower g\u00f3rski, stworzony z my\u015bl\u0105 o dzieciach od si\u00f3dmego roku \u017cycia. Dzi\u0119ki lekkiej konstrukcji, dzieci mog\u0105 pokonywa\u0107 podjazdy bez&hellip;<\/p>\n","protected":false},"featured_media":2477,"comment_status":"open","ping_status":"closed","template":"","meta":[],"product_brand":[],"product_cat":[26,42,23],"product_tag":[],"class_list":{"0":"post-2474","1":"product","2":"type-product","3":"status-publish","4":"has-post-thumbnail","6":"product_cat-rowery-2","7":"product_cat-kids","8":"product_cat-rowery","9":"product_shipping_class-rower","11":"first","12":"outofstock","13":"shipping-taxable","14":"purchasable","15":"product-type-variable"},"_links":{"self":[{"href":"https:\/\/bicycool.pl\/index.php?rest_route=\/wp\/v2\/product\/2474","targetHints":{"allow":["GET"]}}],"collection":[{"href":"https:\/\/bicycool.pl\/index.php?rest_route=\/wp\/v2\/product"}],"about":[{"href":"https:\/\/bicycool.pl\/index.php?rest_route=\/wp\/v2\/types\/product"}],"replies":[{"embeddable":true,"href":"https:\/\/bicycool.pl\/index.php?rest_route=%2Fwp%2Fv2%2Fcomments&post=2474"}],"wp:featuredmedia":[{"embeddable":true,"href":"https:\/\/bicycool.pl\/index.php?rest_route=\/wp\/v2\/media\/2477"}],"wp:attachment":[{"href":"https:\/\/bicycool.pl\/index.php?rest_route=%2Fwp%2Fv2%2Fmedia&parent=2474"}],"wp:term":[{"taxonomy":"product_brand","embeddable":true,"href":"https:\/\/bicycool.pl\/index.php?rest_route=%2Fwp%2Fv2%2Fproduct_brand&post=2474"},{"taxonomy":"product_cat","embeddable":true,"href":"https:\/\/bicycool.pl\/index.php?rest_route=%2Fwp%2Fv2%2Fproduct_cat&post=2474"},{"taxonomy":"product_tag","embeddable":true,"href":"https:\/\/bicycool.pl\/index.php?rest_route=%2Fwp%2Fv2%2Fproduct_tag&post=2474"}],"curies":[{"name":"wp","href":"https:\/\/api.w.org\/{rel}","templated":true}]}}