{"id":2495,"date":"2024-12-11T16:19:28","date_gmt":"2024-12-11T15:19:28","guid":{"rendered":"https:\/\/bicycool.pl\/?post_type=product&#038;p=2495"},"modified":"2025-06-22T22:32:42","modified_gmt":"2025-06-22T20:32:42","slug":"woom-off-6-air","status":"publish","type":"product","link":"https:\/\/bicycool.pl\/?product=woom-off-6-air","title":{"rendered":"Woom OFF 6 AIR"},"content":{"rendered":"<h1 class=\"product_title entry-title font-size-50 mb-2\">Woom OFF 6 AIR<\/h1>\n<h2><strong>Rower:<\/strong> 26\u2033<\/h2>\n<h2><strong>Waga:<\/strong> 11,2 kg<\/h2>\n<h2><strong>Wiek:<\/strong> 10 &#8211; 14 lat<\/h2>\n<h2><strong>Wzrost:<\/strong> 140 \u2013 165 cm<\/h2>\n<h3>Woom OFF AIR 6<br \/>\nZostaw codzienno\u015b\u0107 za sob\u0105 i ruszaj w teren!<br \/>\nNowy Woom OFF AIR 6 to wyj\u0105tkowo lekki i wytrzyma\u0142y rower g\u00f3rski, stworzony z my\u015bl\u0105 o dzieciach od dziesi\u0105tego roku \u017cycia. Idealny na ka\u017cdy szlak, gwarantuje maksymaln\u0105 frajd\u0119 z jazdy dzi\u0119ki amortyzowanemu widelcowi, niezawodnym hamulcom tarczowym, p\u0142ynnie dzia\u0142aj\u0105cej przerzutce i ca\u0142orocznym, przyczepnym oponom. Gotowy na nowe przygody?<\/h3>\n<h2><\/h2>\n","protected":false},"excerpt":{"rendered":"<p>Woom OFF 6 AIR Rower: 26\u2033 Waga: 11,2 kg Wiek: 10 &#8211; 14 lat Wzrost: 140 \u2013 165 cm Woom OFF AIR 6 Zostaw codzienno\u015b\u0107 za sob\u0105 i ruszaj w teren! Nowy Woom OFF AIR 6 to wyj\u0105tkowo lekki i wytrzyma\u0142y rower g\u00f3rski, stworzony z my\u015bl\u0105 o dzieciach od dziesi\u0105tego roku \u017cycia. Idealny na ka\u017cdy&hellip;<\/p>\n","protected":false},"featured_media":2498,"comment_status":"open","ping_status":"closed","template":"","meta":[],"product_brand":[],"product_cat":[26,42,23],"product_tag":[],"class_list":{"0":"post-2495","1":"product","2":"type-product","3":"status-publish","4":"has-post-thumbnail","6":"product_cat-rowery-2","7":"product_cat-kids","8":"product_cat-rowery","9":"product_shipping_class-rower","11":"first","12":"outofstock","13":"shipping-taxable","14":"purchasable","15":"product-type-variable"},"_links":{"self":[{"href":"https:\/\/bicycool.pl\/index.php?rest_route=\/wp\/v2\/product\/2495","targetHints":{"allow":["GET"]}}],"collection":[{"href":"https:\/\/bicycool.pl\/index.php?rest_route=\/wp\/v2\/product"}],"about":[{"href":"https:\/\/bicycool.pl\/index.php?rest_route=\/wp\/v2\/types\/product"}],"replies":[{"embeddable":true,"href":"https:\/\/bicycool.pl\/index.php?rest_route=%2Fwp%2Fv2%2Fcomments&post=2495"}],"wp:featuredmedia":[{"embeddable":true,"href":"https:\/\/bicycool.pl\/index.php?rest_route=\/wp\/v2\/media\/2498"}],"wp:attachment":[{"href":"https:\/\/bicycool.pl\/index.php?rest_route=%2Fwp%2Fv2%2Fmedia&parent=2495"}],"wp:term":[{"taxonomy":"product_brand","embeddable":true,"href":"https:\/\/bicycool.pl\/index.php?rest_route=%2Fwp%2Fv2%2Fproduct_brand&post=2495"},{"taxonomy":"product_cat","embeddable":true,"href":"https:\/\/bicycool.pl\/index.php?rest_route=%2Fwp%2Fv2%2Fproduct_cat&post=2495"},{"taxonomy":"product_tag","embeddable":true,"href":"https:\/\/bicycool.pl\/index.php?rest_route=%2Fwp%2Fv2%2Fproduct_tag&post=2495"}],"curies":[{"name":"wp","href":"https:\/\/api.w.org\/{rel}","templated":true}]}}