{"id":2505,"date":"2024-12-11T16:34:41","date_gmt":"2024-12-11T15:34:41","guid":{"rendered":"https:\/\/bicycool.pl\/?post_type=product&#038;p=2505"},"modified":"2024-12-11T17:08:12","modified_gmt":"2024-12-11T16:08:12","slug":"woom-now-5","status":"publish","type":"product","link":"https:\/\/bicycool.pl\/?product=woom-now-5","title":{"rendered":"Woom NOW 5"},"content":{"rendered":"<h1 class=\"product_title entry-title font-size-50 mb-2\">Woom NOW 5<\/h1>\n<h2><strong>Rower:<\/strong> Rozmiar: 20\u2033 prz\u00f3d, 24\u2033 ty\u0142<\/h2>\n<h2><strong>Waga:<\/strong> 11,8kg<\/h2>\n<h2><strong>Wiek:<\/strong> 7 &#8211; 11 lat<\/h2>\n<h2><strong>Wzrost:<\/strong>\u00a0 125 &#8211; 147 cm<\/h2>\n<p>&nbsp;<\/p>\n<h3>Woom NOW 5 \u2013 rower, kt\u00f3ry zach\u0119ca do jazdy ka\u017cdego dnia! Ten wszechstronny i stylowy model miejski, zaprojektowany dla dzieci od si\u00f3dmego roku \u017cycia, \u0142\u0105czy nowoczesny design z praktycznymi rozwi\u0105zaniami. Wyposa\u017cony w przedni baga\u017cnik i ram\u0119 o unikalnej geometrii (20-calowe ko\u0142o z przodu i 24-calowe z ty\u0142u), zapewnia komfort, stabilno\u015b\u0107 i swobod\u0119 podczas poruszania si\u0119 po miejskich ulicach. Idealny towarzysz codziennych podr\u00f3\u017cy!<\/h3>\n<p>&nbsp;<\/p>\n","protected":false},"excerpt":{"rendered":"<p>Woom NOW 5 Rower: Rozmiar: 20\u2033 prz\u00f3d, 24\u2033 ty\u0142 Waga: 11,8kg Wiek: 7 &#8211; 11 lat Wzrost:\u00a0 125 &#8211; 147 cm &nbsp; Woom NOW 5 \u2013 rower, kt\u00f3ry zach\u0119ca do jazdy ka\u017cdego dnia! Ten wszechstronny i stylowy model miejski, zaprojektowany dla dzieci od si\u00f3dmego roku \u017cycia, \u0142\u0105czy nowoczesny design z praktycznymi rozwi\u0105zaniami. Wyposa\u017cony w przedni&hellip;<\/p>\n","protected":false},"featured_media":2508,"comment_status":"open","ping_status":"closed","template":"","meta":[],"product_brand":[],"product_cat":[26,42,23],"product_tag":[],"class_list":{"0":"post-2505","1":"product","2":"type-product","3":"status-publish","4":"has-post-thumbnail","6":"product_cat-rowery-2","7":"product_cat-kids","8":"product_cat-rowery","9":"product_shipping_class-rower","11":"first","12":"onbackorder","13":"shipping-taxable","14":"purchasable","15":"product-type-variable"},"_links":{"self":[{"href":"https:\/\/bicycool.pl\/index.php?rest_route=\/wp\/v2\/product\/2505","targetHints":{"allow":["GET"]}}],"collection":[{"href":"https:\/\/bicycool.pl\/index.php?rest_route=\/wp\/v2\/product"}],"about":[{"href":"https:\/\/bicycool.pl\/index.php?rest_route=\/wp\/v2\/types\/product"}],"replies":[{"embeddable":true,"href":"https:\/\/bicycool.pl\/index.php?rest_route=%2Fwp%2Fv2%2Fcomments&post=2505"}],"wp:featuredmedia":[{"embeddable":true,"href":"https:\/\/bicycool.pl\/index.php?rest_route=\/wp\/v2\/media\/2508"}],"wp:attachment":[{"href":"https:\/\/bicycool.pl\/index.php?rest_route=%2Fwp%2Fv2%2Fmedia&parent=2505"}],"wp:term":[{"taxonomy":"product_brand","embeddable":true,"href":"https:\/\/bicycool.pl\/index.php?rest_route=%2Fwp%2Fv2%2Fproduct_brand&post=2505"},{"taxonomy":"product_cat","embeddable":true,"href":"https:\/\/bicycool.pl\/index.php?rest_route=%2Fwp%2Fv2%2Fproduct_cat&post=2505"},{"taxonomy":"product_tag","embeddable":true,"href":"https:\/\/bicycool.pl\/index.php?rest_route=%2Fwp%2Fv2%2Fproduct_tag&post=2505"}],"curies":[{"name":"wp","href":"https:\/\/api.w.org\/{rel}","templated":true}]}}