{"id":2509,"date":"2024-12-11T16:38:16","date_gmt":"2024-12-11T15:38:16","guid":{"rendered":"https:\/\/bicycool.pl\/?post_type=product&#038;p=2509"},"modified":"2024-12-11T17:06:21","modified_gmt":"2024-12-11T16:06:21","slug":"woom-now-4","status":"publish","type":"product","link":"https:\/\/bicycool.pl\/?product=woom-now-4","title":{"rendered":"Woom NOW 4"},"content":{"rendered":"<h1 class=\"product_title entry-title font-size-50 mb-2\">Woom NOW 4<\/h1>\n<h2><strong>Rower:<\/strong> Rozmiar: 16\u2033 prz\u00f3d, 20\u2033 ty\u0142<\/h2>\n<h2><strong>Waga:<\/strong> 10,5kg<\/h2>\n<h2><strong>Wiek:<\/strong> 6 &#8211; 8 lat<\/h2>\n<h2><strong>Wzrost:<\/strong>\u00a0 118 &#8211; 131 cm<\/h2>\n<p>&nbsp;<\/p>\n<h3>Woom NOW 4 to \u015bwietna motywacja, by z energi\u0105 rozpocz\u0105\u0107 nowy tydzie\u0144! Ten wyj\u0105tkowy rower miejski, stworzony dla dzieci od sz\u00f3stego roku \u017cycia, \u0142\u0105czy styl z funkcjonalno\u015bci\u0105. Wyposa\u017cony w przedni baga\u017cnik i ram\u0119 o nowatorskiej geometrii (przednie ko\u0142o 16 cali, tylne 20 cali), oferuje wygod\u0119, praktyczno\u015b\u0107 i \u015bwietny wygl\u0105d \u2013 idealny do codziennych przyg\u00f3d w miejskiej d\u017cungli.<\/h3>\n<p>&nbsp;<\/p>\n","protected":false},"excerpt":{"rendered":"<p>Woom NOW 4 Rower: Rozmiar: 16\u2033 prz\u00f3d, 20\u2033 ty\u0142 Waga: 10,5kg Wiek: 6 &#8211; 8 lat Wzrost:\u00a0 118 &#8211; 131 cm &nbsp; Woom NOW 4 to \u015bwietna motywacja, by z energi\u0105 rozpocz\u0105\u0107 nowy tydzie\u0144! Ten wyj\u0105tkowy rower miejski, stworzony dla dzieci od sz\u00f3stego roku \u017cycia, \u0142\u0105czy styl z funkcjonalno\u015bci\u0105. Wyposa\u017cony w przedni baga\u017cnik i ram\u0119&hellip;<\/p>\n","protected":false},"featured_media":2511,"comment_status":"open","ping_status":"closed","template":"","meta":[],"product_brand":[],"product_cat":[26,42,23],"product_tag":[],"class_list":{"0":"post-2509","1":"product","2":"type-product","3":"status-publish","4":"has-post-thumbnail","6":"product_cat-rowery-2","7":"product_cat-kids","8":"product_cat-rowery","9":"product_shipping_class-rower","11":"first","12":"onbackorder","13":"shipping-taxable","14":"purchasable","15":"product-type-variable"},"_links":{"self":[{"href":"https:\/\/bicycool.pl\/index.php?rest_route=\/wp\/v2\/product\/2509","targetHints":{"allow":["GET"]}}],"collection":[{"href":"https:\/\/bicycool.pl\/index.php?rest_route=\/wp\/v2\/product"}],"about":[{"href":"https:\/\/bicycool.pl\/index.php?rest_route=\/wp\/v2\/types\/product"}],"replies":[{"embeddable":true,"href":"https:\/\/bicycool.pl\/index.php?rest_route=%2Fwp%2Fv2%2Fcomments&post=2509"}],"wp:featuredmedia":[{"embeddable":true,"href":"https:\/\/bicycool.pl\/index.php?rest_route=\/wp\/v2\/media\/2511"}],"wp:attachment":[{"href":"https:\/\/bicycool.pl\/index.php?rest_route=%2Fwp%2Fv2%2Fmedia&parent=2509"}],"wp:term":[{"taxonomy":"product_brand","embeddable":true,"href":"https:\/\/bicycool.pl\/index.php?rest_route=%2Fwp%2Fv2%2Fproduct_brand&post=2509"},{"taxonomy":"product_cat","embeddable":true,"href":"https:\/\/bicycool.pl\/index.php?rest_route=%2Fwp%2Fv2%2Fproduct_cat&post=2509"},{"taxonomy":"product_tag","embeddable":true,"href":"https:\/\/bicycool.pl\/index.php?rest_route=%2Fwp%2Fv2%2Fproduct_tag&post=2509"}],"curies":[{"name":"wp","href":"https:\/\/api.w.org\/{rel}","templated":true}]}}