{"id":2517,"date":"2024-12-11T16:45:05","date_gmt":"2024-12-11T15:45:05","guid":{"rendered":"https:\/\/bicycool.pl\/?post_type=product&#038;p=2517"},"modified":"2024-12-11T17:01:45","modified_gmt":"2024-12-11T16:01:45","slug":"woom-up-5","status":"publish","type":"product","link":"https:\/\/bicycool.pl\/?product=woom-up-5","title":{"rendered":"Woom UP 5"},"content":{"rendered":"<h1>Woom UP 5<\/h1>\n<h2><strong>Rower:<\/strong> 24\u2033<\/h2>\n<h2><strong>Waga:<\/strong> 15,88 kg<\/h2>\n<h2><strong>Wiek:<\/strong> 7 &#8211; 11 lat<\/h2>\n<h2><strong>Wzrost:<\/strong>\u00a0 128 &#8211; 145 cm<\/h2>\n<div><\/div>\n<h3>Ultralekki i dynamiczny woom UP 5 to elektryczny rower g\u00f3rski zaprojektowany specjalnie dla dzieci od si\u00f3dmego roku \u017cycia. Dzi\u0119ki subtelnemu wspomaganiu elektrycznemu i komponentom idealnie dopasowanym do potrzeb m\u0142odych rowerzyst\u00f3w zapewnia p\u0142ynno\u015b\u0107 jazdy i niezapomniane emocje. Czy to na podjazdach, czy na malowniczych \u015bcie\u017ckach \u2013 z Woom UP liczy si\u0119 podr\u00f3\u017c i rado\u015b\u0107 odkrywania!<\/h3>\n<p>&nbsp;<\/p>\n","protected":false},"excerpt":{"rendered":"<p>Woom UP 5 Rower: 24\u2033 Waga: 15,88 kg Wiek: 7 &#8211; 11 lat Wzrost:\u00a0 128 &#8211; 145 cm Ultralekki i dynamiczny woom UP 5 to elektryczny rower g\u00f3rski zaprojektowany specjalnie dla dzieci od si\u00f3dmego roku \u017cycia. Dzi\u0119ki subtelnemu wspomaganiu elektrycznemu i komponentom idealnie dopasowanym do potrzeb m\u0142odych rowerzyst\u00f3w zapewnia p\u0142ynno\u015b\u0107 jazdy i niezapomniane emocje. Czy&hellip;<\/p>\n","protected":false},"featured_media":2515,"comment_status":"open","ping_status":"closed","template":"","meta":[],"product_brand":[],"product_cat":[26,42,23],"product_tag":[],"class_list":{"0":"post-2517","1":"product","2":"type-product","3":"status-publish","4":"has-post-thumbnail","6":"product_cat-rowery-2","7":"product_cat-kids","8":"product_cat-rowery","9":"product_shipping_class-rower","11":"first","12":"outofstock","13":"shipping-taxable","14":"purchasable","15":"product-type-variable"},"_links":{"self":[{"href":"https:\/\/bicycool.pl\/index.php?rest_route=\/wp\/v2\/product\/2517","targetHints":{"allow":["GET"]}}],"collection":[{"href":"https:\/\/bicycool.pl\/index.php?rest_route=\/wp\/v2\/product"}],"about":[{"href":"https:\/\/bicycool.pl\/index.php?rest_route=\/wp\/v2\/types\/product"}],"replies":[{"embeddable":true,"href":"https:\/\/bicycool.pl\/index.php?rest_route=%2Fwp%2Fv2%2Fcomments&post=2517"}],"wp:featuredmedia":[{"embeddable":true,"href":"https:\/\/bicycool.pl\/index.php?rest_route=\/wp\/v2\/media\/2515"}],"wp:attachment":[{"href":"https:\/\/bicycool.pl\/index.php?rest_route=%2Fwp%2Fv2%2Fmedia&parent=2517"}],"wp:term":[{"taxonomy":"product_brand","embeddable":true,"href":"https:\/\/bicycool.pl\/index.php?rest_route=%2Fwp%2Fv2%2Fproduct_brand&post=2517"},{"taxonomy":"product_cat","embeddable":true,"href":"https:\/\/bicycool.pl\/index.php?rest_route=%2Fwp%2Fv2%2Fproduct_cat&post=2517"},{"taxonomy":"product_tag","embeddable":true,"href":"https:\/\/bicycool.pl\/index.php?rest_route=%2Fwp%2Fv2%2Fproduct_tag&post=2517"}],"curies":[{"name":"wp","href":"https:\/\/api.w.org\/{rel}","templated":true}]}}