{"id":263,"date":"2023-11-17T15:45:04","date_gmt":"2023-11-17T14:45:04","guid":{"rendered":"https:\/\/bicycool.pl\/?post_type=product&#038;p=263"},"modified":"2023-11-17T16:57:49","modified_gmt":"2023-11-17T15:57:49","slug":"cayon-dr-xt-2x11","status":"publish","type":"product","link":"https:\/\/bicycool.pl\/?product=cayon-dr-xt-2x11","title":{"rendered":"CAYON DR\/XT 2&#215;11"},"content":{"rendered":"<h3>CAYON DR\/XT<\/h3>\n<p>Solidny i wytrzyma\u0142y rower MTB 29&#8243; do jazdy rekreacyjnej dla zaawansowanych\u00a0fan\u00f3w kolarstwa g\u00f3rskiego. Lekka hydroformowana rama aluminiowa o sportowej geometrii, g\u0142\u00f3wce\u00a0<strong>tapered<\/strong>, posiadaj\u0105ca system:\u00a0<strong>Cable Inside Frame<\/strong>. Wyposa\u017cony w\u00a0<strong>Hamulce<\/strong>\u00a0<strong>Tarczowe hydrauliczne Shimano BR MT201<\/strong>. Niezawodna pe\u0142na grupa nap\u0119dowa\u00a0<strong>Shimano Deore 2&#215;11<\/strong>\u00a0z tyln\u0105 przerzutk\u0105\u00a0<strong>Deore XT<\/strong>. Solidne, wytrzyma\u0142e ko\u0142a zbudowane na piastach\u00a0<b>Shimano HB<\/b><b>&#8211;<\/b><b>MT400<\/b>, wzmacnianych obr\u0119czach, szprychach<strong>\u00a0Sapim Leader<\/strong>\u00a0i oponach\u00a0<strong>Schwalbe Smart Sam<\/strong>\u00a0gwarantuj\u0105 du\u017c\u0105 wytrzyma\u0142o\u015b\u0107 i bezpieczn\u0105 jazd\u0119 w terenie. Powietrzny amortyzator\u00a0<strong>Suntour XCR RL-32 AIR 100mm<\/strong>\u00a0z regulacj\u0105 t\u0142umienia i manetk\u0105 blokady skoku z kierownicy, zapewni optymalne t\u0142umienie drga\u0144 i wstrz\u0105s\u00f3w na g\u00f3rskich trasach.<\/p>\n<p><strong>Specyfikacja:<\/strong><\/p>\n<ul>\n<li><strong>Rozmiar Ko\u0142a<\/strong> 29&#8243;<\/li>\n<li><strong>Ilo\u015b\u0107 Bieg\u00f3w<\/strong> 22<\/li>\n<li><strong>Rama<\/strong> Aluminium 6061 Hydroformowana ,Tapered<\/li>\n<li><strong>Widelec<\/strong> SR Suntour: XCR 32 RLR-Air 29 100mm 15QLC<\/li>\n<li><strong>Przerzutka<\/strong> Tylna Shimano XT RD-M8000SGS<\/li>\n<li><strong>Przerzutka<\/strong> Przednia Shimano Deore FD-M5100MM4 2-Speed<\/li>\n<li><strong>Manetki<\/strong> Shimano Deore SL-M5100<\/li>\n<li><strong>Korba<\/strong> Shimano Deore FC-M51002 36x26T 175mm HOLLOWTECH II<\/li>\n<li><strong>Hamulce<\/strong> Shimano BR- MT201,Hydraulika 160 Mm<\/li>\n<li><strong>\u0141a\u0144cuch<\/strong> Shimano Deore CN-HG6011<\/li>\n<li><strong>Kaseta<\/strong> Shimano Deore CS-M51001 &#8211; 11rz (11-42)<\/li>\n<li><strong>Piasty<\/strong> Shimano HB-MT400 F-R 32H QR\/Przednia 15-E-THRU<\/li>\n<li><strong>Obr\u0119cze<\/strong> Northtec Wzmacniane 622&#215;22<\/li>\n<li><strong>Szprychy<\/strong> SAPIM Leader<\/li>\n<li><strong>Opony<\/strong> Schwalbe Smart Sam 29&#215;2.10<\/li>\n<li><strong>Siod\u0142o<\/strong> Northtec MTB Exclusive<\/li>\n<li><strong>Kierownica<\/strong> UNO 31,8 700mm<\/li>\n<li><strong>Mostek<\/strong> UNO 70\/90\/100mm<\/li>\n<li><strong>Sztyca<\/strong> UNO 31,6 400mm<\/li>\n<li><strong>Waga<\/strong> 13,9 Kg<\/li>\n<\/ul>\n","protected":false},"excerpt":{"rendered":"<p>CAYON DR\/XT 2&#215;11<\/p>\n","protected":false},"featured_media":265,"comment_status":"open","ping_status":"closed","template":"","meta":[],"product_brand":[],"product_cat":[48,26,23],"product_tag":[56,49,55,57,52],"class_list":{"0":"post-263","1":"product","2":"type-product","3":"status-publish","4":"has-post-thumbnail","6":"product_cat-mtb","7":"product_cat-rowery-2","8":"product_cat-rowery","9":"product_tag-deore","10":"product_tag-mtb","11":"product_tag-northtec","12":"product_tag-shimano-xt","13":"product_tag-suntour","14":"product_shipping_class-rower","16":"first","17":"instock","18":"shipping-taxable","19":"purchasable","20":"product-type-variable"},"_links":{"self":[{"href":"https:\/\/bicycool.pl\/index.php?rest_route=\/wp\/v2\/product\/263","targetHints":{"allow":["GET"]}}],"collection":[{"href":"https:\/\/bicycool.pl\/index.php?rest_route=\/wp\/v2\/product"}],"about":[{"href":"https:\/\/bicycool.pl\/index.php?rest_route=\/wp\/v2\/types\/product"}],"replies":[{"embeddable":true,"href":"https:\/\/bicycool.pl\/index.php?rest_route=%2Fwp%2Fv2%2Fcomments&post=263"}],"wp:featuredmedia":[{"embeddable":true,"href":"https:\/\/bicycool.pl\/index.php?rest_route=\/wp\/v2\/media\/265"}],"wp:attachment":[{"href":"https:\/\/bicycool.pl\/index.php?rest_route=%2Fwp%2Fv2%2Fmedia&parent=263"}],"wp:term":[{"taxonomy":"product_brand","embeddable":true,"href":"https:\/\/bicycool.pl\/index.php?rest_route=%2Fwp%2Fv2%2Fproduct_brand&post=263"},{"taxonomy":"product_cat","embeddable":true,"href":"https:\/\/bicycool.pl\/index.php?rest_route=%2Fwp%2Fv2%2Fproduct_cat&post=263"},{"taxonomy":"product_tag","embeddable":true,"href":"https:\/\/bicycool.pl\/index.php?rest_route=%2Fwp%2Fv2%2Fproduct_tag&post=263"}],"curies":[{"name":"wp","href":"https:\/\/api.w.org\/{rel}","templated":true}]}}