{"id":277,"date":"2023-11-17T16:20:28","date_gmt":"2023-11-17T15:20:28","guid":{"rendered":"https:\/\/bicycool.pl\/?post_type=product&#038;p=277"},"modified":"2023-11-17T16:56:12","modified_gmt":"2023-11-17T15:56:12","slug":"kellys-cliff-70","status":"publish","type":"product","link":"https:\/\/bicycool.pl\/?product=kellys-cliff-70","title":{"rendered":"Kellys CLIFF 70"},"content":{"rendered":"<h3>Kellys CLIFF 70<\/h3>\n<ul>\n<li>\n<div class=\"spec__title\"><strong>RAMA<\/strong> KELLYS Crosslite<\/div>\n<\/li>\n<li>\n<div class=\"spec__title\"><strong>WIDELEC<\/strong> SR SUNTOUR NEX HLO DS, 63 mm, spr\u0119\u017cyna \/ Speed Lockout<\/div>\n<\/li>\n<li>\n<div class=\"spec__title\"><strong>KORBY<\/strong> SHIMANO TY301 (48x38x28T) &#8211; d\u0142ugo\u015b\u0107 170 mm (S), 175 mm (M &#8211; XL)<\/div>\n<\/li>\n<li>\n<div class=\"spec__title\"><strong>PRZERZUTKA TY\u0141<\/strong> SHIMANO TX800 (direct mount)<\/div>\n<\/li>\n<li>\n<div class=\"spec__title\"><strong>PRZERZUTKA PRZ\u00d3D<\/strong> SHIMANO TY710 (31.8 mm)<\/div>\n<\/li>\n<li>\n<div class=\"spec__title\"><strong>MANETKI<\/strong> SHIMANO ST-EF500-8 EZ-fire Plus<\/div>\n<\/li>\n<li>\n<div class=\"spec__title\"><strong>ILO\u015a\u0106 BIEG\u00d3W<\/strong> 24<\/div>\n<\/li>\n<li>\n<div class=\"spec__title\"><strong>KASETA SHIMANO<\/strong> CS-HG200-8 (12-32T)<\/div>\n<\/li>\n<li>\n<div class=\"spec__title\"><strong>\u0141A\u0143CUCH<\/strong> KMC Z8 (114 links)<\/div>\n<\/li>\n<li>\n<div class=\"spec__title\"><strong>HAMULCE<\/strong> Mechanical Disc<\/div>\n<\/li>\n<li>\n<div class=\"spec__title\"><strong>D\u017bWIGNIE HAMULCOWE<\/strong> SHIMANO ST-EF500-8 EZ-fire Plus<\/div>\n<\/li>\n<li>\n<div class=\"spec__title\"><strong>TARCZE HAMULCOWE<\/strong> 160 mm front \/ 160 mm rear<\/div>\n<\/li>\n<li>\n<div class=\"spec__title\"><strong>PIASTY<\/strong> KLS Firework Disc<\/div>\n<\/li>\n<li>\n<div class=\"spec__title\"><strong>OBR\u0118CZE<\/strong> KLS Draft Disc 622&#215;21<\/div>\n<\/li>\n<li>\n<div class=\"spec__title\"><strong>SZPRYCHY<\/strong> stainless steel<\/div>\n<\/li>\n<li>\n<div class=\"spec__title\"><strong>OPONY<\/strong> INNOVA 44-622 (700x42C)<\/div>\n<\/li>\n<li>\n<div class=\"spec__title\"><strong>STERY<\/strong>\u00a0semi-integrated<\/div>\n<\/li>\n<li>\n<div class=\"spec__title\"><strong>SUPORT<\/strong> cartridge (122 mm)<\/div>\n<\/li>\n<li>\n<div class=\"spec__title\"><strong>WSPORNIK KIEROWNICY<\/strong> KLS CRX<\/div>\n<\/li>\n<li>\n<div class=\"spec__title\"><strong>KIEROWNICA<\/strong> KLS CRX<\/div>\n<\/li>\n<li>\n<div class=\"spec__title\"><strong>CHWYTY<\/strong> KLS Token 2Density<\/div>\n<\/li>\n<li>\n<div class=\"spec__title\"><strong>SZTYCA<\/strong> KALLOY &#8211; diam 27.2 mm \/ length 350 mm<\/div>\n<\/li>\n<li>\n<div class=\"spec__title\"><strong>SIOD\u0141O<\/strong> KLS CrossLine<\/div>\n<\/li>\n<li>\n<div class=\"spec__title\"><strong>PEDA\u0141Y<\/strong> plastic<\/div>\n<\/li>\n<\/ul>\n","protected":false},"excerpt":{"rendered":"<p>Kellys CLIFF 70<\/p>\n<p>Rozmiar S &#8211; 155cm-170cm wzrostu<\/p>\n<p>Rozmiar M &#8211; 165cm &#8211; 180cm wzrostu<\/p>\n<p>Rozmiar L &#8211; 175cm-190cm wzrostu<\/p>\n","protected":false},"featured_media":275,"comment_status":"open","ping_status":"closed","template":"","meta":[],"product_brand":[],"product_cat":[60,26,23],"product_tag":[61,62,63],"class_list":{"0":"post-277","1":"product","2":"type-product","3":"status-publish","4":"has-post-thumbnail","6":"product_cat-crossowe","7":"product_cat-rowery-2","8":"product_cat-rowery","9":"product_tag-cross","10":"product_tag-crossowy","11":"product_tag-kellys","12":"product_shipping_class-rower","14":"first","15":"instock","16":"shipping-taxable","17":"purchasable","18":"product-type-variable"},"_links":{"self":[{"href":"https:\/\/bicycool.pl\/index.php?rest_route=\/wp\/v2\/product\/277","targetHints":{"allow":["GET"]}}],"collection":[{"href":"https:\/\/bicycool.pl\/index.php?rest_route=\/wp\/v2\/product"}],"about":[{"href":"https:\/\/bicycool.pl\/index.php?rest_route=\/wp\/v2\/types\/product"}],"replies":[{"embeddable":true,"href":"https:\/\/bicycool.pl\/index.php?rest_route=%2Fwp%2Fv2%2Fcomments&post=277"}],"wp:featuredmedia":[{"embeddable":true,"href":"https:\/\/bicycool.pl\/index.php?rest_route=\/wp\/v2\/media\/275"}],"wp:attachment":[{"href":"https:\/\/bicycool.pl\/index.php?rest_route=%2Fwp%2Fv2%2Fmedia&parent=277"}],"wp:term":[{"taxonomy":"product_brand","embeddable":true,"href":"https:\/\/bicycool.pl\/index.php?rest_route=%2Fwp%2Fv2%2Fproduct_brand&post=277"},{"taxonomy":"product_cat","embeddable":true,"href":"https:\/\/bicycool.pl\/index.php?rest_route=%2Fwp%2Fv2%2Fproduct_cat&post=277"},{"taxonomy":"product_tag","embeddable":true,"href":"https:\/\/bicycool.pl\/index.php?rest_route=%2Fwp%2Fv2%2Fproduct_tag&post=277"}],"curies":[{"name":"wp","href":"https:\/\/api.w.org\/{rel}","templated":true}]}}