{"id":2777,"date":"2024-12-12T16:08:04","date_gmt":"2024-12-12T15:08:04","guid":{"rendered":"https:\/\/bicycool.pl\/?post_type=product&#038;p=2777"},"modified":"2024-12-12T16:11:35","modified_gmt":"2024-12-12T15:11:35","slug":"butelka-bidon-glug-z-uchwytem","status":"publish","type":"product","link":"https:\/\/bicycool.pl\/?product=butelka-bidon-glug-z-uchwytem","title":{"rendered":"Butelka \/ Bidon GLUG z uchwytem"},"content":{"rendered":"<h1><strong>Butelka GLUG z uchwytem<\/strong><\/h1>\n<p><strong>Cechy produktu:<\/strong><\/p>\n<ul>\n<li>Wysokiej jako\u015bci stal nierdzewna, neutralna pod wzgl\u0119dem zapachu i smaku<\/li>\n<li>Szczelne zamkni\u0119cie<\/li>\n<li>Pojemno\u015b\u0107: 0,5 litra<\/li>\n<li>Waga: 145 g<\/li>\n<li>Mo\u017cliwo\u015b\u0107 mycia w zmywarce (do 65\u00b0C)<\/li>\n<li>W zestawie uchwyt i dwie \u015bruby monta\u017cowe<\/li>\n<li><strong>Kompatybilna z ka\u017cdym rowerem woom (z wyj\u0105tkiem woom 1 i woom 1 PLUS)<\/strong><\/li>\n<li><strong>Monta\u017c na rowerze woom 2 mo\u017cliwy tylko bez b\u0142otnik\u00f3w<\/strong><\/li>\n<\/ul>\n<h3>Czysto\u015b\u0107 wewn\u0105trz, po\u0142ysk na zewn\u0105trz! Poznaj butelk\u0119 GLUG \u2013 wykonan\u0105 z najwy\u017cszej jako\u015bci stali nierdzewnej, wolnej od toksyn. Ka\u017cda butelka woom GLUG zosta\u0142a zaprojektowana z my\u015bl\u0105 o najm\u0142odszych rowerzystach. Dzi\u0119ki specjalnemu uchwytowi zapewnia \u0142atwy dost\u0119p oraz wygodny boczny system wsuwania butelki. Orze\u017awienie gwarantowane! Pojemno\u015b\u0107 500 ml sprawia, \u017ce butelka \u015bwietnie sprawdzi si\u0119 podczas d\u0142ugich przeja\u017cd\u017cek. Gul, gul, Glug!<\/h3>\n<h3>Zadbaj o wygod\u0119 i jako\u015b\u0107 ka\u017cdej rowerowej przygody z butelk\u0105 GLUG! \ud83d\udeb4\u200d\u2642\ufe0f<\/h3>\n","protected":false},"excerpt":{"rendered":"<p>Butelka GLUG z uchwytem Cechy produktu: Wysokiej jako\u015bci stal nierdzewna, neutralna pod wzgl\u0119dem zapachu i smaku Szczelne zamkni\u0119cie Pojemno\u015b\u0107: 0,5 litra Waga: 145 g Mo\u017cliwo\u015b\u0107 mycia w zmywarce (do 65\u00b0C) W zestawie uchwyt i dwie \u015bruby monta\u017cowe Kompatybilna z ka\u017cdym rowerem woom (z wyj\u0105tkiem woom 1 i woom 1 PLUS) Monta\u017c na rowerze woom 2&hellip;<\/p>\n","protected":false},"featured_media":2778,"comment_status":"open","ping_status":"closed","template":"","meta":[],"product_brand":[],"product_cat":[29,160],"product_tag":[],"class_list":{"0":"post-2777","1":"product","2":"type-product","3":"status-publish","4":"has-post-thumbnail","6":"product_cat-akcesoria","7":"product_cat-bidony","8":"product_shipping_class-mala-paczka","10":"first","11":"instock","12":"shipping-taxable","13":"purchasable","14":"product-type-simple"},"_links":{"self":[{"href":"https:\/\/bicycool.pl\/index.php?rest_route=\/wp\/v2\/product\/2777","targetHints":{"allow":["GET"]}}],"collection":[{"href":"https:\/\/bicycool.pl\/index.php?rest_route=\/wp\/v2\/product"}],"about":[{"href":"https:\/\/bicycool.pl\/index.php?rest_route=\/wp\/v2\/types\/product"}],"replies":[{"embeddable":true,"href":"https:\/\/bicycool.pl\/index.php?rest_route=%2Fwp%2Fv2%2Fcomments&post=2777"}],"wp:featuredmedia":[{"embeddable":true,"href":"https:\/\/bicycool.pl\/index.php?rest_route=\/wp\/v2\/media\/2778"}],"wp:attachment":[{"href":"https:\/\/bicycool.pl\/index.php?rest_route=%2Fwp%2Fv2%2Fmedia&parent=2777"}],"wp:term":[{"taxonomy":"product_brand","embeddable":true,"href":"https:\/\/bicycool.pl\/index.php?rest_route=%2Fwp%2Fv2%2Fproduct_brand&post=2777"},{"taxonomy":"product_cat","embeddable":true,"href":"https:\/\/bicycool.pl\/index.php?rest_route=%2Fwp%2Fv2%2Fproduct_cat&post=2777"},{"taxonomy":"product_tag","embeddable":true,"href":"https:\/\/bicycool.pl\/index.php?rest_route=%2Fwp%2Fv2%2Fproduct_tag&post=2777"}],"curies":[{"name":"wp","href":"https:\/\/api.w.org\/{rel}","templated":true}]}}