{"id":2786,"date":"2024-12-12T16:32:15","date_gmt":"2024-12-12T15:32:15","guid":{"rendered":"https:\/\/bicycool.pl\/?post_type=product&#038;p=2786"},"modified":"2025-12-16T11:53:02","modified_gmt":"2025-12-16T10:53:02","slug":"blotniki-snap-click-on","status":"publish","type":"product","link":"https:\/\/bicycool.pl\/?product=blotniki-snap-click-on","title":{"rendered":"B\u0142otniki SNAP Click-On"},"content":{"rendered":"<h1>B\u0142otniki SNAP Click-On<\/h1>\n<h2><strong>Ochrona przed b\u0142otem i wod\u0105 w wielkim stylu<\/strong><\/h2>\n<h4>Ka\u0142u\u017ce? Niech stan\u0105 si\u0119 cz\u0119\u015bci\u0105 zabawy! Dzi\u0119ki b\u0142otnikom woom SNAP Click-On m\u0142odzi rowerzy\u015bci mog\u0105 cieszy\u0107 si\u0119 pe\u0142n\u0105 pr\u0119dko\u015bci\u0105, a ich kolarska styl\u00f3wka pozostanie nienaruszona. Te nowoczesne b\u0142otniki skutecznie chroni\u0105 przed b\u0142otem i wod\u0105, zapewniaj\u0105c komfort ka\u017cdej przeja\u017cd\u017cki.<\/h4>\n<h4><strong>Cechy produktu:<\/strong><\/h4>\n<ul>\n<li>Wykonane z trwa\u0142ego, czarnego matowego tworzywa<\/li>\n<li>Wyposa\u017cone w solidne metalowe wsporniki<\/li>\n<li>Szybki i prosty monta\u017c dzi\u0119ki systemowi Click-On<\/li>\n<li>Idealnie dopasowane, dobrze przylegaj\u0105 do opony, zapewniaj\u0105c maksymaln\u0105 ochron\u0119 przed rozpryskami<\/li>\n<\/ul>\n<h4><strong>Kompatybilno\u015b\u0107:<\/strong><\/h4>\n<ul>\n<li>Pasuj\u0105 do rower\u00f3w woom EXPLORE oraz ORIGINAL wyprodukowanych od 2021 roku<\/li>\n<\/ul>\n<h4><\/h4>\n","protected":false},"excerpt":{"rendered":"<p>B\u0142otniki SNAP Click-On Ochrona przed b\u0142otem i wod\u0105 w wielkim stylu Ka\u0142u\u017ce? Niech stan\u0105 si\u0119 cz\u0119\u015bci\u0105 zabawy! Dzi\u0119ki b\u0142otnikom woom SNAP Click-On m\u0142odzi rowerzy\u015bci mog\u0105 cieszy\u0107 si\u0119 pe\u0142n\u0105 pr\u0119dko\u015bci\u0105, a ich kolarska styl\u00f3wka pozostanie nienaruszona. Te nowoczesne b\u0142otniki skutecznie chroni\u0105 przed b\u0142otem i wod\u0105, zapewniaj\u0105c komfort ka\u017cdej przeja\u017cd\u017cki. Cechy produktu: Wykonane z trwa\u0142ego, czarnego matowego&hellip;<\/p>\n","protected":false},"featured_media":2791,"comment_status":"open","ping_status":"closed","template":"","meta":[],"product_brand":[],"product_cat":[29,221],"product_tag":[],"class_list":{"0":"post-2786","1":"product","2":"type-product","3":"status-publish","4":"has-post-thumbnail","6":"product_cat-akcesoria","7":"product_cat-blotniki","8":"product_shipping_class-mala-paczka","10":"first","11":"instock","12":"shipping-taxable","13":"purchasable","14":"product-type-variable"},"_links":{"self":[{"href":"https:\/\/bicycool.pl\/index.php?rest_route=\/wp\/v2\/product\/2786","targetHints":{"allow":["GET"]}}],"collection":[{"href":"https:\/\/bicycool.pl\/index.php?rest_route=\/wp\/v2\/product"}],"about":[{"href":"https:\/\/bicycool.pl\/index.php?rest_route=\/wp\/v2\/types\/product"}],"replies":[{"embeddable":true,"href":"https:\/\/bicycool.pl\/index.php?rest_route=%2Fwp%2Fv2%2Fcomments&post=2786"}],"wp:featuredmedia":[{"embeddable":true,"href":"https:\/\/bicycool.pl\/index.php?rest_route=\/wp\/v2\/media\/2791"}],"wp:attachment":[{"href":"https:\/\/bicycool.pl\/index.php?rest_route=%2Fwp%2Fv2%2Fmedia&parent=2786"}],"wp:term":[{"taxonomy":"product_brand","embeddable":true,"href":"https:\/\/bicycool.pl\/index.php?rest_route=%2Fwp%2Fv2%2Fproduct_brand&post=2786"},{"taxonomy":"product_cat","embeddable":true,"href":"https:\/\/bicycool.pl\/index.php?rest_route=%2Fwp%2Fv2%2Fproduct_cat&post=2786"},{"taxonomy":"product_tag","embeddable":true,"href":"https:\/\/bicycool.pl\/index.php?rest_route=%2Fwp%2Fv2%2Fproduct_tag&post=2786"}],"curies":[{"name":"wp","href":"https:\/\/api.w.org\/{rel}","templated":true}]}}