{"id":285,"date":"2023-11-17T16:40:44","date_gmt":"2023-11-17T15:40:44","guid":{"rendered":"https:\/\/bicycool.pl\/?post_type=product&#038;p=285"},"modified":"2024-12-03T16:57:21","modified_gmt":"2024-12-03T15:57:21","slug":"kellys-spider-50-black-29","status":"publish","type":"product","link":"https:\/\/bicycool.pl\/?product=kellys-spider-50-black-29","title":{"rendered":"Kellys Spider 50 Black 29&#8243;"},"content":{"rendered":"<h3>Kellys Spider 50 Black 29&#8243;<\/h3>\n<ul>\n<li>\n<div class=\"spec__title\"><strong>RAMA<\/strong> KELLYS Alutec RRC 29 &#8211; Race Ready Concept<\/div>\n<\/li>\n<li>\n<div class=\"spec__title\"><strong>WIDELEC<\/strong> SR SUNTOUR XCM HLO DS (29), 100 mm, coil \/ Speed Lockout<\/div>\n<\/li>\n<li>\n<div class=\"spec__title\"><strong>KORBY<\/strong> SHIMANO TY501 (42x34x24T) &#8211; length 175 mm<\/div>\n<\/li>\n<li>\n<div class=\"spec__title\"><strong>PRZERZUTKA TY\u0141<\/strong> SHIMANO Altus M310 (direct mount)<\/div>\n<\/li>\n<li>\n<div class=\"spec__title\"><strong>PRZERZUTKA PRZ\u00d3D<\/strong> SHIMANO TY600 (34.9 mm)<\/div>\n<\/li>\n<li>\n<div class=\"spec__title\"><strong>MANETKI<\/strong> SHIMANO SL-M315 Rapidfire Plus<\/div>\n<\/li>\n<li>\n<div class=\"spec__title\"><strong>ILO\u015a\u0106 BIEG\u00d3W<\/strong> 24<\/div>\n<\/li>\n<li>\n<div class=\"spec__title\"><strong>KASETA<\/strong> SHIMANO CS-HG200-8 (12-32T)<\/div>\n<\/li>\n<li>\n<div class=\"spec__title\"><strong>\u0141A\u0143CUCH<\/strong> KMC Z8 (110 links)<\/div>\n<\/li>\n<li>\n<div class=\"spec__title\"><strong>HAMULCE<\/strong> SHIMANO MT200 Hydraulic Disc<\/div>\n<\/li>\n<li>\n<div class=\"spec__title\"><strong>D\u017bWIGNIE<\/strong> HAMULCOWE SHIMANO BL-MT200<\/div>\n<\/li>\n<li>\n<div class=\"spec__title\"><strong>TARCZE<\/strong> HAMULCOWE 160 mm front \/ 160 mm rear<\/div>\n<\/li>\n<li>\n<div class=\"spec__title\"><strong>PIASTY<\/strong> SHIMANO TX505 Disc Center Lock (32 holes)<\/div>\n<\/li>\n<li>\n<div class=\"spec__title\"><strong>OBR\u0118CZE<\/strong> KLS Draft Disc 622&#215;21 (32 holes)<\/div>\n<\/li>\n<li>\n<div class=\"spec__title\"><strong>SZPRYCHY<\/strong> steel<\/div>\n<\/li>\n<li>\n<div class=\"spec__title\"><strong>OPONY<\/strong> IMPAC Ridgepac 54-622 (29&#215;2.10)<\/div>\n<\/li>\n<li>\n<div class=\"spec__title\"><strong>STERY<\/strong> semi-integrated<\/div>\n<\/li>\n<li>\n<div class=\"spec__title\"><strong>SUPORT<\/strong> cartridge (122 mm)<\/div>\n<\/li>\n<li>\n<div class=\"spec__title\"><strong>WSPORNIK KIEROWNICY<\/strong> KLS Active<\/div>\n<\/li>\n<li>\n<div class=\"spec__title\"><strong>KIEROWNICA<\/strong> KLS Active RiseBar<\/div>\n<\/li>\n<li>\n<div class=\"spec__title\"><strong>CHWYTY<\/strong> KLS Advancer<\/div>\n<\/li>\n<li>\n<div class=\"spec__title\"><strong>SZTYCA<\/strong> KLS Active &#8211; diam 30.9 mm \/ length 400 mm<\/div>\n<\/li>\n<li>\n<div class=\"spec__title\"><strong>SIOD\u0141O<\/strong> SELLE ROYAL Vivo<\/div>\n<\/li>\n<li>\n<div class=\"spec__title\"><strong>PEDA\u0141Y<\/strong> alloy<\/div>\n<\/li>\n<\/ul>\n","protected":false},"excerpt":{"rendered":"<p>Kellys Spider 50 Black 29&#8243;<\/p>\n<p>Rozmiar M \u2013 175cm-187cm wzrostu<\/p>\n<p>Rozmiar L \u2013 185cm-195cm wzrostu<\/p>\n<p>Rozmiar XL \u2013 191cm-200cm wzrostu<\/p>\n","protected":false},"featured_media":0,"comment_status":"open","ping_status":"closed","template":"","meta":[],"product_brand":[],"product_cat":[48,26,23],"product_tag":[63,49,52],"class_list":{"0":"post-285","1":"product","2":"type-product","3":"status-publish","5":"product_cat-mtb","6":"product_cat-rowery-2","7":"product_cat-rowery","8":"product_tag-kellys","9":"product_tag-mtb","10":"product_tag-suntour","11":"product_shipping_class-rower","13":"first","14":"instock","15":"shipping-taxable","16":"purchasable","17":"product-type-variable"},"_links":{"self":[{"href":"https:\/\/bicycool.pl\/index.php?rest_route=\/wp\/v2\/product\/285","targetHints":{"allow":["GET"]}}],"collection":[{"href":"https:\/\/bicycool.pl\/index.php?rest_route=\/wp\/v2\/product"}],"about":[{"href":"https:\/\/bicycool.pl\/index.php?rest_route=\/wp\/v2\/types\/product"}],"replies":[{"embeddable":true,"href":"https:\/\/bicycool.pl\/index.php?rest_route=%2Fwp%2Fv2%2Fcomments&post=285"}],"wp:attachment":[{"href":"https:\/\/bicycool.pl\/index.php?rest_route=%2Fwp%2Fv2%2Fmedia&parent=285"}],"wp:term":[{"taxonomy":"product_brand","embeddable":true,"href":"https:\/\/bicycool.pl\/index.php?rest_route=%2Fwp%2Fv2%2Fproduct_brand&post=285"},{"taxonomy":"product_cat","embeddable":true,"href":"https:\/\/bicycool.pl\/index.php?rest_route=%2Fwp%2Fv2%2Fproduct_cat&post=285"},{"taxonomy":"product_tag","embeddable":true,"href":"https:\/\/bicycool.pl\/index.php?rest_route=%2Fwp%2Fv2%2Fproduct_tag&post=285"}],"curies":[{"name":"wp","href":"https:\/\/api.w.org\/{rel}","templated":true}]}}