{"id":313,"date":"2023-11-18T11:20:35","date_gmt":"2023-11-18T10:20:35","guid":{"rendered":"https:\/\/bicycool.pl\/?post_type=product&#038;p=313"},"modified":"2024-03-28T13:36:36","modified_gmt":"2024-03-28T12:36:36","slug":"romet-jolene-6-0","status":"publish","type":"product","link":"https:\/\/bicycool.pl\/?product=romet-jolene-6-0","title":{"rendered":"Romet Jolene 6.0"},"content":{"rendered":"<h3>Romet Jolene 6.0<\/h3>\n<p>Wygodny i dopasowany rower to ju\u017c po\u0142owa sukcesu. Drug\u0105 jest miejsce, w kt\u00f3rym je\u017adzimy. O to pierwsze zadbali\u015bmy projektuj\u0105c model Jolene specjalnie dla kobiet. O to drugie, musisz zadba\u0107 sama.<\/p>\n<p>W modelu Jolene uwzgl\u0119dnili\u015bmy budow\u0119 anatomiczn\u0105 kobiet. G\u00f3rn\u0105 rur\u0119 w modelu poprowadzili\u015bmy zdecydowanie w d\u00f3\u0142 co przek\u0142ada si\u0119 bezpo\u015brednio na \u0142atwo\u015b\u0107 wsiadania i zsiadania. Zaprojektowana i powsta\u0142a w Polsce konstrukcja zosta\u0142a wykonana ze stopu aluminium 6061, dzi\u0119ki czemu finalnie uzyskali\u015bmy lekki, sztywny i wyj\u0105tkowo odporny na uszkodzenia produkt.<\/p>\n<p>Je\u015bli od czasu do czasu lubisz zapu\u015bci\u0107 si\u0119 do lasu lub w lekki teren, to Jolene jest doskona\u0142ym wyborem, kt\u00f3ry wyr\u00f3\u017ania stosunek jako\u015bci do ceny. To pe\u0142noprawny rower g\u00f3rski, kt\u00f3ry wyposa\u017cyli\u015bmy w amortyzator przedni oraz nap\u0119d Shimano Tourney z 21 biegami. Jego obs\u0142uga jest wyj\u0105tkowo prosta dzi\u0119ki manetkom Revoshift, kt\u00f3re dzialaj\u0105 podobnie jak w motocyklu. Dope\u0142nieniem specyfikacji naszego damskiego modelu jest lekka i wytrzyma\u0142a, aluminiowa kierownica wraz z mostkiem sygnowamy logiem Romet. Model wyst\u0119puje w 3 rozmiarach i 2 wariantach kolorystycznych.<\/p>\n<p><strong>Specyfikacja:<\/strong><\/p>\n<ul class=\"properties-list\">\n<li class=\"ng-star-inserted\"><span class=\"property-name\"><strong>KO\u0141A, RAMA<\/strong> <\/span><span class=\"ng-star-inserted\">26 \/ aluminim 6061<\/span><\/li>\n<li class=\"ng-star-inserted\"><span class=\"property-name\"><strong>WIDELEC<\/strong> <\/span><span class=\"ng-star-inserted\">Amortyzowany<\/span><\/li>\n<li class=\"ng-star-inserted\"><span class=\"property-name\"><strong>PRZERZUTKA PRZ\u00d3D<\/strong> <\/span><span class=\"ng-star-inserted\">Falcon MF-31D<\/span><\/li>\n<li class=\"ng-star-inserted\"><span class=\"property-name\"><strong>PRZERZUTKA TY\u0141<\/strong> <\/span><span class=\"ng-star-inserted\">Shimano Tourney RD-TY300<\/span><\/li>\n<li class=\"ng-star-inserted\"><span class=\"property-name\"><strong>MANETKI PRZ\u00d3D<\/strong> <\/span><span class=\"ng-star-inserted\">Shimano Revoshift RS-35, 3s<\/span><\/li>\n<li class=\"ng-star-inserted\"><span class=\"property-name\"><strong>MANETKI TY\u0141<\/strong> <\/span><span class=\"ng-star-inserted\">Shimano Revoshift RS-35, 7s<\/span><\/li>\n<li class=\"ng-star-inserted\"><span class=\"property-name\"><strong>MECHANIZM KORBOWY<\/strong> <\/span><span class=\"ng-star-inserted\">Shimano FC-TY301, 42\/34\/24T, 170 mm<\/span><\/li>\n<li class=\"ng-star-inserted\"><strong><span class=\"property-name\">WOLNOBIEG<\/span><\/strong><span class=\"ng-star-inserted\">\u00a0(14-28), 7s<\/span><\/li>\n<li class=\"ng-star-inserted\"><span class=\"property-name\"><strong>NAP\u0118D<\/strong> <\/span><span class=\"ng-star-inserted\">21 bieg\u00f3w<\/span><\/li>\n<li class=\"ng-star-inserted\"><span class=\"property-name\"><strong>HAMULEC PRZ\u00d3D<\/strong> <\/span><span class=\"ng-star-inserted\">Aluminiowy<\/span><\/li>\n<li class=\"ng-star-inserted\"><span class=\"property-name\"><strong>HAMULEC TY\u0141<\/strong> <\/span><span class=\"ng-star-inserted\">Aluminiowy<\/span><\/li>\n<li class=\"ng-star-inserted\"><span class=\"property-name\"><strong>ROZMIAR KO\u0141A<\/strong> <\/span><span class=\"ng-star-inserted\">26<\/span><\/li>\n<li class=\"ng-star-inserted\"><span class=\"property-name\"><strong>OPONY<\/strong> <\/span><span class=\"ng-star-inserted\">26\u00d72,1<\/span><\/li>\n<li class=\"ng-star-inserted\"><span class=\"property-name\"><strong>PIASTA PRZ\u00d3D<\/strong> <\/span><span class=\"ng-star-inserted\">Stalowa<\/span><\/li>\n<li class=\"ng-star-inserted\"><span class=\"property-name\"><strong>PIASTA TY\u0141<\/strong> <\/span><span class=\"ng-star-inserted\">Stalowa<\/span><\/li>\n<li class=\"ng-star-inserted\"><span class=\"property-name\"><strong>KIEROWNICA<\/strong> <\/span><span class=\"ng-star-inserted\">Romet aluminiowa 600 mm<\/span><\/li>\n<li class=\"ng-star-inserted\"><span class=\"property-name\"><strong>MOSTEK KIEROWNICY<\/strong> <\/span><span class=\"ng-star-inserted\">Romet aluminiowy 60\/90 mm<\/span><\/li>\n<li class=\"ng-star-inserted\"><span class=\"property-name\"><strong>SZTYCA<\/strong> <\/span><span class=\"ng-star-inserted\">Stalowa 27,2 mm 300 mm<\/span><\/li>\n<li class=\"ng-star-inserted\"><span class=\"property-name\"><strong>SIOD\u0141O<\/strong> <\/span><span class=\"ng-star-inserted\">Vader<\/span><\/li>\n<li class=\"ng-star-inserted\"><span class=\"property-name\"><strong>PEDA\u0141Y<\/strong> <\/span><span class=\"ng-star-inserted\">FP-804<\/span><\/li>\n<li class=\"ng-star-inserted\"><span class=\"property-name\"><strong>OBR\u0118CZE<\/strong> <\/span><span class=\"ng-star-inserted\">Aluminiowe dwukomorowe<\/span><\/li>\n<li class=\"ng-star-inserted\"><span class=\"property-name\"><strong>WAGA<\/strong>\u00a0<\/span><span class=\"ng-star-inserted\">14,6 kg<\/span><\/li>\n<li class=\"ng-star-inserted\"><span class=\"property-name\"><strong>MATERIA\u0141<\/strong> RAMY <\/span><span class=\"ng-star-inserted\">aluminiowa<\/span><\/li>\n<li class=\"ng-star-inserted\"><span class=\"property-name\"><strong>WSPORNIK<\/strong> SIOD\u0141A <\/span><span class=\"ng-star-inserted\">stalowy<\/span><\/li>\n<\/ul>\n","protected":false},"excerpt":{"rendered":"<p>Romet Jolene 6.0<\/p>\n","protected":false},"featured_media":0,"comment_status":"open","ping_status":"closed","template":"","meta":[],"product_brand":[],"product_cat":[48,26,23],"product_tag":[49,53,52],"class_list":{"0":"post-313","1":"product","2":"type-product","3":"status-publish","5":"product_cat-mtb","6":"product_cat-rowery-2","7":"product_cat-rowery","8":"product_tag-mtb","9":"product_tag-rambler","10":"product_tag-suntour","11":"product_shipping_class-rower","13":"first","14":"instock","15":"shipping-taxable","16":"purchasable","17":"product-type-variable"},"_links":{"self":[{"href":"https:\/\/bicycool.pl\/index.php?rest_route=\/wp\/v2\/product\/313","targetHints":{"allow":["GET"]}}],"collection":[{"href":"https:\/\/bicycool.pl\/index.php?rest_route=\/wp\/v2\/product"}],"about":[{"href":"https:\/\/bicycool.pl\/index.php?rest_route=\/wp\/v2\/types\/product"}],"replies":[{"embeddable":true,"href":"https:\/\/bicycool.pl\/index.php?rest_route=%2Fwp%2Fv2%2Fcomments&post=313"}],"wp:attachment":[{"href":"https:\/\/bicycool.pl\/index.php?rest_route=%2Fwp%2Fv2%2Fmedia&parent=313"}],"wp:term":[{"taxonomy":"product_brand","embeddable":true,"href":"https:\/\/bicycool.pl\/index.php?rest_route=%2Fwp%2Fv2%2Fproduct_brand&post=313"},{"taxonomy":"product_cat","embeddable":true,"href":"https:\/\/bicycool.pl\/index.php?rest_route=%2Fwp%2Fv2%2Fproduct_cat&post=313"},{"taxonomy":"product_tag","embeddable":true,"href":"https:\/\/bicycool.pl\/index.php?rest_route=%2Fwp%2Fv2%2Fproduct_tag&post=313"}],"curies":[{"name":"wp","href":"https:\/\/api.w.org\/{rel}","templated":true}]}}